{"id":3973,"date":"2025-02-13T08:17:26","date_gmt":"2025-02-13T08:17:26","guid":{"rendered":"https:\/\/maxwind.easiwin.com\/product\/advance-mb-242-6-50x10nhs-7-50x15nhs-8-15x15nhs-industrial-and-mining-tire-2\/"},"modified":"2025-02-13T08:17:26","modified_gmt":"2025-02-13T08:17:26","slug":"advance-mb-242-6-50x10nhs-7-50x15nhs-8-15x15nhs-industrial-and-mining-tire-2","status":"publish","type":"product","link":"https:\/\/maxwindtyre.com\/ru\/product\/advance-mb-242-6-50x10nhs-7-50x15nhs-8-15x15nhs-industrial-and-mining-tire-2\/","title":{"rendered":"ADVANCE MB-242 6.50\u00d710NHS 7.50\u00d715NHS 8.15\u00d715NHS \u041f\u0440\u043e\u043c\u044b\u0448\u043b\u0435\u043d\u043d\u044b\u0435 \u0438 \u0433\u043e\u0440\u043d\u044b\u0435 \u0448\u0438\u043d\u044b"},"content":{"rendered":"<table id=\"tablepress-MB-242\" class=\"tablepress tablepress-id-MB-242\">\n<thead>\n<tr class=\"row-1\">\n\t<th class=\"column-1\">\u041f\u0410\u0422\u0422\u0415\u0420\u041d<\/th><th class=\"column-2\">\u0420\u0410\u0417\u041c\u0415\u0420<\/th><th class=\"column-3\">\u0420\u0418\u041c\u0421<\/th><th class=\"column-4\">\u0418\u0413\u0420\u041e\u041a<\/th><th class=\"column-5\">TT\/TL<\/th><th class=\"column-6\">\u041d\u0410\u0420\u0423\u0416\u041d\u042b\u0419 \u0414\u0418\u0410\u041c\u0415\u0422\u0420 (OD)<br \/>\n MM<\/th><th class=\"column-7\">\u0428\u0418\u0420\u0418\u041d\u0410 \u0421\u0415\u041a\u0426\u0418\u0418<br \/>\nMM<\/th>\n<\/tr>\n<\/thead>\n<tbody class=\"row-striping row-hover\">\n<tr class=\"row-2\">\n\t<td class=\"column-1\">MB-242<\/td><td class=\"column-2\">5.00\u00d78NHS<\/td><td class=\"column-3\">3.00D<\/td><td class=\"column-4\">8<\/td><td class=\"column-5\">TT<\/td><td class=\"column-6\">469<\/td><td class=\"column-7\">131<\/td>\n<\/tr>\n<tr class=\"row-3\">\n\t<td class=\"column-1\"><\/td><td class=\"column-2\"><\/td><td class=\"column-3\"><\/td><td class=\"column-4\">10<\/td><td class=\"column-5\">TT<\/td><td class=\"column-6\"><\/td><td class=\"column-7\"><\/td>\n<\/tr>\n<tr class=\"row-4\">\n\t<td class=\"column-1\"><\/td><td class=\"column-2\">6.00\u00d79NHS<\/td><td class=\"column-3\">4.00E<\/td><td class=\"column-4\">10<\/td><td class=\"column-5\">TT<\/td><td class=\"column-6\">545<\/td><td class=\"column-7\">160<\/td>\n<\/tr>\n<tr class=\"row-5\">\n\t<td class=\"column-1\"><\/td><td class=\"column-2\">6.50\u00d710NHS<\/td><td class=\"column-3\">5.00F<\/td><td class=\"column-4\">10<\/td><td class=\"column-5\">TT<\/td><td class=\"column-6\">597<\/td><td class=\"column-7\">178<\/td>\n<\/tr>\n<tr class=\"row-6\">\n\t<td class=\"column-1\"><\/td><td class=\"column-2\"><\/td><td class=\"column-3\"><\/td><td class=\"column-4\">12<\/td><td class=\"column-5\">TT<\/td><td class=\"column-6\"><\/td><td class=\"column-7\"><\/td>\n<\/tr>\n<tr class=\"row-7\">\n\t<td class=\"column-1\"><\/td><td class=\"column-2\">7.00\u00d712NHS<\/td><td class=\"column-3\">5.00S<\/td><td class=\"column-4\">12<\/td><td class=\"column-5\">TT<\/td><td class=\"column-6\">683<\/td><td class=\"column-7\">192<\/td>\n<\/tr>\n<tr class=\"row-8\">\n\t<td class=\"column-1\"><\/td><td class=\"column-2\"><\/td><td class=\"column-3\"><\/td><td class=\"column-4\">14<\/td><td class=\"column-5\">TT<\/td><td class=\"column-6\"><\/td><td class=\"column-7\"><\/td>\n<\/tr>\n<tr class=\"row-9\">\n\t<td class=\"column-1\"><\/td><td class=\"column-2\">7.00\u00d715NHS<\/td><td class=\"column-3\">5.5<\/td><td class=\"column-4\">12<\/td><td class=\"column-5\">TT<\/td><td class=\"column-6\">731<\/td><td class=\"column-7\">199<\/td>\n<\/tr>\n<tr class=\"row-10\">\n\t<td class=\"column-1\"><\/td><td class=\"column-2\"><\/td><td class=\"column-3\"><\/td><td class=\"column-4\">14<\/td><td class=\"column-5\">TT<\/td><td class=\"column-6\"><\/td><td class=\"column-7\"><\/td>\n<\/tr>\n<tr class=\"row-11\">\n\t<td class=\"column-1\"><\/td><td class=\"column-2\">7.50\u00d715NHS<\/td><td class=\"column-3\">6.0<\/td><td class=\"column-4\">12<\/td><td class=\"column-5\">TT<\/td><td class=\"column-6\">808<\/td><td class=\"column-7\">215<\/td>\n<\/tr>\n<tr class=\"row-12\">\n\t<td class=\"column-1\"><\/td><td class=\"column-2\"><\/td><td class=\"column-3\"><\/td><td class=\"column-4\">14<\/td><td class=\"column-5\">TT<\/td><td class=\"column-6\"><\/td><td class=\"column-7\"><\/td>\n<\/tr>\n<tr class=\"row-13\">\n\t<td class=\"column-1\"><\/td><td class=\"column-2\">8.15\u00d715NHS<\/td><td class=\"column-3\">7.0<\/td><td class=\"column-4\">12<\/td><td class=\"column-5\">TT<\/td><td class=\"column-6\">706<\/td><td class=\"column-7\">221<\/td>\n<\/tr>\n<tr class=\"row-14\">\n\t<td class=\"column-1\"><\/td><td class=\"column-2\"><\/td><td class=\"column-3\"><\/td><td class=\"column-4\">14<\/td><td class=\"column-5\">TT<\/td><td class=\"column-6\"><\/td><td class=\"column-7\"><\/td>\n<\/tr>\n<tr class=\"row-15\">\n\t<td class=\"column-1\"><\/td><td class=\"column-2\">8.25\u00d715NHS<\/td><td class=\"column-3\">6.5<\/td><td class=\"column-4\">12<\/td><td class=\"column-5\">TT<\/td><td class=\"column-6\">847<\/td><td class=\"column-7\">236<\/td>\n<\/tr>\n<tr class=\"row-16\">\n\t<td class=\"column-1\"><\/td><td class=\"column-2\"><\/td><td class=\"column-3\"><\/td><td class=\"column-4\">14<\/td><td class=\"column-5\">TT<\/td><td class=\"column-6\"><\/td><td class=\"column-7\"><\/td>\n<\/tr>\n<\/tbody>\n<\/table>\n<!-- #tablepress-MB-242 from cache -->","protected":false},"featured_media":3932,"parent":0,"template":"","meta":{"_acf_changed":false,"_gspb_post_css":"","_kad_blocks_custom_css":"","_kad_blocks_head_custom_js":"","_kad_blocks_body_custom_js":"","_kad_blocks_footer_custom_js":"","_kad_post_transparent":"","_kad_post_title":"","_kad_post_layout":"","_kad_post_sidebar_id":"","_kad_post_content_style":"","_kad_post_vertical_padding":"","_kad_post_feature":"","_kad_post_feature_position":"","_kad_post_header":false,"_kad_post_footer":false,"_kad_post_classname":""},"product-category":[39,33],"class_list":["post-3973","product","type-product","status-publish","has-post-thumbnail","hentry","product-category-advance-industrial-tire","product-category-industrial-tire"],"acf":[],"taxonomy_info":{"product-category":[{"value":39,"label":"ADVANCE Tire"},{"value":33,"label":"Industrial Tire"}]},"featured_image_src_large":["https:\/\/maxwindtyre.com\/wp-content\/uploads\/2025\/02\/ADVANCE-MB-242-6.50\u00d710NHS-7.50\u00d715NHS-8.15\u00d715NHS-Industrial-And-Mining-Tire.jpg",600,600,false],"author_info":[],"comment_info":"","_links":{"self":[{"href":"https:\/\/maxwindtyre.com\/ru\/wp-json\/wp\/v2\/product\/3973","targetHints":{"allow":["GET"]}}],"collection":[{"href":"https:\/\/maxwindtyre.com\/ru\/wp-json\/wp\/v2\/product"}],"about":[{"href":"https:\/\/maxwindtyre.com\/ru\/wp-json\/wp\/v2\/types\/product"}],"wp:featuredmedia":[{"embeddable":true,"href":"https:\/\/maxwindtyre.com\/ru\/wp-json\/wp\/v2\/media\/3932"}],"wp:attachment":[{"href":"https:\/\/maxwindtyre.com\/ru\/wp-json\/wp\/v2\/media?parent=3973"}],"wp:term":[{"taxonomy":"product-category","embeddable":true,"href":"https:\/\/maxwindtyre.com\/ru\/wp-json\/wp\/v2\/product-category?post=3973"}],"curies":[{"name":"wp","href":"https:\/\/api.w.org\/{rel}","templated":true}]}}