{"id":1575,"date":"2025-01-10T08:53:24","date_gmt":"2025-01-10T08:53:24","guid":{"rendered":"https:\/\/maxwind.easiwin.com\/product\/joyroad-centara-mt-mt200-31x10-50r15lt-33x12-50r15lt-35x12-50r20lt-car-tire-2\/"},"modified":"2025-01-10T08:53:24","modified_gmt":"2025-01-10T08:53:24","slug":"joyroad-centara-mt-mt200-31x10-50r15lt-33x12-50r15lt-35x12-50r20lt-car-tire-2","status":"publish","type":"product","link":"https:\/\/maxwindtyre.com\/ru\/product\/joyroad-centara-mt-mt200-31x10-50r15lt-33x12-50r15lt-35x12-50r20lt-car-tire-2\/","title":{"rendered":"\u0410\u0432\u0442\u043e\u043c\u043e\u0431\u0438\u043b\u044c\u043d\u0430\u044f \u0448\u0438\u043d\u0430 JOYROAD\/CENTARA MT MT200 31\u00d710.50R15LT 33\u00d712.50R15LT 35\u00d712.50R20LT"},"content":{"rendered":"<table id=\"tablepress-MT200\" class=\"tablepress tablepress-id-MT200\">\n<thead>\n<tr class=\"row-1\">\n\t<th class=\"column-1\">\u041f\u0410\u0422\u0422\u0415\u0420\u041d<\/th><th class=\"column-2\">\u0422\u0418\u041f<\/th><th class=\"column-3\">\u0420\u0410\u0417\u041c\u0415\u0420<\/th><th class=\"column-4\">\u041a\u043e\u043b\u0438\u0447\u0435\u0441\u0442\u0432\u043e 1*40HQ<\/th>\n<\/tr>\n<\/thead>\n<tbody class=\"row-striping row-hover\">\n<tr class=\"row-2\">\n\t<td class=\"column-1\">MT200<\/td><td class=\"column-2\">MT<\/td><td class=\"column-3\">35\u00d712.50R20LT 121Q 10PR<\/td><td class=\"column-4\">320<\/td>\n<\/tr>\n<tr class=\"row-3\">\n\t<td class=\"column-1\">MT200<\/td><td class=\"column-2\">MT<\/td><td class=\"column-3\">35\u00d712.50R18LT 123Q 10PR<\/td><td class=\"column-4\">340<\/td>\n<\/tr>\n<tr class=\"row-4\">\n\t<td class=\"column-1\">MT200<\/td><td class=\"column-2\">MT<\/td><td class=\"column-3\">31\u00d710.50R15LT 109Q 6PR<\/td><td class=\"column-4\">620<\/td>\n<\/tr>\n<tr class=\"row-5\">\n\t<td class=\"column-1\">MT200<\/td><td class=\"column-2\">MT<\/td><td class=\"column-3\">LT235\/75R16 117\/114Q 10PR<\/td><td class=\"column-4\">620<\/td>\n<\/tr>\n<tr class=\"row-6\">\n\t<td class=\"column-1\">MT200<\/td><td class=\"column-2\">MT<\/td><td class=\"column-3\">LT235\/85R16 120\/116N 10PR<\/td><td class=\"column-4\">620<\/td>\n<\/tr>\n<tr class=\"row-7\">\n\t<td class=\"column-1\">MT200<\/td><td class=\"column-2\">MT<\/td><td class=\"column-3\">LT245\/75R16 120\/116N 10PR<\/td><td class=\"column-4\">550<\/td>\n<\/tr>\n<tr class=\"row-8\">\n\t<td class=\"column-1\">MT200<\/td><td class=\"column-2\">MT<\/td><td class=\"column-3\">LT265\/75R16 123\/120N 10PR<\/td><td class=\"column-4\">500<\/td>\n<\/tr>\n<tr class=\"row-9\">\n\t<td class=\"column-1\">MT200<\/td><td class=\"column-2\">MT<\/td><td class=\"column-3\">LT285\/75R16 122\/119Q 8PR<\/td><td class=\"column-4\">450<\/td>\n<\/tr>\n<tr class=\"row-10\">\n\t<td class=\"column-1\">MT200<\/td><td class=\"column-2\">MT<\/td><td class=\"column-3\">LT265\/70R17 121\/118Q 10PR<\/td><td class=\"column-4\">500<\/td>\n<\/tr>\n<tr class=\"row-11\">\n\t<td class=\"column-1\">MT200<\/td><td class=\"column-2\">MT<\/td><td class=\"column-3\">LT285\/70R17 121\/118Q 8PR<\/td><td class=\"column-4\">450<\/td>\n<\/tr>\n<tr class=\"row-12\">\n\t<td class=\"column-1\">MT200<\/td><td class=\"column-2\">MT<\/td><td class=\"column-3\">LT275\/70R18 125\/122Q 10PR<\/td><td class=\"column-4\">400<\/td>\n<\/tr>\n<tr class=\"row-13\">\n\t<td class=\"column-1\">MT200<\/td><td class=\"column-2\">MT<\/td><td class=\"column-3\">33\u00d712.50R15LT 108Q 6PR<\/td><td class=\"column-4\">580<\/td>\n<\/tr>\n<tr class=\"row-14\">\n\t<td class=\"column-1\">MT200<\/td><td class=\"column-2\">MT<\/td><td class=\"column-3\">35\u00d712.50R17LT 119Q 8PR<\/td><td class=\"column-4\">400<\/td>\n<\/tr>\n<\/tbody>\n<\/table>\n<!-- #tablepress-MT200 from cache -->","protected":false},"featured_media":1531,"parent":0,"template":"","meta":{"_acf_changed":false,"_gspb_post_css":"","_kad_blocks_custom_css":"","_kad_blocks_head_custom_js":"","_kad_blocks_body_custom_js":"","_kad_blocks_footer_custom_js":"","_kad_post_transparent":"","_kad_post_title":"","_kad_post_layout":"","_kad_post_sidebar_id":"","_kad_post_content_style":"","_kad_post_vertical_padding":"","_kad_post_feature":"","_kad_post_feature_position":"","_kad_post_header":false,"_kad_post_footer":false,"_kad_post_classname":""},"product-category":[19,14],"class_list":["post-1575","product","type-product","status-publish","has-post-thumbnail","hentry","product-category-joyroad-centara","product-category-pcr"],"acf":[],"taxonomy_info":{"product-category":[{"value":19,"label":"JOYROAD\/CENTARA Tire"},{"value":14,"label":"PCR"}]},"featured_image_src_large":["https:\/\/maxwindtyre.com\/wp-content\/uploads\/2025\/01\/JOYROAD-CENTARA-MT-MT200-31\u00d710.50R15LT-33\u00d712.50R15LT-35\u00d712.50R20LT-Car-Tire.jpg",600,600,false],"author_info":[],"comment_info":"","_links":{"self":[{"href":"https:\/\/maxwindtyre.com\/ru\/wp-json\/wp\/v2\/product\/1575","targetHints":{"allow":["GET"]}}],"collection":[{"href":"https:\/\/maxwindtyre.com\/ru\/wp-json\/wp\/v2\/product"}],"about":[{"href":"https:\/\/maxwindtyre.com\/ru\/wp-json\/wp\/v2\/types\/product"}],"wp:featuredmedia":[{"embeddable":true,"href":"https:\/\/maxwindtyre.com\/ru\/wp-json\/wp\/v2\/media\/1531"}],"wp:attachment":[{"href":"https:\/\/maxwindtyre.com\/ru\/wp-json\/wp\/v2\/media?parent=1575"}],"wp:term":[{"taxonomy":"product-category","embeddable":true,"href":"https:\/\/maxwindtyre.com\/ru\/wp-json\/wp\/v2\/product-category?post=1575"}],"curies":[{"name":"wp","href":"https:\/\/api.w.org\/{rel}","templated":true}]}}