{"id":8711,"date":"2025-04-02T01:43:22","date_gmt":"2025-04-02T01:43:22","guid":{"rendered":"https:\/\/maxwindtyre.com\/product\/astroay-lg01-15x6-00-6-16x6-50-8-22x9-50-12-turf-tire-2\/"},"modified":"2025-04-02T03:13:28","modified_gmt":"2025-04-02T03:13:28","slug":"astroay-lg01-15x6-00-6-16x6-50-8-22x9-50-12-turf-tire-2","status":"publish","type":"product","link":"https:\/\/maxwindtyre.com\/es\/product\/astroay-lg01-15x6-00-6-16x6-50-8-22x9-50-12-turf-tire-2\/","title":{"rendered":"ASTROAY LG01 15\u00d76.00-6 16\u00d76.50-8 22\u00d79.50-12 NEUM\u00c1TICO TURF"},"content":{"rendered":"<table id=\"tablepress-LG01\" class=\"tablepress tablepress-id-LG01\">\n<thead>\n<tr class=\"row-1\">\n\t<th class=\"column-1\">PATR\u00d3N<\/th><th class=\"column-2\">TALLA<\/th><th class=\"column-3\">PR<\/th><th class=\"column-4\">RIM<\/th><th class=\"column-5\">DI\u00c1METRO TOTAL<br \/>\n\uff08Pulgadas\uff09<\/th><th class=\"column-6\">ANCHO DE LA SECCI\u00d3N<br \/>\n\uff08Pulgadas\uff09<\/th><th class=\"column-7\">\u00cdNDICE DE CARGA \/ VELOCIDAD<\/th>\n<\/tr>\n<\/thead>\n<tbody class=\"row-striping row-hover\">\n<tr class=\"row-2\">\n\t<td class=\"column-1\">LG01<\/td><td class=\"column-2\">13x5.00-6<\/td><td class=\"column-3\">4<\/td><td class=\"column-4\">4.30<\/td><td class=\"column-5\">13.0<\/td><td class=\"column-6\">4.3<\/td><td class=\"column-7\">\/<\/td>\n<\/tr>\n<tr class=\"row-3\">\n\t<td class=\"column-1\"><\/td><td class=\"column-2\">13x6.50-6<\/td><td class=\"column-3\">4<\/td><td class=\"column-4\">6.30<\/td><td class=\"column-5\">13.0<\/td><td class=\"column-6\">6.3<\/td><td class=\"column-7\"><\/td>\n<\/tr>\n<tr class=\"row-4\">\n\t<td class=\"column-1\"><\/td><td class=\"column-2\">15x6.00-6<\/td><td class=\"column-3\">4<\/td><td class=\"column-4\">4.50<\/td><td class=\"column-5\">14.9<\/td><td class=\"column-6\">6.2<\/td><td class=\"column-7\"><\/td>\n<\/tr>\n<tr class=\"row-5\">\n\t<td class=\"column-1\"><\/td><td class=\"column-2\">16x6.50-8<\/td><td class=\"column-3\">4<\/td><td class=\"column-4\">5.00<\/td><td class=\"column-5\">15.9<\/td><td class=\"column-6\">6.6<\/td><td class=\"column-7\"><\/td>\n<\/tr>\n<tr class=\"row-6\">\n\t<td class=\"column-1\"><\/td><td class=\"column-2\">20\u00d78.00-8<\/td><td class=\"column-3\">4<\/td><td class=\"column-4\">7.00<\/td><td class=\"column-5\">19.4<\/td><td class=\"column-6\">8.6<\/td><td class=\"column-7\"><\/td>\n<\/tr>\n<tr class=\"row-7\">\n\t<td class=\"column-1\"><\/td><td class=\"column-2\">22x9.50-12<\/td><td class=\"column-3\">4<\/td><td class=\"column-4\">7.00<\/td><td class=\"column-5\">21.2<\/td><td class=\"column-6\">9.1<\/td><td class=\"column-7\"><\/td>\n<\/tr>\n<\/tbody>\n<\/table>\n<!-- #tablepress-LG01 from cache -->","protected":false},"featured_media":8528,"parent":0,"template":"","meta":{"_acf_changed":false,"_gspb_post_css":"","_kad_blocks_custom_css":"","_kad_blocks_head_custom_js":"","_kad_blocks_body_custom_js":"","_kad_blocks_footer_custom_js":"","_kad_post_transparent":"","_kad_post_title":"","_kad_post_layout":"","_kad_post_sidebar_id":"","_kad_post_content_style":"","_kad_post_vertical_padding":"","_kad_post_feature":"","_kad_post_feature_position":"","_kad_post_header":false,"_kad_post_footer":false,"_kad_post_classname":""},"product-category":[62,61],"class_list":["post-8711","product","type-product","status-publish","has-post-thumbnail","hentry","product-category-atv-utv","product-category-military"],"acf":[],"taxonomy_info":{"product-category":[{"value":62,"label":"ATV\/UTV Tire"},{"value":61,"label":"Military"}]},"featured_image_src_large":["https:\/\/maxwindtyre.com\/wp-content\/uploads\/2025\/03\/ASTROAY-LG01-15x6.00-6-16x6.50-8-22x9.50-12-TURF-TIRE.jpg",600,600,false],"author_info":[],"comment_info":"","_links":{"self":[{"href":"https:\/\/maxwindtyre.com\/es\/wp-json\/wp\/v2\/product\/8711","targetHints":{"allow":["GET"]}}],"collection":[{"href":"https:\/\/maxwindtyre.com\/es\/wp-json\/wp\/v2\/product"}],"about":[{"href":"https:\/\/maxwindtyre.com\/es\/wp-json\/wp\/v2\/types\/product"}],"wp:featuredmedia":[{"embeddable":true,"href":"https:\/\/maxwindtyre.com\/es\/wp-json\/wp\/v2\/media\/8528"}],"wp:attachment":[{"href":"https:\/\/maxwindtyre.com\/es\/wp-json\/wp\/v2\/media?parent=8711"}],"wp:term":[{"taxonomy":"product-category","embeddable":true,"href":"https:\/\/maxwindtyre.com\/es\/wp-json\/wp\/v2\/product-category?post=8711"}],"curies":[{"name":"wp","href":"https:\/\/api.w.org\/{rel}","templated":true}]}}