{"id":7278,"date":"2025-03-04T07:09:28","date_gmt":"2025-03-04T07:09:28","guid":{"rendered":"https:\/\/maxwind.easiwin.com\/product\/advance-tractor-tyre-r-1u-4-00-8-6-00-12-6-00-16-6-50-12-7-50-16-agricultural-tyre-2\/"},"modified":"2025-03-04T07:09:28","modified_gmt":"2025-03-04T07:09:28","slug":"advance-tractor-tyre-r-1u-4-00-8-6-00-12-6-00-16-6-50-12-7-50-16-agricultural-tyre-2","status":"publish","type":"product","link":"https:\/\/maxwindtyre.com\/es\/product\/advance-tractor-tyre-r-1u-4-00-8-6-00-12-6-00-16-6-50-12-7-50-16-agricultural-tyre-2\/","title":{"rendered":"Neum\u00e1tico ADVANCE TRACTOR R-1U 4.00-8 6.00-12 6.00-16 6.50-12 7.50-16 Neum\u00e1tico agr\u00edcola"},"content":{"rendered":"<table id=\"tablepress-R-1X\" class=\"tablepress tablepress-id-R-1X\">\n<thead>\n<tr class=\"row-1\">\n\t<th class=\"column-1\">TIPO<\/th><th class=\"column-2\">PATR\u00d3N<\/th><th class=\"column-3\">TALLA<\/th><th class=\"column-4\">TT\/TL<\/th>\n<\/tr>\n<\/thead>\n<tbody class=\"row-striping row-hover\">\n<tr class=\"row-2\">\n\t<td class=\"column-1\">Neum\u00e1tico ADVANCE TRACTOR<\/td><td class=\"column-2\">R-1X<\/td><td class=\"column-3\">8.00-18<\/td><td class=\"column-4\">TL<\/td>\n<\/tr>\n<\/tbody>\n<\/table>\n<!-- #tablepress-R-1X from cache -->","protected":false},"featured_media":7240,"parent":0,"template":"","meta":{"_acf_changed":false,"_gspb_post_css":"","_kad_blocks_custom_css":"","_kad_blocks_head_custom_js":"","_kad_blocks_body_custom_js":"","_kad_blocks_footer_custom_js":"","_kad_post_transparent":"","_kad_post_title":"","_kad_post_layout":"","_kad_post_sidebar_id":"","_kad_post_content_style":"","_kad_post_vertical_padding":"","_kad_post_feature":"","_kad_post_feature_position":"","_kad_post_header":false,"_kad_post_footer":false,"_kad_post_classname":""},"product-category":[35,31],"class_list":["post-7278","product","type-product","status-publish","has-post-thumbnail","hentry","product-category-advance-tire","product-category-agr"],"acf":[],"taxonomy_info":{"product-category":[{"value":35,"label":"ADVANCE Tire"},{"value":31,"label":"AGR"}]},"featured_image_src_large":["https:\/\/maxwindtyre.com\/wp-content\/uploads\/2025\/03\/ADVANCE-TRACTOR-Tyre-R-1U-4.00-8-6.00-12-6.00-16-6.50-12-7.50-16-Agricultural-Tyre.jpg",640,640,false],"author_info":[],"comment_info":"","_links":{"self":[{"href":"https:\/\/maxwindtyre.com\/es\/wp-json\/wp\/v2\/product\/7278","targetHints":{"allow":["GET"]}}],"collection":[{"href":"https:\/\/maxwindtyre.com\/es\/wp-json\/wp\/v2\/product"}],"about":[{"href":"https:\/\/maxwindtyre.com\/es\/wp-json\/wp\/v2\/types\/product"}],"wp:featuredmedia":[{"embeddable":true,"href":"https:\/\/maxwindtyre.com\/es\/wp-json\/wp\/v2\/media\/7240"}],"wp:attachment":[{"href":"https:\/\/maxwindtyre.com\/es\/wp-json\/wp\/v2\/media?parent=7278"}],"wp:term":[{"taxonomy":"product-category","embeddable":true,"href":"https:\/\/maxwindtyre.com\/es\/wp-json\/wp\/v2\/product-category?post=7278"}],"curies":[{"name":"wp","href":"https:\/\/api.w.org\/{rel}","templated":true}]}}