{"id":7276,"date":"2025-03-04T07:09:28","date_gmt":"2025-03-04T07:09:28","guid":{"rendered":"https:\/\/maxwind.easiwin.com\/product\/advance-tractor-tyre-r-1-18-4-16-1-21-5l-16-1-8-3-24-agricultural-tyre-2\/"},"modified":"2025-03-04T07:09:28","modified_gmt":"2025-03-04T07:09:28","slug":"advance-tractor-tyre-r-1-18-4-16-1-21-5l-16-1-8-3-24-agricultural-tyre-2","status":"publish","type":"product","link":"https:\/\/maxwindtyre.com\/es\/product\/advance-tractor-tyre-r-1-18-4-16-1-21-5l-16-1-8-3-24-agricultural-tyre-2\/","title":{"rendered":"Neum\u00e1tico ADVANCE TRACTOR R-1 18.4-16.1 21.5L-16.1 8.3-24 Neum\u00e1tico agr\u00edcola"},"content":{"rendered":"<table id=\"tablepress-R-1K\" class=\"tablepress tablepress-id-R-1K\">\n<thead>\n<tr class=\"row-1\">\n\t<th class=\"column-1\">TIPO<\/th><th class=\"column-2\">PATR\u00d3N<\/th><th class=\"column-3\">TALLA<\/th><th class=\"column-4\">TT\/TL<\/th>\n<\/tr>\n<\/thead>\n<tbody class=\"row-striping row-hover\">\n<tr class=\"row-2\">\n\t<td class=\"column-1\">Neum\u00e1tico ADVANCE TRACTOR<\/td><td class=\"column-2\">R-1K<\/td><td class=\"column-3\">16.9-24<\/td><td class=\"column-4\">TT<\/td>\n<\/tr>\n<tr class=\"row-3\">\n\t<td class=\"column-1\">Neum\u00e1tico ADVANCE TRACTOR<\/td><td class=\"column-2\">R-1K<\/td><td class=\"column-3\">18.4-26<\/td><td class=\"column-4\">TT<\/td>\n<\/tr>\n<tr class=\"row-4\">\n\t<td class=\"column-1\">Neum\u00e1tico ADVANCE TRACTOR<\/td><td class=\"column-2\">R-1K<\/td><td class=\"column-3\">23.1-26<\/td><td class=\"column-4\">TT<\/td>\n<\/tr>\n<tr class=\"row-5\">\n\t<td class=\"column-1\">Neum\u00e1tico ADVANCE TRACTOR<\/td><td class=\"column-2\">R-1K<\/td><td class=\"column-3\">13.6-28<\/td><td class=\"column-4\">TT<\/td>\n<\/tr>\n<tr class=\"row-6\">\n\t<td class=\"column-1\">Neum\u00e1tico ADVANCE TRACTOR<\/td><td class=\"column-2\">R-1K<\/td><td class=\"column-3\">14.9-28<\/td><td class=\"column-4\">TT<\/td>\n<\/tr>\n<tr class=\"row-7\">\n\t<td class=\"column-1\">Neum\u00e1tico ADVANCE TRACTOR<\/td><td class=\"column-2\">R-1K<\/td><td class=\"column-3\">16.9-28<\/td><td class=\"column-4\">TT<\/td>\n<\/tr>\n<tr class=\"row-8\">\n\t<td class=\"column-1\">Neum\u00e1tico ADVANCE TRACTOR<\/td><td class=\"column-2\">R-1K<\/td><td class=\"column-3\">16.9-30<\/td><td class=\"column-4\">TT<\/td>\n<\/tr>\n<tr class=\"row-9\">\n\t<td class=\"column-1\">Neum\u00e1tico ADVANCE TRACTOR<\/td><td class=\"column-2\">R-1K<\/td><td class=\"column-3\">18.4-30<\/td><td class=\"column-4\">TT<\/td>\n<\/tr>\n<tr class=\"row-10\">\n\t<td class=\"column-1\">Neum\u00e1tico ADVANCE TRACTOR<\/td><td class=\"column-2\">R-1K<\/td><td class=\"column-3\">24.5-32<\/td><td class=\"column-4\">TT<\/td>\n<\/tr>\n<tr class=\"row-11\">\n\t<td class=\"column-1\">Neum\u00e1tico ADVANCE TRACTOR<\/td><td class=\"column-2\">R-1K<\/td><td class=\"column-3\">16.9-34<\/td><td class=\"column-4\">TT<\/td>\n<\/tr>\n<tr class=\"row-12\">\n\t<td class=\"column-1\">Neum\u00e1tico ADVANCE TRACTOR<\/td><td class=\"column-2\">R-1K<\/td><td class=\"column-3\">18.4-34<\/td><td class=\"column-4\">TT<\/td>\n<\/tr>\n<tr class=\"row-13\">\n\t<td class=\"column-1\">Neum\u00e1tico ADVANCE TRACTOR<\/td><td class=\"column-2\">R-1K<\/td><td class=\"column-3\">13.6-38<\/td><td class=\"column-4\">TT<\/td>\n<\/tr>\n<tr class=\"row-14\">\n\t<td class=\"column-1\">Neum\u00e1tico ADVANCE TRACTOR<\/td><td class=\"column-2\">R-1K<\/td><td class=\"column-3\">15.5-38<\/td><td class=\"column-4\">TT<\/td>\n<\/tr>\n<tr class=\"row-15\">\n\t<td class=\"column-1\">Neum\u00e1tico ADVANCE TRACTOR<\/td><td class=\"column-2\">R-1K<\/td><td class=\"column-3\">16.9-38<\/td><td class=\"column-4\">TT<\/td>\n<\/tr>\n<tr class=\"row-16\">\n\t<td class=\"column-1\">Neum\u00e1tico ADVANCE TRACTOR<\/td><td class=\"column-2\">R-1K<\/td><td class=\"column-3\">18.4-38<\/td><td class=\"column-4\">TT<\/td>\n<\/tr>\n<tr class=\"row-17\">\n\t<td class=\"column-1\">Neum\u00e1tico ADVANCE TRACTOR<\/td><td class=\"column-2\">R-1K<\/td><td class=\"column-3\">20.8-38<\/td><td class=\"column-4\">TT<\/td>\n<\/tr>\n<tr class=\"row-18\">\n\t<td class=\"column-1\">Neum\u00e1tico ADVANCE TRACTOR<\/td><td class=\"column-2\">R-1K<\/td><td class=\"column-3\">11.2-24<\/td><td class=\"column-4\">TT<\/td>\n<\/tr>\n<tr class=\"row-19\">\n\t<td class=\"column-1\">Neum\u00e1tico ADVANCE TRACTOR<\/td><td class=\"column-2\">R-1K<\/td><td class=\"column-3\">12.4-24<\/td><td class=\"column-4\">TT<\/td>\n<\/tr>\n<tr class=\"row-20\">\n\t<td class=\"column-1\">Neum\u00e1tico ADVANCE TRACTOR<\/td><td class=\"column-2\">R-1K<\/td><td class=\"column-3\">14.9-24<\/td><td class=\"column-4\">TT<\/td>\n<\/tr>\n<tr class=\"row-21\">\n\t<td class=\"column-1\">Neum\u00e1tico ADVANCE TRACTOR<\/td><td class=\"column-2\">R-1K<\/td><td class=\"column-3\">11.2-28<\/td><td class=\"column-4\">TT<\/td>\n<\/tr>\n<tr class=\"row-22\">\n\t<td class=\"column-1\">Neum\u00e1tico ADVANCE TRACTOR<\/td><td class=\"column-2\">R-1K<\/td><td class=\"column-3\">12.4-28<\/td><td class=\"column-4\">TT<\/td>\n<\/tr>\n<\/tbody>\n<\/table>\n<!-- #tablepress-R-1K from cache -->","protected":false},"featured_media":7238,"parent":0,"template":"","meta":{"_acf_changed":false,"_gspb_post_css":"","_kad_blocks_custom_css":"","_kad_blocks_head_custom_js":"","_kad_blocks_body_custom_js":"","_kad_blocks_footer_custom_js":"","_kad_post_transparent":"","_kad_post_title":"","_kad_post_layout":"","_kad_post_sidebar_id":"","_kad_post_content_style":"","_kad_post_vertical_padding":"","_kad_post_feature":"","_kad_post_feature_position":"","_kad_post_header":false,"_kad_post_footer":false,"_kad_post_classname":""},"product-category":[35,31],"class_list":["post-7276","product","type-product","status-publish","has-post-thumbnail","hentry","product-category-advance-tire","product-category-agr"],"acf":[],"taxonomy_info":{"product-category":[{"value":35,"label":"ADVANCE Tire"},{"value":31,"label":"AGR"}]},"featured_image_src_large":["https:\/\/maxwindtyre.com\/wp-content\/uploads\/2025\/03\/ADVANCE-TRACTOR-Tyre-R-1-18.4-16.1-21.5L-16.1-8.3-24-Agricultural-Tyre.jpg",640,640,false],"author_info":[],"comment_info":"","_links":{"self":[{"href":"https:\/\/maxwindtyre.com\/es\/wp-json\/wp\/v2\/product\/7276","targetHints":{"allow":["GET"]}}],"collection":[{"href":"https:\/\/maxwindtyre.com\/es\/wp-json\/wp\/v2\/product"}],"about":[{"href":"https:\/\/maxwindtyre.com\/es\/wp-json\/wp\/v2\/types\/product"}],"wp:featuredmedia":[{"embeddable":true,"href":"https:\/\/maxwindtyre.com\/es\/wp-json\/wp\/v2\/media\/7238"}],"wp:attachment":[{"href":"https:\/\/maxwindtyre.com\/es\/wp-json\/wp\/v2\/media?parent=7276"}],"wp:term":[{"taxonomy":"product-category","embeddable":true,"href":"https:\/\/maxwindtyre.com\/es\/wp-json\/wp\/v2\/product-category?post=7276"}],"curies":[{"name":"wp","href":"https:\/\/api.w.org\/{rel}","templated":true}]}}