{"id":6980,"date":"2025-02-28T07:39:19","date_gmt":"2025-02-28T07:39:19","guid":{"rendered":"https:\/\/maxwind.easiwin.com\/product\/advance-ob520-6-00-9nhs-16x6-8nhs-300-15nhs-internal-combustion-forklift-tire-2\/"},"modified":"2025-02-28T07:39:19","modified_gmt":"2025-02-28T07:39:19","slug":"advance-ob520-6-00-9nhs-16x6-8nhs-300-15nhs-internal-combustion-forklift-tire-2","status":"publish","type":"product","link":"https:\/\/maxwindtyre.com\/es\/product\/advance-ob520-6-00-9nhs-16x6-8nhs-300-15nhs-internal-combustion-forklift-tire-2\/","title":{"rendered":"ADVANCE OB520 6.00-9NHS 16\u00d76-8NHS 300-15NHS Neum\u00e1tico de combusti\u00f3n interna para carretillas elevadoras"},"content":{"rendered":"<table id=\"tablepress-OB520\" class=\"tablepress tablepress-id-OB520\">\n<thead>\n<tr class=\"row-1\">\n\t<th class=\"column-1\">PATR\u00d3N<\/th><th class=\"column-2\">TALLA<\/th><th class=\"column-3\">RIMS<\/th><th class=\"column-4\">JUGADOR<\/th><th class=\"column-5\">TT\/TL<\/th><th class=\"column-6\">DI\u00c1METRO EXTERIOR (OD)<br \/>\n MM<\/th><th class=\"column-7\">ANCHO DE LA SECCI\u00d3N<br \/>\nMM<\/th>\n<\/tr>\n<\/thead>\n<tbody class=\"row-striping row-hover\">\n<tr class=\"row-2\">\n\t<td class=\"column-1\">OB520<\/td><td class=\"column-2\">5.00-8NHS<\/td><td class=\"column-3\">3.50D-8<\/td><td class=\"column-4\">10<\/td><td class=\"column-5\">TT<\/td><td class=\"column-6\">470<\/td><td class=\"column-7\">137<\/td>\n<\/tr>\n<tr class=\"row-3\">\n\t<td class=\"column-1\"><\/td><td class=\"column-2\">6.00-9NHS<\/td><td class=\"column-3\">4.00E-9<\/td><td class=\"column-4\">10<\/td><td class=\"column-5\">TT<\/td><td class=\"column-6\">540<\/td><td class=\"column-7\">160<\/td>\n<\/tr>\n<tr class=\"row-4\">\n\t<td class=\"column-1\"><\/td><td class=\"column-2\">6,50-10NHS<\/td><td class=\"column-3\">5.00F-10<\/td><td class=\"column-4\">10<\/td><td class=\"column-5\">TT<\/td><td class=\"column-6\">590<\/td><td class=\"column-7\">175<\/td>\n<\/tr>\n<tr class=\"row-5\">\n\t<td class=\"column-1\"><\/td><td class=\"column-2\">7.00-12NHS<\/td><td class=\"column-3\">5.00S-12<\/td><td class=\"column-4\">12<\/td><td class=\"column-5\">TT<\/td><td class=\"column-6\">676<\/td><td class=\"column-7\">190<\/td>\n<\/tr>\n<tr class=\"row-6\">\n\t<td class=\"column-1\"><\/td><td class=\"column-2\">8,25-15NHS<\/td><td class=\"column-3\">6.5-15<\/td><td class=\"column-4\">14<\/td><td class=\"column-5\">TT<\/td><td class=\"column-6\">840<\/td><td class=\"column-7\">235<\/td>\n<\/tr>\n<tr class=\"row-7\">\n\t<td class=\"column-1\"><\/td><td class=\"column-2\">16\u00d76-8NHS<\/td><td class=\"column-3\">4.33R-8<\/td><td class=\"column-4\">16*<\/td><td class=\"column-5\">TT<\/td><td class=\"column-6\">425<\/td><td class=\"column-7\">152<\/td>\n<\/tr>\n<tr class=\"row-8\">\n\t<td class=\"column-1\"><\/td><td class=\"column-2\">18\u00d77-8NHS<\/td><td class=\"column-3\">4.33R-8<\/td><td class=\"column-4\">14<\/td><td class=\"column-5\">TT<\/td><td class=\"column-6\">465<\/td><td class=\"column-7\">173<\/td>\n<\/tr>\n<tr class=\"row-9\">\n\t<td class=\"column-1\"><\/td><td class=\"column-2\">21\u00d78-9NHS<\/td><td class=\"column-3\">6.00E-9<\/td><td class=\"column-4\">14<\/td><td class=\"column-5\">TT<\/td><td class=\"column-6\">535<\/td><td class=\"column-7\">200<\/td>\n<\/tr>\n<tr class=\"row-10\">\n\t<td class=\"column-1\"><\/td><td class=\"column-2\"><\/td><td class=\"column-3\"><\/td><td class=\"column-4\">16*<\/td><td class=\"column-5\">TT<\/td><td class=\"column-6\"><\/td><td class=\"column-7\"><\/td>\n<\/tr>\n<tr class=\"row-11\">\n\t<td class=\"column-1\"><\/td><td class=\"column-2\">23\u00d79-10NHS<\/td><td class=\"column-3\">6.50F-10<\/td><td class=\"column-4\">14<\/td><td class=\"column-5\">TT<\/td><td class=\"column-6\">595<\/td><td class=\"column-7\">225<\/td>\n<\/tr>\n<tr class=\"row-12\">\n\t<td class=\"column-1\"><\/td><td class=\"column-2\">23\u00d710-12NHS<\/td><td class=\"column-3\">8.00G-12<\/td><td class=\"column-4\">16<\/td><td class=\"column-5\">TT<\/td><td class=\"column-6\">597<\/td><td class=\"column-7\">254<\/td>\n<\/tr>\n<tr class=\"row-13\">\n\t<td class=\"column-1\"><\/td><td class=\"column-2\">28\u00d79-15NHS<\/td><td class=\"column-3\">7.0-15<\/td><td class=\"column-4\">14<\/td><td class=\"column-5\">TT<\/td><td class=\"column-6\">710<\/td><td class=\"column-7\">220<\/td>\n<\/tr>\n<tr class=\"row-14\">\n\t<td class=\"column-1\"><\/td><td class=\"column-2\">250-15NHS<\/td><td class=\"column-3\">7.5-15<\/td><td class=\"column-4\">16<\/td><td class=\"column-5\">TT<\/td><td class=\"column-6\">735<\/td><td class=\"column-7\">250<\/td>\n<\/tr>\n<tr class=\"row-15\">\n\t<td class=\"column-1\"><\/td><td class=\"column-2\">300-15NHS<\/td><td class=\"column-3\">8.0-15<\/td><td class=\"column-4\">20<\/td><td class=\"column-5\">TT<\/td><td class=\"column-6\">840<\/td><td class=\"column-7\">300<\/td>\n<\/tr>\n<\/tbody>\n<\/table>\n<!-- #tablepress-OB520 from cache -->","protected":false},"featured_media":6951,"parent":0,"template":"","meta":{"_acf_changed":false,"_gspb_post_css":"","_kad_blocks_custom_css":"","_kad_blocks_head_custom_js":"","_kad_blocks_body_custom_js":"","_kad_blocks_footer_custom_js":"","_kad_post_transparent":"","_kad_post_title":"","_kad_post_layout":"","_kad_post_sidebar_id":"","_kad_post_content_style":"","_kad_post_vertical_padding":"","_kad_post_feature":"","_kad_post_feature_position":"","_kad_post_header":false,"_kad_post_footer":false,"_kad_post_classname":""},"product-category":[39,33],"class_list":["post-6980","product","type-product","status-publish","has-post-thumbnail","hentry","product-category-advance-industrial-tire","product-category-industrial-tire"],"acf":[],"taxonomy_info":{"product-category":[{"value":39,"label":"ADVANCE Tire"},{"value":33,"label":"Industrial Tire"}]},"featured_image_src_large":["https:\/\/maxwindtyre.com\/wp-content\/uploads\/2025\/02\/ADVANCE-OB520-6.00-9NHS-16\u00d76-8NHS-300-15NHS-Internal-Combustion-Forklift-Tire.jpg",650,650,false],"author_info":[],"comment_info":"","_links":{"self":[{"href":"https:\/\/maxwindtyre.com\/es\/wp-json\/wp\/v2\/product\/6980","targetHints":{"allow":["GET"]}}],"collection":[{"href":"https:\/\/maxwindtyre.com\/es\/wp-json\/wp\/v2\/product"}],"about":[{"href":"https:\/\/maxwindtyre.com\/es\/wp-json\/wp\/v2\/types\/product"}],"wp:featuredmedia":[{"embeddable":true,"href":"https:\/\/maxwindtyre.com\/es\/wp-json\/wp\/v2\/media\/6951"}],"wp:attachment":[{"href":"https:\/\/maxwindtyre.com\/es\/wp-json\/wp\/v2\/media?parent=6980"}],"wp:term":[{"taxonomy":"product-category","embeddable":true,"href":"https:\/\/maxwindtyre.com\/es\/wp-json\/wp\/v2\/product-category?post=6980"}],"curies":[{"name":"wp","href":"https:\/\/api.w.org\/{rel}","templated":true}]}}