{"id":6979,"date":"2025-02-28T07:39:19","date_gmt":"2025-02-28T07:39:19","guid":{"rendered":"https:\/\/maxwind.easiwin.com\/product\/advance-ob530-6-50-10nhs-28x9-15nhs-internal-combustion-forklift-tire-2\/"},"modified":"2025-02-28T07:39:19","modified_gmt":"2025-02-28T07:39:19","slug":"advance-ob530-6-50-10nhs-28x9-15nhs-internal-combustion-forklift-tire-2","status":"publish","type":"product","link":"https:\/\/maxwindtyre.com\/es\/product\/advance-ob530-6-50-10nhs-28x9-15nhs-internal-combustion-forklift-tire-2\/","title":{"rendered":"ADVANCE OB530 6.50-10NHS 28\u00d79-15NHS Neum\u00e1tico de combusti\u00f3n interna para carretillas elevadoras"},"content":{"rendered":"<table id=\"tablepress-OB530\" class=\"tablepress tablepress-id-OB530\">\n<thead>\n<tr class=\"row-1\">\n\t<th class=\"column-1\">PATR\u00d3N<\/th><th class=\"column-2\">TALLA<\/th><th class=\"column-3\">RIMS<\/th><th class=\"column-4\">JUGADOR<\/th><th class=\"column-5\">TT\/TL<\/th><th class=\"column-6\">DI\u00c1METRO EXTERIOR (OD)<br \/>\n MM<\/th><th class=\"column-7\">ANCHO DE LA SECCI\u00d3N<br \/>\nMM<\/th>\n<\/tr>\n<\/thead>\n<tbody class=\"row-striping row-hover\">\n<tr class=\"row-2\">\n\t<td class=\"column-1\">OB530<\/td><td class=\"column-2\">6,50-10NHS<\/td><td class=\"column-3\">5.00F-10<\/td><td class=\"column-4\">10<\/td><td class=\"column-5\">TT<\/td><td class=\"column-6\">590<\/td><td class=\"column-7\">175<\/td>\n<\/tr>\n<tr class=\"row-3\">\n\t<td class=\"column-1\"><\/td><td class=\"column-2\">28\u00d79-15NHS<\/td><td class=\"column-3\">7.0-15<\/td><td class=\"column-4\">14<\/td><td class=\"column-5\">TT<\/td><td class=\"column-6\">710<\/td><td class=\"column-7\">220<\/td>\n<\/tr>\n<\/tbody>\n<\/table>\n<!-- #tablepress-OB530 from cache -->","protected":false},"featured_media":6937,"parent":0,"template":"","meta":{"_acf_changed":false,"_gspb_post_css":"","_kad_blocks_custom_css":"","_kad_blocks_head_custom_js":"","_kad_blocks_body_custom_js":"","_kad_blocks_footer_custom_js":"","_kad_post_transparent":"","_kad_post_title":"","_kad_post_layout":"","_kad_post_sidebar_id":"","_kad_post_content_style":"","_kad_post_vertical_padding":"","_kad_post_feature":"","_kad_post_feature_position":"","_kad_post_header":false,"_kad_post_footer":false,"_kad_post_classname":""},"product-category":[39,33],"class_list":["post-6979","product","type-product","status-publish","has-post-thumbnail","hentry","product-category-advance-industrial-tire","product-category-industrial-tire"],"acf":[],"taxonomy_info":{"product-category":[{"value":39,"label":"ADVANCE Tire"},{"value":33,"label":"Industrial Tire"}]},"featured_image_src_large":["https:\/\/maxwindtyre.com\/wp-content\/uploads\/2025\/02\/ADVANCE-OB530-6.50-10NHS-28\u00d79-15NHS-Internal-Combustion-Forklift-Tire.jpg",650,650,false],"author_info":[],"comment_info":"","_links":{"self":[{"href":"https:\/\/maxwindtyre.com\/es\/wp-json\/wp\/v2\/product\/6979","targetHints":{"allow":["GET"]}}],"collection":[{"href":"https:\/\/maxwindtyre.com\/es\/wp-json\/wp\/v2\/product"}],"about":[{"href":"https:\/\/maxwindtyre.com\/es\/wp-json\/wp\/v2\/types\/product"}],"wp:featuredmedia":[{"embeddable":true,"href":"https:\/\/maxwindtyre.com\/es\/wp-json\/wp\/v2\/media\/6937"}],"wp:attachment":[{"href":"https:\/\/maxwindtyre.com\/es\/wp-json\/wp\/v2\/media?parent=6979"}],"wp:term":[{"taxonomy":"product-category","embeddable":true,"href":"https:\/\/maxwindtyre.com\/es\/wp-json\/wp\/v2\/product-category?post=6979"}],"curies":[{"name":"wp","href":"https:\/\/api.w.org\/{rel}","templated":true}]}}