{"id":6624,"date":"2025-02-26T10:39:13","date_gmt":"2025-02-26T10:39:13","guid":{"rendered":"https:\/\/maxwind.easiwin.com\/product\/linglong-leao-crosswind-l-5s-lsm502-12-00-24-undergroud-mining-haul-tire-2\/"},"modified":"2025-02-26T10:39:13","modified_gmt":"2025-02-26T10:39:13","slug":"linglong-leao-crosswind-l-5s-lsm502-12-00-24-undergroud-mining-haul-tire-2","status":"publish","type":"product","link":"https:\/\/maxwindtyre.com\/es\/product\/linglong-leao-crosswind-l-5s-lsm502-12-00-24-undergroud-mining-haul-tire-2\/","title":{"rendered":"LINGLONG\/LEAO\/CROSSWIND L-5S LSM502 12.00-24 Neum\u00e1tico de transporte subterr\u00e1neo para miner\u00eda"},"content":{"rendered":"<table id=\"tablepress-LSM502\" class=\"tablepress tablepress-id-LSM502\">\n<thead>\n<tr class=\"row-1\">\n\t<th class=\"column-1\">PATR\u00d3N<\/th><th class=\"column-2\">TALLA<\/th><th class=\"column-3\">RIM<\/th><th class=\"column-4\">Secci\u00f3n<br \/>\nAnchura<br \/>\n(mm)<\/th><th class=\"column-5\">Pisa<br \/>\nProfundidad<br \/>\n(mm)<\/th><th class=\"column-6\">TT\/TL<\/th>\n<\/tr>\n<\/thead>\n<tbody class=\"row-striping row-hover\">\n<tr class=\"row-2\">\n\t<td class=\"column-1\">LSM502<\/td><td class=\"column-2\">12.00-24<\/td><td class=\"column-3\">8.5<\/td><td class=\"column-4\">315<\/td><td class=\"column-5\">65<\/td><td class=\"column-6\">TT<\/td>\n<\/tr>\n<\/tbody>\n<\/table>\n<!-- #tablepress-LSM502 from cache -->","protected":false},"featured_media":6461,"parent":0,"template":"","meta":{"_acf_changed":false,"_gspb_post_css":"","_kad_blocks_custom_css":"","_kad_blocks_head_custom_js":"","_kad_blocks_body_custom_js":"","_kad_blocks_footer_custom_js":"","_kad_post_transparent":"","_kad_post_title":"","_kad_post_layout":"","_kad_post_sidebar_id":"","_kad_post_content_style":"","_kad_post_vertical_padding":"","_kad_post_feature":"","_kad_post_feature_position":"","_kad_post_header":false,"_kad_post_footer":false,"_kad_post_classname":""},"product-category":[44,29],"class_list":["post-6624","product","type-product","status-publish","has-post-thumbnail","hentry","product-category-linglong-leao-crosswind","product-category-otr"],"acf":[],"taxonomy_info":{"product-category":[{"value":44,"label":"LINGLONG\/LEAO\/CROSSWIND Tire"},{"value":29,"label":"OTR"}]},"featured_image_src_large":["https:\/\/maxwindtyre.com\/wp-content\/uploads\/2025\/02\/LINGLONG-LEAO-CROSSWIND-L-5S-LSM502-12.00-24-Undergroud-Mining-Haul-Tire.jpg",750,750,false],"author_info":[],"comment_info":"","_links":{"self":[{"href":"https:\/\/maxwindtyre.com\/es\/wp-json\/wp\/v2\/product\/6624","targetHints":{"allow":["GET"]}}],"collection":[{"href":"https:\/\/maxwindtyre.com\/es\/wp-json\/wp\/v2\/product"}],"about":[{"href":"https:\/\/maxwindtyre.com\/es\/wp-json\/wp\/v2\/types\/product"}],"wp:featuredmedia":[{"embeddable":true,"href":"https:\/\/maxwindtyre.com\/es\/wp-json\/wp\/v2\/media\/6461"}],"wp:attachment":[{"href":"https:\/\/maxwindtyre.com\/es\/wp-json\/wp\/v2\/media?parent=6624"}],"wp:term":[{"taxonomy":"product-category","embeddable":true,"href":"https:\/\/maxwindtyre.com\/es\/wp-json\/wp\/v2\/product-category?post=6624"}],"curies":[{"name":"wp","href":"https:\/\/api.w.org\/{rel}","templated":true}]}}