{"id":6558,"date":"2025-02-26T10:39:09","date_gmt":"2025-02-26T10:39:09","guid":{"rendered":"https:\/\/maxwind.easiwin.com\/product\/linglong-leao-crosswind-e-2-lxc-master-385-95r24-385-95r25-445-95r25-mobile-crane-truck-tire-2\/"},"modified":"2025-02-26T10:39:09","modified_gmt":"2025-02-26T10:39:09","slug":"linglong-leao-crosswind-e-2-lxc-master-385-95r24-385-95r25-445-95r25-mobile-crane-truck-tire-2","status":"publish","type":"product","link":"https:\/\/maxwindtyre.com\/es\/product\/linglong-leao-crosswind-e-2-lxc-master-385-95r24-385-95r25-445-95r25-mobile-crane-truck-tire-2\/","title":{"rendered":"LINGLONG\/LEAO\/CROSSWIND E-2 LXC MASTER 385\/95R24 385\/95R25 445\/95R25 Neum\u00e1tico para cami\u00f3n gr\u00faa m\u00f3vil"},"content":{"rendered":"<table id=\"tablepress-LXCMASTER\" class=\"tablepress tablepress-id-LXCMASTER\">\n<thead>\n<tr class=\"row-1\">\n\t<th class=\"column-1\">PATR\u00d3N<\/th><th class=\"column-2\">TALLA<\/th><th class=\"column-3\">RIM<\/th><th class=\"column-4\">Secci\u00f3n<br \/>\nAnchura<br \/>\n(mm)<\/th><th class=\"column-5\">Pisa<br \/>\nProfundidad<br \/>\n(mm)<\/th><th class=\"column-6\">TT\/TL<\/th>\n<\/tr>\n<\/thead>\n<tbody class=\"row-striping row-hover\">\n<tr class=\"row-2\">\n\t<td class=\"column-1\">LXC MAESTRO<\/td><td class=\"column-2\">385\/95R24<\/td><td class=\"column-3\">10.00W<\/td><td class=\"column-4\">379<\/td><td class=\"column-5\">23<\/td><td class=\"column-6\">TT<\/td>\n<\/tr>\n<tr class=\"row-3\">\n\t<td class=\"column-1\"><\/td><td class=\"column-2\">385\/95R25<\/td><td class=\"column-3\">10.00\/1.5<\/td><td class=\"column-4\">379<\/td><td class=\"column-5\">23<\/td><td class=\"column-6\">TL<\/td>\n<\/tr>\n<tr class=\"row-4\">\n\t<td class=\"column-1\"><\/td><td class=\"column-2\">445\/95R25<\/td><td class=\"column-3\">11.25\/2.0<\/td><td class=\"column-4\">435<\/td><td class=\"column-5\">25<\/td><td class=\"column-6\">TL<\/td>\n<\/tr>\n<\/tbody>\n<\/table>\n<!-- #tablepress-LXCMASTER from cache -->","protected":false},"featured_media":6397,"parent":0,"template":"","meta":{"_acf_changed":false,"_gspb_post_css":"","_kad_blocks_custom_css":"","_kad_blocks_head_custom_js":"","_kad_blocks_body_custom_js":"","_kad_blocks_footer_custom_js":"","_kad_post_transparent":"","_kad_post_title":"","_kad_post_layout":"","_kad_post_sidebar_id":"","_kad_post_content_style":"","_kad_post_vertical_padding":"","_kad_post_feature":"","_kad_post_feature_position":"","_kad_post_header":false,"_kad_post_footer":false,"_kad_post_classname":""},"product-category":[44,29],"class_list":["post-6558","product","type-product","status-publish","has-post-thumbnail","hentry","product-category-linglong-leao-crosswind","product-category-otr"],"acf":[],"taxonomy_info":{"product-category":[{"value":44,"label":"LINGLONG\/LEAO\/CROSSWIND Tire"},{"value":29,"label":"OTR"}]},"featured_image_src_large":["https:\/\/maxwindtyre.com\/wp-content\/uploads\/2025\/02\/LINGLONG-LEAO-CROSSWIND-E-2-LXC-MASTER-385-95R24-385-95R25-445-95R25-Mobile-Crane-Truck-Tire.jpg",750,750,false],"author_info":[],"comment_info":"","_links":{"self":[{"href":"https:\/\/maxwindtyre.com\/es\/wp-json\/wp\/v2\/product\/6558","targetHints":{"allow":["GET"]}}],"collection":[{"href":"https:\/\/maxwindtyre.com\/es\/wp-json\/wp\/v2\/product"}],"about":[{"href":"https:\/\/maxwindtyre.com\/es\/wp-json\/wp\/v2\/types\/product"}],"wp:featuredmedia":[{"embeddable":true,"href":"https:\/\/maxwindtyre.com\/es\/wp-json\/wp\/v2\/media\/6397"}],"wp:attachment":[{"href":"https:\/\/maxwindtyre.com\/es\/wp-json\/wp\/v2\/media?parent=6558"}],"wp:term":[{"taxonomy":"product-category","embeddable":true,"href":"https:\/\/maxwindtyre.com\/es\/wp-json\/wp\/v2\/product-category?post=6558"}],"curies":[{"name":"wp","href":"https:\/\/api.w.org\/{rel}","templated":true}]}}