{"id":4236,"date":"2025-02-17T07:27:01","date_gmt":"2025-02-17T07:27:01","guid":{"rendered":"https:\/\/maxwind.easiwin.com\/product\/tianli-forestry-tyre-slf-72x47-00-25-66x43-00-25-66x43-00-26-agricultural-tyre-2\/"},"modified":"2025-02-17T07:27:01","modified_gmt":"2025-02-17T07:27:01","slug":"tianli-forestry-tyre-slf-72x47-00-25-66x43-00-25-66x43-00-26-agricultural-tyre-2","status":"publish","type":"product","link":"https:\/\/maxwindtyre.com\/es\/product\/tianli-forestry-tyre-slf-72x47-00-25-66x43-00-25-66x43-00-26-agricultural-tyre-2\/","title":{"rendered":"Neum\u00e1tico forestal TIANLI SLF 72\u00d747.00-25 66\u00d743.00-25 66\u00d743.00-26 Neum\u00e1tico agr\u00edcola"},"content":{"rendered":"<table id=\"tablepress-SLF\" class=\"tablepress tablepress-id-SLF\">\n<thead>\n<tr class=\"row-1\">\n\t<th class=\"column-1\">TIPO<\/th><th class=\"column-2\">PATR\u00d3N<\/th><th class=\"column-3\">TALLA<\/th><th class=\"column-4\">TT\/TL<\/th>\n<\/tr>\n<\/thead>\n<tbody class=\"row-striping row-hover\">\n<tr class=\"row-2\">\n\t<td class=\"column-1\">Neum\u00e1ticos forestales TIANLI<\/td><td class=\"column-2\">SLF<\/td><td class=\"column-3\">72\u00d747.00-25<\/td><td class=\"column-4\">TL<\/td>\n<\/tr>\n<tr class=\"row-3\">\n\t<td class=\"column-1\">Neum\u00e1ticos forestales TIANLI<\/td><td class=\"column-2\">SLF<\/td><td class=\"column-3\">66\u00d743.00-25<\/td><td class=\"column-4\">TL<\/td>\n<\/tr>\n<tr class=\"row-4\">\n\t<td class=\"column-1\">Neum\u00e1ticos forestales TIANLI<\/td><td class=\"column-2\">SLF<\/td><td class=\"column-3\">66\u00d743.00-26<\/td><td class=\"column-4\">TL<\/td>\n<\/tr>\n<tr class=\"row-5\">\n\t<td class=\"column-1\">Neum\u00e1ticos forestales TIANLI<\/td><td class=\"column-2\">SLF<\/td><td class=\"column-3\">78\u00d745.00-32<\/td><td class=\"column-4\">TL<\/td>\n<\/tr>\n<tr class=\"row-6\">\n\t<td class=\"column-1\">Neum\u00e1ticos forestales TIANLI<\/td><td class=\"column-2\">SLF<\/td><td class=\"column-3\">DH73\u00d744.00-32<\/td><td class=\"column-4\">TL<\/td>\n<\/tr>\n<tr class=\"row-7\">\n\t<td class=\"column-1\">Neum\u00e1ticos forestales TIANLI<\/td><td class=\"column-2\">SLF<\/td><td class=\"column-3\">DH73\u00d750.00-32<\/td><td class=\"column-4\">TL<\/td>\n<\/tr>\n<\/tbody>\n<\/table>\n<!-- #tablepress-SLF from cache -->","protected":false},"featured_media":4086,"parent":0,"template":"","meta":{"_acf_changed":false,"_gspb_post_css":"","_kad_blocks_custom_css":"","_kad_blocks_head_custom_js":"","_kad_blocks_body_custom_js":"","_kad_blocks_footer_custom_js":"","_kad_post_transparent":"","_kad_post_title":"","_kad_post_layout":"","_kad_post_sidebar_id":"","_kad_post_content_style":"","_kad_post_vertical_padding":"","_kad_post_feature":"","_kad_post_feature_position":"","_kad_post_header":false,"_kad_post_footer":false,"_kad_post_classname":""},"product-category":[31,40],"class_list":["post-4236","product","type-product","status-publish","has-post-thumbnail","hentry","product-category-agr","product-category-tianli-agricultural-tire"],"acf":[],"taxonomy_info":{"product-category":[{"value":31,"label":"AGR"},{"value":40,"label":"TIANLI Agricultural Tire"}]},"featured_image_src_large":["https:\/\/maxwindtyre.com\/wp-content\/uploads\/2025\/02\/TIANLI-Forestry-Tyre-SLF-72\u00d747.00-25-66\u00d743.00-25-66\u00d743.00-26-Agricultural-Tyre.jpg",600,600,false],"author_info":[],"comment_info":"","_links":{"self":[{"href":"https:\/\/maxwindtyre.com\/es\/wp-json\/wp\/v2\/product\/4236","targetHints":{"allow":["GET"]}}],"collection":[{"href":"https:\/\/maxwindtyre.com\/es\/wp-json\/wp\/v2\/product"}],"about":[{"href":"https:\/\/maxwindtyre.com\/es\/wp-json\/wp\/v2\/types\/product"}],"wp:featuredmedia":[{"embeddable":true,"href":"https:\/\/maxwindtyre.com\/es\/wp-json\/wp\/v2\/media\/4086"}],"wp:attachment":[{"href":"https:\/\/maxwindtyre.com\/es\/wp-json\/wp\/v2\/media?parent=4236"}],"wp:term":[{"taxonomy":"product-category","embeddable":true,"href":"https:\/\/maxwindtyre.com\/es\/wp-json\/wp\/v2\/product-category?post=4236"}],"curies":[{"name":"wp","href":"https:\/\/api.w.org\/{rel}","templated":true}]}}