{"id":4219,"date":"2025-02-17T07:27:00","date_gmt":"2025-02-17T07:27:00","guid":{"rendered":"https:\/\/maxwind.easiwin.com\/product\/tianli-tractor-trailer-bias-tyre-tfp-48x25-00-20-48x31-00-20-agricultural-tyre\/"},"modified":"2025-02-17T07:27:00","modified_gmt":"2025-02-17T07:27:00","slug":"tianli-tractor-trailer-bias-tyre-tfp-48x25-00-20-48x31-00-20-agricultural-tyre","status":"publish","type":"product","link":"https:\/\/maxwindtyre.com\/es\/product\/tianli-tractor-trailer-bias-tyre-tfp-48x25-00-20-48x31-00-20-agricultural-tyre\/","title":{"rendered":"TIANLI remolque de tractor BIAS Neum\u00e1tico TFP 48X25.00-20 48X31.00-20 Neum\u00e1tico agr\u00edcola"},"content":{"rendered":"<table id=\"tablepress-TFP\" class=\"tablepress tablepress-id-TFP\">\n<thead>\n<tr class=\"row-1\">\n\t<th class=\"column-1\">TIPO<\/th><th class=\"column-2\">PATR\u00d3N<\/th><th class=\"column-3\">TALLA<\/th><th class=\"column-4\">TT\/TL<\/th>\n<\/tr>\n<\/thead>\n<tbody class=\"row-striping row-hover\">\n<tr class=\"row-2\">\n\t<td class=\"column-1\">Neum\u00e1tico TIANLI BIAS para remolques<\/td><td class=\"column-2\">PTF<\/td><td class=\"column-3\">48X25.00-20<\/td><td class=\"column-4\">TL<\/td>\n<\/tr>\n<tr class=\"row-3\">\n\t<td class=\"column-1\">Neum\u00e1tico TIANLI BIAS para remolques<\/td><td class=\"column-2\">PTF<\/td><td class=\"column-3\">48X31.00-20<\/td><td class=\"column-4\">TL<\/td>\n<\/tr>\n<\/tbody>\n<\/table>\n<!-- #tablepress-TFP from cache -->","protected":false},"featured_media":4170,"parent":0,"template":"","meta":{"_acf_changed":false,"_gspb_post_css":"","_kad_blocks_custom_css":"","_kad_blocks_head_custom_js":"","_kad_blocks_body_custom_js":"","_kad_blocks_footer_custom_js":"","_kad_post_transparent":"","_kad_post_title":"","_kad_post_layout":"","_kad_post_sidebar_id":"","_kad_post_content_style":"","_kad_post_vertical_padding":"","_kad_post_feature":"","_kad_post_feature_position":"","_kad_post_header":false,"_kad_post_footer":false,"_kad_post_classname":""},"product-category":[31,40],"class_list":["post-4219","product","type-product","status-publish","has-post-thumbnail","hentry","product-category-agr","product-category-tianli-agricultural-tire"],"acf":[],"taxonomy_info":{"product-category":[{"value":31,"label":"AGR"},{"value":40,"label":"TIANLI Agricultural Tire"}]},"featured_image_src_large":["https:\/\/maxwindtyre.com\/wp-content\/uploads\/2025\/02\/TIANLI-tractor-trailer-BIAS-Tyre-TFP-48X25.00-20-48X31.00-20-Agricultural-Tyre.jpg",600,600,false],"author_info":[],"comment_info":"","_links":{"self":[{"href":"https:\/\/maxwindtyre.com\/es\/wp-json\/wp\/v2\/product\/4219","targetHints":{"allow":["GET"]}}],"collection":[{"href":"https:\/\/maxwindtyre.com\/es\/wp-json\/wp\/v2\/product"}],"about":[{"href":"https:\/\/maxwindtyre.com\/es\/wp-json\/wp\/v2\/types\/product"}],"wp:featuredmedia":[{"embeddable":true,"href":"https:\/\/maxwindtyre.com\/es\/wp-json\/wp\/v2\/media\/4170"}],"wp:attachment":[{"href":"https:\/\/maxwindtyre.com\/es\/wp-json\/wp\/v2\/media?parent=4219"}],"wp:term":[{"taxonomy":"product-category","embeddable":true,"href":"https:\/\/maxwindtyre.com\/es\/wp-json\/wp\/v2\/product-category?post=4219"}],"curies":[{"name":"wp","href":"https:\/\/api.w.org\/{rel}","templated":true}]}}