{"id":4218,"date":"2025-02-17T07:27:00","date_gmt":"2025-02-17T07:27:00","guid":{"rendered":"https:\/\/maxwind.easiwin.com\/product\/tianli-tractor-trailer-bias-tyre-tf-42x25-00-20-48x25-00-20-48x31-00-20-agricultural-tyre\/"},"modified":"2025-02-17T07:27:00","modified_gmt":"2025-02-17T07:27:00","slug":"tianli-tractor-trailer-bias-tyre-tf-42x25-00-20-48x25-00-20-48x31-00-20-agricultural-tyre","status":"publish","type":"product","link":"https:\/\/maxwindtyre.com\/es\/product\/tianli-tractor-trailer-bias-tyre-tf-42x25-00-20-48x25-00-20-48x31-00-20-agricultural-tyre\/","title":{"rendered":"TIANLI tractor trailer BIAS Neum\u00e1tico TF 42\u00d725.00-20 48\u00d725.00-20 48\u00d731.00-20 Neum\u00e1tico Agr\u00edcola"},"content":{"rendered":"<table id=\"tablepress-TF\" class=\"tablepress tablepress-id-TF\">\n<thead>\n<tr class=\"row-1\">\n\t<th class=\"column-1\">TIPO<\/th><th class=\"column-2\">PATR\u00d3N<\/th><th class=\"column-3\">TALLA<\/th><th class=\"column-4\">TT\/TL<\/th>\n<\/tr>\n<\/thead>\n<tbody class=\"row-striping row-hover\">\n<tr class=\"row-2\">\n\t<td class=\"column-1\">Neum\u00e1tico TIANLI BIAS para remolques<\/td><td class=\"column-2\">TF<\/td><td class=\"column-3\">42\u00d725.00-20<\/td><td class=\"column-4\">TL<\/td>\n<\/tr>\n<tr class=\"row-3\">\n\t<td class=\"column-1\">Neum\u00e1tico TIANLI BIAS para remolques<\/td><td class=\"column-2\">TF<\/td><td class=\"column-3\">48\u00d725.00-20<\/td><td class=\"column-4\">TL<\/td>\n<\/tr>\n<tr class=\"row-4\">\n\t<td class=\"column-1\">Neum\u00e1tico TIANLI BIAS para remolques<\/td><td class=\"column-2\">TF<\/td><td class=\"column-3\">48\u00d731.00-20<\/td><td class=\"column-4\">TL<\/td>\n<\/tr>\n<tr class=\"row-5\">\n\t<td class=\"column-1\">Neum\u00e1tico TIANLI BIAS para remolques<\/td><td class=\"column-2\">TF<\/td><td class=\"column-3\">66\u00d743.00-25<\/td><td class=\"column-4\">TL<\/td>\n<\/tr>\n<tr class=\"row-6\">\n\t<td class=\"column-1\">Neum\u00e1tico TIANLI BIAS para remolques<\/td><td class=\"column-2\">TF<\/td><td class=\"column-3\">66\u00d743.00-25<\/td><td class=\"column-4\">TL<\/td>\n<\/tr>\n<tr class=\"row-7\">\n\t<td class=\"column-1\">Neum\u00e1tico TIANLI BIAS para remolques<\/td><td class=\"column-2\">TF<\/td><td class=\"column-3\">VA73\u00d744.00-32<\/td><td class=\"column-4\">TL<\/td>\n<\/tr>\n<\/tbody>\n<\/table>\n<!-- #tablepress-TF from cache -->","protected":false},"featured_media":4169,"parent":0,"template":"","meta":{"_acf_changed":false,"_gspb_post_css":"","_kad_blocks_custom_css":"","_kad_blocks_head_custom_js":"","_kad_blocks_body_custom_js":"","_kad_blocks_footer_custom_js":"","_kad_post_transparent":"","_kad_post_title":"","_kad_post_layout":"","_kad_post_sidebar_id":"","_kad_post_content_style":"","_kad_post_vertical_padding":"","_kad_post_feature":"","_kad_post_feature_position":"","_kad_post_header":false,"_kad_post_footer":false,"_kad_post_classname":""},"product-category":[31,40],"class_list":["post-4218","product","type-product","status-publish","has-post-thumbnail","hentry","product-category-agr","product-category-tianli-agricultural-tire"],"acf":[],"taxonomy_info":{"product-category":[{"value":31,"label":"AGR"},{"value":40,"label":"TIANLI Agricultural Tire"}]},"featured_image_src_large":["https:\/\/maxwindtyre.com\/wp-content\/uploads\/2025\/02\/TIANLI-tractor-trailer-BIAS-Tyre-TF-42\u00d725.00-20-48\u00d725.00-20-48\u00d731.00-20-Agricultural-Tyre.jpg",600,600,false],"author_info":[],"comment_info":"","_links":{"self":[{"href":"https:\/\/maxwindtyre.com\/es\/wp-json\/wp\/v2\/product\/4218","targetHints":{"allow":["GET"]}}],"collection":[{"href":"https:\/\/maxwindtyre.com\/es\/wp-json\/wp\/v2\/product"}],"about":[{"href":"https:\/\/maxwindtyre.com\/es\/wp-json\/wp\/v2\/types\/product"}],"wp:featuredmedia":[{"embeddable":true,"href":"https:\/\/maxwindtyre.com\/es\/wp-json\/wp\/v2\/media\/4169"}],"wp:attachment":[{"href":"https:\/\/maxwindtyre.com\/es\/wp-json\/wp\/v2\/media?parent=4218"}],"wp:term":[{"taxonomy":"product-category","embeddable":true,"href":"https:\/\/maxwindtyre.com\/es\/wp-json\/wp\/v2\/product-category?post=4218"}],"curies":[{"name":"wp","href":"https:\/\/api.w.org\/{rel}","templated":true}]}}