{"id":4209,"date":"2025-02-17T07:26:59","date_gmt":"2025-02-17T07:26:59","guid":{"rendered":"https:\/\/maxwind.easiwin.com\/product\/tianli-tractor-bias-tyre-rf-16-9-34-16-9-38-18-4-30-18-4-34-agricultural-tyre\/"},"modified":"2025-02-17T07:26:59","modified_gmt":"2025-02-17T07:26:59","slug":"tianli-tractor-bias-tyre-rf-16-9-34-16-9-38-18-4-30-18-4-34-agricultural-tyre","status":"publish","type":"product","link":"https:\/\/maxwindtyre.com\/es\/product\/tianli-tractor-bias-tyre-rf-16-9-34-16-9-38-18-4-30-18-4-34-agricultural-tyre\/","title":{"rendered":"TIANLI tractor BIAS Neum\u00e1tico RF 16.9-34 16.9-38 18.4-30 18.4-34 Neum\u00e1tico agr\u00edcola"},"content":{"rendered":"<table id=\"tablepress-RF\" class=\"tablepress tablepress-id-RF\">\n<thead>\n<tr class=\"row-1\">\n\t<th class=\"column-1\">TIPO<\/th><th class=\"column-2\">PATR\u00d3N<\/th><th class=\"column-3\">TALLA<\/th><th class=\"column-4\">TT\/TL<\/th>\n<\/tr>\n<\/thead>\n<tbody class=\"row-striping row-hover\">\n<tr class=\"row-2\">\n\t<td class=\"column-1\">Neum\u00e1tico TIANLI tractor BIAS<\/td><td class=\"column-2\">RF<\/td><td class=\"column-3\">9.5-24<\/td><td class=\"column-4\">TL\/TL<\/td>\n<\/tr>\n<tr class=\"row-3\">\n\t<td class=\"column-1\">Neum\u00e1tico TIANLI tractor BIAS<\/td><td class=\"column-2\">RF<\/td><td class=\"column-3\">12.4-48<\/td><td class=\"column-4\">TL\/TL<\/td>\n<\/tr>\n<tr class=\"row-4\">\n\t<td class=\"column-1\">Neum\u00e1tico TIANLI tractor BIAS<\/td><td class=\"column-2\">RF<\/td><td class=\"column-3\">12.4-54<\/td><td class=\"column-4\">TL\/TL<\/td>\n<\/tr>\n<tr class=\"row-5\">\n\t<td class=\"column-1\">Neum\u00e1tico TIANLI tractor BIAS<\/td><td class=\"column-2\">RF<\/td><td class=\"column-3\">13.6-38<\/td><td class=\"column-4\">TL\/TL<\/td>\n<\/tr>\n<tr class=\"row-6\">\n\t<td class=\"column-1\">Neum\u00e1tico TIANLI tractor BIAS<\/td><td class=\"column-2\">RF<\/td><td class=\"column-3\">14.9-24<\/td><td class=\"column-4\">TL\/TL<\/td>\n<\/tr>\n<tr class=\"row-7\">\n\t<td class=\"column-1\">Neum\u00e1tico TIANLI tractor BIAS<\/td><td class=\"column-2\">RF<\/td><td class=\"column-3\">14.9-26<\/td><td class=\"column-4\">TL\/TL<\/td>\n<\/tr>\n<tr class=\"row-8\">\n\t<td class=\"column-1\">Neum\u00e1tico TIANLI tractor BIAS<\/td><td class=\"column-2\">RF<\/td><td class=\"column-3\">14.9-30<\/td><td class=\"column-4\">TL\/TL<\/td>\n<\/tr>\n<tr class=\"row-9\">\n\t<td class=\"column-1\">Neum\u00e1tico TIANLI tractor BIAS<\/td><td class=\"column-2\">RF<\/td><td class=\"column-3\">16.9-30<\/td><td class=\"column-4\">TL\/TL<\/td>\n<\/tr>\n<tr class=\"row-10\">\n\t<td class=\"column-1\">Neum\u00e1tico TIANLI tractor BIAS<\/td><td class=\"column-2\">RF<\/td><td class=\"column-3\">16.9-34<\/td><td class=\"column-4\">TL\/TL<\/td>\n<\/tr>\n<tr class=\"row-11\">\n\t<td class=\"column-1\">Neum\u00e1tico TIANLI tractor BIAS<\/td><td class=\"column-2\">RF<\/td><td class=\"column-3\">16.9-38<\/td><td class=\"column-4\">TL\/TL<\/td>\n<\/tr>\n<tr class=\"row-12\">\n\t<td class=\"column-1\">Neum\u00e1tico TIANLI tractor BIAS<\/td><td class=\"column-2\">RF<\/td><td class=\"column-3\">18.4-30<\/td><td class=\"column-4\">TL\/TL<\/td>\n<\/tr>\n<tr class=\"row-13\">\n\t<td class=\"column-1\">Neum\u00e1tico TIANLI tractor BIAS<\/td><td class=\"column-2\">RF<\/td><td class=\"column-3\">18.4-34<\/td><td class=\"column-4\">TL\/TL<\/td>\n<\/tr>\n<tr class=\"row-14\">\n\t<td class=\"column-1\">Neum\u00e1tico TIANLI tractor BIAS<\/td><td class=\"column-2\">RF<\/td><td class=\"column-3\">18.4-38<\/td><td class=\"column-4\">TL\/TL<\/td>\n<\/tr>\n<tr class=\"row-15\">\n\t<td class=\"column-1\">Neum\u00e1tico TIANLI tractor BIAS<\/td><td class=\"column-2\">RF<\/td><td class=\"column-3\">20.8-38<\/td><td class=\"column-4\">TL\/TL<\/td>\n<\/tr>\n<tr class=\"row-16\">\n\t<td class=\"column-1\">Neum\u00e1tico TIANLI tractor BIAS<\/td><td class=\"column-2\">RF<\/td><td class=\"column-3\">23.1-26<\/td><td class=\"column-4\">TL\/TL<\/td>\n<\/tr>\n<tr class=\"row-17\">\n\t<td class=\"column-1\">Neum\u00e1tico TIANLI tractor BIAS<\/td><td class=\"column-2\">RF<\/td><td class=\"column-3\">420\/85-28<\/td><td class=\"column-4\">TL\/TL<\/td>\n<\/tr>\n<tr class=\"row-18\">\n\t<td class=\"column-1\">Neum\u00e1tico TIANLI tractor BIAS<\/td><td class=\"column-2\">RF<\/td><td class=\"column-3\">11-38<\/td><td class=\"column-4\">TL\/TL<\/td>\n<\/tr>\n<tr class=\"row-19\">\n\t<td class=\"column-1\">Neum\u00e1tico TIANLI tractor BIAS<\/td><td class=\"column-2\">RF<\/td><td class=\"column-3\">12-38<\/td><td class=\"column-4\">TL\/TL<\/td>\n<\/tr>\n<tr class=\"row-20\">\n\t<td class=\"column-1\">Neum\u00e1tico TIANLI tractor BIAS<\/td><td class=\"column-2\">RF<\/td><td class=\"column-3\">15-24<\/td><td class=\"column-4\">TL\/TL<\/td>\n<\/tr>\n<tr class=\"row-21\">\n\t<td class=\"column-1\">Neum\u00e1tico TIANLI tractor BIAS<\/td><td class=\"column-2\">RF<\/td><td class=\"column-3\">15.5-38<\/td><td class=\"column-4\">TL\/TL<\/td>\n<\/tr>\n<\/tbody>\n<\/table>\n<!-- #tablepress-RF from cache -->","protected":false},"featured_media":4193,"parent":0,"template":"","meta":{"_acf_changed":false,"_gspb_post_css":"","_kad_blocks_custom_css":"","_kad_blocks_head_custom_js":"","_kad_blocks_body_custom_js":"","_kad_blocks_footer_custom_js":"","_kad_post_transparent":"","_kad_post_title":"","_kad_post_layout":"","_kad_post_sidebar_id":"","_kad_post_content_style":"","_kad_post_vertical_padding":"","_kad_post_feature":"","_kad_post_feature_position":"","_kad_post_header":false,"_kad_post_footer":false,"_kad_post_classname":""},"product-category":[31,40],"class_list":["post-4209","product","type-product","status-publish","has-post-thumbnail","hentry","product-category-agr","product-category-tianli-agricultural-tire"],"acf":[],"taxonomy_info":{"product-category":[{"value":31,"label":"AGR"},{"value":40,"label":"TIANLI Agricultural Tire"}]},"featured_image_src_large":["https:\/\/maxwindtyre.com\/wp-content\/uploads\/2025\/02\/TIANLI-tractor-BIAS-Tyre-RF-16.9-34-16.9-38-18.4-30-18.4-34-Agricultural-Tyre.jpg",600,600,false],"author_info":[],"comment_info":"","_links":{"self":[{"href":"https:\/\/maxwindtyre.com\/es\/wp-json\/wp\/v2\/product\/4209","targetHints":{"allow":["GET"]}}],"collection":[{"href":"https:\/\/maxwindtyre.com\/es\/wp-json\/wp\/v2\/product"}],"about":[{"href":"https:\/\/maxwindtyre.com\/es\/wp-json\/wp\/v2\/types\/product"}],"wp:featuredmedia":[{"embeddable":true,"href":"https:\/\/maxwindtyre.com\/es\/wp-json\/wp\/v2\/media\/4193"}],"wp:attachment":[{"href":"https:\/\/maxwindtyre.com\/es\/wp-json\/wp\/v2\/media?parent=4209"}],"wp:term":[{"taxonomy":"product-category","embeddable":true,"href":"https:\/\/maxwindtyre.com\/es\/wp-json\/wp\/v2\/product-category?post=4209"}],"curies":[{"name":"wp","href":"https:\/\/api.w.org\/{rel}","templated":true}]}}