{"id":3974,"date":"2025-02-13T08:17:26","date_gmt":"2025-02-13T08:17:26","guid":{"rendered":"https:\/\/maxwind.easiwin.com\/product\/advance-e256-12-5-70-16-15-5-60-18-construction-vehicles-snow-tire-2\/"},"modified":"2025-02-13T08:17:26","modified_gmt":"2025-02-13T08:17:26","slug":"advance-e256-12-5-70-16-15-5-60-18-construction-vehicles-snow-tire-2","status":"publish","type":"product","link":"https:\/\/maxwindtyre.com\/es\/product\/advance-e256-12-5-70-16-15-5-60-18-construction-vehicles-snow-tire-2\/","title":{"rendered":"ADVANCE E256 12.5\/70-16 15.5\/60-18 Neum\u00e1tico de Nieve para Veh\u00edculos de Construcci\u00f3n"},"content":{"rendered":"<table id=\"tablepress-E256\" class=\"tablepress tablepress-id-E256\">\n<thead>\n<tr class=\"row-1\">\n\t<th class=\"column-1\">PATR\u00d3N<\/th><th class=\"column-2\">TALLA<\/th><th class=\"column-3\">RIMS<\/th><th class=\"column-4\">JUGADOR<\/th><th class=\"column-5\">TT\/TL<\/th><th class=\"column-6\">DI\u00c1METRO EXTERIOR (OD)<br \/>\n MM<\/th><th class=\"column-7\">ANCHO DE LA SECCI\u00d3N<br \/>\nMM<\/th>\n<\/tr>\n<\/thead>\n<tbody class=\"row-striping row-hover\">\n<tr class=\"row-2\">\n\t<td class=\"column-1\">E256<\/td><td class=\"column-2\">12.5\/70-16<\/td><td class=\"column-3\">10.00<\/td><td class=\"column-4\">8<\/td><td class=\"column-5\">8<\/td><td class=\"column-6\">848<\/td><td class=\"column-7\">316<\/td>\n<\/tr>\n<tr class=\"row-3\">\n\t<td class=\"column-1\"><\/td><td class=\"column-2\">15.5\/60-18<\/td><td class=\"column-3\">13.00<\/td><td class=\"column-4\">8<\/td><td class=\"column-5\">8<\/td><td class=\"column-6\">937<\/td><td class=\"column-7\">404<\/td>\n<\/tr>\n<\/tbody>\n<\/table>\n<!-- #tablepress-E256 from cache -->","protected":false},"featured_media":3911,"parent":0,"template":"","meta":{"_acf_changed":false,"_gspb_post_css":"","_kad_blocks_custom_css":"","_kad_blocks_head_custom_js":"","_kad_blocks_body_custom_js":"","_kad_blocks_footer_custom_js":"","_kad_post_transparent":"","_kad_post_title":"","_kad_post_layout":"","_kad_post_sidebar_id":"","_kad_post_content_style":"","_kad_post_vertical_padding":"","_kad_post_feature":"","_kad_post_feature_position":"","_kad_post_header":false,"_kad_post_footer":false,"_kad_post_classname":""},"product-category":[39,33],"class_list":["post-3974","product","type-product","status-publish","has-post-thumbnail","hentry","product-category-advance-industrial-tire","product-category-industrial-tire"],"acf":[],"taxonomy_info":{"product-category":[{"value":39,"label":"ADVANCE Tire"},{"value":33,"label":"Industrial Tire"}]},"featured_image_src_large":["https:\/\/maxwindtyre.com\/wp-content\/uploads\/2025\/02\/ADVANCE-E256-12.5-70-16-15.5-60-18-Construction-Vehicles-Snow-Tire.jpg",600,600,false],"author_info":[],"comment_info":"","_links":{"self":[{"href":"https:\/\/maxwindtyre.com\/es\/wp-json\/wp\/v2\/product\/3974","targetHints":{"allow":["GET"]}}],"collection":[{"href":"https:\/\/maxwindtyre.com\/es\/wp-json\/wp\/v2\/product"}],"about":[{"href":"https:\/\/maxwindtyre.com\/es\/wp-json\/wp\/v2\/types\/product"}],"wp:featuredmedia":[{"embeddable":true,"href":"https:\/\/maxwindtyre.com\/es\/wp-json\/wp\/v2\/media\/3911"}],"wp:attachment":[{"href":"https:\/\/maxwindtyre.com\/es\/wp-json\/wp\/v2\/media?parent=3974"}],"wp:term":[{"taxonomy":"product-category","embeddable":true,"href":"https:\/\/maxwindtyre.com\/es\/wp-json\/wp\/v2\/product-category?post=3974"}],"curies":[{"name":"wp","href":"https:\/\/api.w.org\/{rel}","templated":true}]}}