{"id":3969,"date":"2025-02-13T08:17:26","date_gmt":"2025-02-13T08:17:26","guid":{"rendered":"https:\/\/maxwind.easiwin.com\/product\/advance-tf919-18x8-50-8nhs-20x8-00-8nhs-24x12-00-12nhs-pasture-and-garden-tractors-tire-2\/"},"modified":"2025-02-13T08:17:26","modified_gmt":"2025-02-13T08:17:26","slug":"advance-tf919-18x8-50-8nhs-20x8-00-8nhs-24x12-00-12nhs-pasture-and-garden-tractors-tire-2","status":"publish","type":"product","link":"https:\/\/maxwindtyre.com\/es\/product\/advance-tf919-18x8-50-8nhs-20x8-00-8nhs-24x12-00-12nhs-pasture-and-garden-tractors-tire-2\/","title":{"rendered":"ADVANCE TF919 18\u00d78.50-8NHS 20\u00d78.00-8NHS 24\u00d712.00-12NHS Neum\u00e1ticos para tractores de pasto y jard\u00edn"},"content":{"rendered":"<table id=\"tablepress-TF919\" class=\"tablepress tablepress-id-TF919\">\n<thead>\n<tr class=\"row-1\">\n\t<th class=\"column-1\">PATR\u00d3N<\/th><th class=\"column-2\">TALLA<\/th><th class=\"column-3\">RIMS<\/th><th class=\"column-4\">JUGADOR<\/th><th class=\"column-5\">TT\/TL<\/th><th class=\"column-6\">DI\u00c1METRO EXTERIOR (OD)<br \/>\n MM<\/th><th class=\"column-7\">ANCHO DE LA SECCI\u00d3N<br \/>\nMM<\/th>\n<\/tr>\n<\/thead>\n<tbody class=\"row-striping row-hover\">\n<tr class=\"row-2\">\n\t<td class=\"column-1\">TF919<\/td><td class=\"column-2\">13\u00d75,00-6NHS<\/td><td class=\"column-3\">3.50<\/td><td class=\"column-4\">4<\/td><td class=\"column-5\">TL<\/td><td class=\"column-6\">320<\/td><td class=\"column-7\">122<\/td>\n<\/tr>\n<tr class=\"row-3\">\n\t<td class=\"column-1\"><\/td><td class=\"column-2\">15\u00d76,00-6NHS<\/td><td class=\"column-3\">4.50<\/td><td class=\"column-4\">4<\/td><td class=\"column-5\">TL<\/td><td class=\"column-6\">366<\/td><td class=\"column-7\">155<\/td>\n<\/tr>\n<tr class=\"row-4\">\n\t<td class=\"column-1\"><\/td><td class=\"column-2\">16\u00d76,50-8NHS<\/td><td class=\"column-3\">5.375<\/td><td class=\"column-4\">4<\/td><td class=\"column-5\">TL<\/td><td class=\"column-6\">406<\/td><td class=\"column-7\">165<\/td>\n<\/tr>\n<tr class=\"row-5\">\n\t<td class=\"column-1\"><\/td><td class=\"column-2\">18\u00d78,50-8NHS<\/td><td class=\"column-3\">7.00<\/td><td class=\"column-4\">4<\/td><td class=\"column-5\">TL<\/td><td class=\"column-6\">450<\/td><td class=\"column-7\">213<\/td>\n<\/tr>\n<tr class=\"row-6\">\n\t<td class=\"column-1\"><\/td><td class=\"column-2\">18\u00d79,50-8NHS<\/td><td class=\"column-3\">7.00<\/td><td class=\"column-4\">4<\/td><td class=\"column-5\">TL<\/td><td class=\"column-6\">462<\/td><td class=\"column-7\">235<\/td>\n<\/tr>\n<tr class=\"row-7\">\n\t<td class=\"column-1\"><\/td><td class=\"column-2\">20\u00d78,00-8NHS<\/td><td class=\"column-3\">6.50<\/td><td class=\"column-4\">4<\/td><td class=\"column-5\">TL<\/td><td class=\"column-6\">508<\/td><td class=\"column-7\">204<\/td>\n<\/tr>\n<tr class=\"row-8\">\n\t<td class=\"column-1\"><\/td><td class=\"column-2\">20\u00d710,00-8NHS<\/td><td class=\"column-3\">8.00<\/td><td class=\"column-4\">4<\/td><td class=\"column-5\">TL<\/td><td class=\"column-6\">508<\/td><td class=\"column-7\">254<\/td>\n<\/tr>\n<tr class=\"row-9\">\n\t<td class=\"column-1\"><\/td><td class=\"column-2\">23\u00d710,50-12NHS<\/td><td class=\"column-3\">8.50<\/td><td class=\"column-4\">4<\/td><td class=\"column-5\">TL<\/td><td class=\"column-6\">579<\/td><td class=\"column-7\">264<\/td>\n<\/tr>\n<tr class=\"row-10\">\n\t<td class=\"column-1\"><\/td><td class=\"column-2\">24\u00d712,00-12NHS<\/td><td class=\"column-3\">9.50<\/td><td class=\"column-4\">4<\/td><td class=\"column-5\">TL<\/td><td class=\"column-6\">610<\/td><td class=\"column-7\">304<\/td>\n<\/tr>\n<\/tbody>\n<\/table>","protected":false},"featured_media":3938,"parent":0,"template":"","meta":{"_acf_changed":false,"_gspb_post_css":"","_kad_blocks_custom_css":"","_kad_blocks_head_custom_js":"","_kad_blocks_body_custom_js":"","_kad_blocks_footer_custom_js":"","_kad_post_transparent":"","_kad_post_title":"","_kad_post_layout":"","_kad_post_sidebar_id":"","_kad_post_content_style":"","_kad_post_vertical_padding":"","_kad_post_feature":"","_kad_post_feature_position":"","_kad_post_header":false,"_kad_post_footer":false,"_kad_post_classname":""},"product-category":[39,33],"class_list":["post-3969","product","type-product","status-publish","has-post-thumbnail","hentry","product-category-advance-industrial-tire","product-category-industrial-tire"],"acf":[],"taxonomy_info":{"product-category":[{"value":39,"label":"ADVANCE Tire"},{"value":33,"label":"Industrial Tire"}]},"featured_image_src_large":["https:\/\/maxwindtyre.com\/wp-content\/uploads\/2025\/02\/ADVANCE-TF919-18\u00d78.50-8NHS-20\u00d78.00-8NHS-24\u00d712.00-12NHS-Pasture-And-Garden-Tractors-Tire.jpg",600,600,false],"author_info":[],"comment_info":"","_links":{"self":[{"href":"https:\/\/maxwindtyre.com\/es\/wp-json\/wp\/v2\/product\/3969","targetHints":{"allow":["GET"]}}],"collection":[{"href":"https:\/\/maxwindtyre.com\/es\/wp-json\/wp\/v2\/product"}],"about":[{"href":"https:\/\/maxwindtyre.com\/es\/wp-json\/wp\/v2\/types\/product"}],"wp:featuredmedia":[{"embeddable":true,"href":"https:\/\/maxwindtyre.com\/es\/wp-json\/wp\/v2\/media\/3938"}],"wp:attachment":[{"href":"https:\/\/maxwindtyre.com\/es\/wp-json\/wp\/v2\/media?parent=3969"}],"wp:term":[{"taxonomy":"product-category","embeddable":true,"href":"https:\/\/maxwindtyre.com\/es\/wp-json\/wp\/v2\/product-category?post=3969"}],"curies":[{"name":"wp","href":"https:\/\/api.w.org\/{rel}","templated":true}]}}