{"id":3946,"date":"2025-02-13T08:17:25","date_gmt":"2025-02-13T08:17:25","guid":{"rendered":"https:\/\/maxwind.easiwin.com\/product\/advance-l-2d-10-16-5nhs-12-16-5nhs-15-19-5nhs-skid-steer-loaders-haulers-rough-terrain-forklifts-aerial-work-tire-2\/"},"modified":"2025-02-13T08:18:16","modified_gmt":"2025-02-13T08:18:16","slug":"advance-l-2d-10-16-5nhs-12-16-5nhs-15-19-5nhs-skid-steer-loaders-haulers-rough-terrain-forklifts-aerial-work-tire-2","status":"publish","type":"product","link":"https:\/\/maxwindtyre.com\/es\/product\/advance-l-2d-10-16-5nhs-12-16-5nhs-15-19-5nhs-skid-steer-loaders-haulers-rough-terrain-forklifts-aerial-work-tire-2\/","title":{"rendered":"ADVANCE L-2D 10-16,5NHS 12-16,5NHS 15-19,5NHS Minicargadoras, d\u00famperes, carretillas elevadoras todo terreno, neum\u00e1ticos para trabajos a\u00e9reos"},"content":{"rendered":"<table id=\"tablepress-L-2D\" class=\"tablepress tablepress-id-L-2D\">\n<thead>\n<tr class=\"row-1\">\n\t<th class=\"column-1\">PATR\u00d3N<\/th><th class=\"column-2\">TALLA<\/th><th class=\"column-3\">RIMS<\/th><th class=\"column-4\">JUGADOR<\/th><th class=\"column-5\">TT\/TL<\/th><th class=\"column-6\">DI\u00c1METRO EXTERIOR (OD)<br \/>\n MM<\/th><th class=\"column-7\">ANCHO DE LA SECCI\u00d3N<br \/>\nMM<\/th>\n<\/tr>\n<\/thead>\n<tbody class=\"row-striping row-hover\">\n<tr class=\"row-2\">\n\t<td class=\"column-1\">L-2D<\/td><td class=\"column-2\">10-16,5NHS<\/td><td class=\"column-3\">8.25<\/td><td class=\"column-4\">8<\/td><td class=\"column-5\">TL<\/td><td class=\"column-6\">773<\/td><td class=\"column-7\">264<\/td>\n<\/tr>\n<tr class=\"row-3\">\n\t<td class=\"column-1\"><\/td><td class=\"column-2\"><\/td><td class=\"column-3\"><\/td><td class=\"column-4\">10<\/td><td class=\"column-5\">TL<\/td><td class=\"column-6\"><\/td><td class=\"column-7\"><\/td>\n<\/tr>\n<tr class=\"row-4\">\n\t<td class=\"column-1\"><\/td><td class=\"column-2\">12-16,5NHS<\/td><td class=\"column-3\">9.75<\/td><td class=\"column-4\">10<\/td><td class=\"column-5\">TL<\/td><td class=\"column-6\">831<\/td><td class=\"column-7\">307<\/td>\n<\/tr>\n<tr class=\"row-5\">\n\t<td class=\"column-1\"><\/td><td class=\"column-2\"><\/td><td class=\"column-3\"><\/td><td class=\"column-4\">12<\/td><td class=\"column-5\">TL<\/td><td class=\"column-6\"><\/td><td class=\"column-7\"><\/td>\n<\/tr>\n<tr class=\"row-6\">\n\t<td class=\"column-1\"><\/td><td class=\"column-2\">14-17,5NHS<\/td><td class=\"column-3\">10.5<\/td><td class=\"column-4\">16<\/td><td class=\"column-5\">TL<\/td><td class=\"column-6\">921<\/td><td class=\"column-7\">349<\/td>\n<\/tr>\n<tr class=\"row-7\">\n\t<td class=\"column-1\"><\/td><td class=\"column-2\">15-19,5NHS<\/td><td class=\"column-3\">11.75<\/td><td class=\"column-4\">16<\/td><td class=\"column-5\">TL<\/td><td class=\"column-6\">1019<\/td><td class=\"column-7\">389<\/td>\n<\/tr>\n<\/tbody>\n<\/table>\n<!-- #tablepress-L-2D from cache -->","protected":false},"featured_media":3920,"parent":0,"template":"","meta":{"_acf_changed":false,"_gspb_post_css":"","_kad_blocks_custom_css":"","_kad_blocks_head_custom_js":"","_kad_blocks_body_custom_js":"","_kad_blocks_footer_custom_js":"","_kad_post_transparent":"","_kad_post_title":"","_kad_post_layout":"","_kad_post_sidebar_id":"","_kad_post_content_style":"","_kad_post_vertical_padding":"","_kad_post_feature":"","_kad_post_feature_position":"","_kad_post_header":false,"_kad_post_footer":false,"_kad_post_classname":""},"product-category":[33,39],"class_list":["post-3946","product","type-product","status-publish","has-post-thumbnail","hentry","product-category-industrial-tire","product-category-advance-industrial-tire"],"acf":[],"taxonomy_info":{"product-category":[{"value":33,"label":"Industrial Tire"},{"value":39,"label":"ADVANCE Tire"}]},"featured_image_src_large":["https:\/\/maxwindtyre.com\/wp-content\/uploads\/2025\/02\/ADVANCE-L-2D-10-16.5NHS-12-16.5NHS-15-19.5NHS-Skid-Steer-Loaders-Haulers-Rough-Terrain-Forklifts-Aerial-Work-Tire.jpg",600,600,false],"author_info":[],"comment_info":"","_links":{"self":[{"href":"https:\/\/maxwindtyre.com\/es\/wp-json\/wp\/v2\/product\/3946","targetHints":{"allow":["GET"]}}],"collection":[{"href":"https:\/\/maxwindtyre.com\/es\/wp-json\/wp\/v2\/product"}],"about":[{"href":"https:\/\/maxwindtyre.com\/es\/wp-json\/wp\/v2\/types\/product"}],"wp:featuredmedia":[{"embeddable":true,"href":"https:\/\/maxwindtyre.com\/es\/wp-json\/wp\/v2\/media\/3920"}],"wp:attachment":[{"href":"https:\/\/maxwindtyre.com\/es\/wp-json\/wp\/v2\/media?parent=3946"}],"wp:term":[{"taxonomy":"product-category","embeddable":true,"href":"https:\/\/maxwindtyre.com\/es\/wp-json\/wp\/v2\/product-category?post=3946"}],"curies":[{"name":"wp","href":"https:\/\/api.w.org\/{rel}","templated":true}]}}