{"id":3609,"date":"2025-02-10T02:24:34","date_gmt":"2025-02-10T02:24:34","guid":{"rendered":"https:\/\/maxwind.easiwin.com\/product\/advcance-agricultural-machinery-tyre-f-3-11l-15-11l-16agricultural-tyre-2\/"},"modified":"2025-02-10T02:30:52","modified_gmt":"2025-02-10T02:30:52","slug":"advcance-agricultural-machinery-tyre-f-3-11l-15-11l-16agricultural-tyre-2","status":"publish","type":"product","link":"https:\/\/maxwindtyre.com\/es\/product\/advcance-agricultural-machinery-tyre-f-3-11l-15-11l-16agricultural-tyre-2\/","title":{"rendered":"ADVCANCE Neum\u00e1tico para maquinaria agr\u00edcola F-3 11L-15 11L-16Neum\u00e1tico agr\u00edcola"},"content":{"rendered":"<table id=\"tablepress-263\" class=\"tablepress tablepress-id-263\">\n<thead>\n<tr class=\"row-1\">\n\t<th class=\"column-1\">TIPO<\/th><th class=\"column-2\">PATR\u00d3N<\/th><th class=\"column-3\">TALLA<\/th><th class=\"column-4\">TT\/TL<\/th>\n<\/tr>\n<\/thead>\n<tbody class=\"row-striping row-hover\">\n<tr class=\"row-2\">\n\t<td class=\"column-1\">ADVCANCE Maquinaria agr\u00edcola Neum\u00e1tico<\/td><td class=\"column-2\">F-3<\/td><td class=\"column-3\">11L-15<\/td><td class=\"column-4\">TT<\/td>\n<\/tr>\n<tr class=\"row-3\">\n\t<td class=\"column-1\">ADVCANCE Maquinaria agr\u00edcola Neum\u00e1tico<\/td><td class=\"column-2\">F-3<\/td><td class=\"column-3\">11L-16<\/td><td class=\"column-4\">TT<\/td>\n<\/tr>\n<tr class=\"row-4\">\n\t<td class=\"column-1\"><\/td><td class=\"column-2\"><\/td><td class=\"column-3\"><\/td><td class=\"column-4\"><\/td>\n<\/tr>\n<tr class=\"row-5\">\n\t<td class=\"column-1\"><\/td><td class=\"column-2\"><\/td><td class=\"column-3\"><\/td><td class=\"column-4\"><\/td>\n<\/tr>\n<\/tbody>\n<\/table>\n<!-- #tablepress-263 from cache -->","protected":false},"featured_media":3567,"parent":0,"template":"","meta":{"_acf_changed":false,"_gspb_post_css":"","_kad_blocks_custom_css":"","_kad_blocks_head_custom_js":"","_kad_blocks_body_custom_js":"","_kad_blocks_footer_custom_js":"","_kad_post_transparent":"","_kad_post_title":"","_kad_post_layout":"","_kad_post_sidebar_id":"","_kad_post_content_style":"","_kad_post_vertical_padding":"","_kad_post_feature":"","_kad_post_feature_position":"","_kad_post_header":false,"_kad_post_footer":false,"_kad_post_classname":""},"product-category":[31,35],"class_list":["post-3609","product","type-product","status-publish","has-post-thumbnail","hentry","product-category-agr","product-category-advance-tire"],"acf":[],"taxonomy_info":{"product-category":[{"value":31,"label":"AGR"},{"value":35,"label":"ADVANCE Tire"}]},"featured_image_src_large":["https:\/\/maxwindtyre.com\/wp-content\/uploads\/2025\/02\/ADVCANCE-Agricultural-machinery-Tyre-F-3-11L-15-11L-16Agricultural-Tyre.jpg",600,600,false],"author_info":[],"comment_info":"","_links":{"self":[{"href":"https:\/\/maxwindtyre.com\/es\/wp-json\/wp\/v2\/product\/3609","targetHints":{"allow":["GET"]}}],"collection":[{"href":"https:\/\/maxwindtyre.com\/es\/wp-json\/wp\/v2\/product"}],"about":[{"href":"https:\/\/maxwindtyre.com\/es\/wp-json\/wp\/v2\/types\/product"}],"wp:featuredmedia":[{"embeddable":true,"href":"https:\/\/maxwindtyre.com\/es\/wp-json\/wp\/v2\/media\/3567"}],"wp:attachment":[{"href":"https:\/\/maxwindtyre.com\/es\/wp-json\/wp\/v2\/media?parent=3609"}],"wp:term":[{"taxonomy":"product-category","embeddable":true,"href":"https:\/\/maxwindtyre.com\/es\/wp-json\/wp\/v2\/product-category?post=3609"}],"curies":[{"name":"wp","href":"https:\/\/api.w.org\/{rel}","templated":true}]}}