{"id":3598,"date":"2025-02-10T02:24:33","date_gmt":"2025-02-10T02:24:33","guid":{"rendered":"https:\/\/maxwind.easiwin.com\/product\/advance-tractor-tyre-ab100-12-4-28-14-9-28-14-9-30-agricultural-tyre-2\/"},"modified":"2025-02-10T02:24:33","modified_gmt":"2025-02-10T02:24:33","slug":"advance-tractor-tyre-ab100-12-4-28-14-9-28-14-9-30-agricultural-tyre-2","status":"publish","type":"product","link":"https:\/\/maxwindtyre.com\/es\/product\/advance-tractor-tyre-ab100-12-4-28-14-9-28-14-9-30-agricultural-tyre-2\/","title":{"rendered":"Neum\u00e1tico para tractor ADVANCE AB100 12.4-28 14.9-28 14.9-30 Neum\u00e1tico agr\u00edcola"},"content":{"rendered":"<table id=\"tablepress-AB100\" class=\"tablepress tablepress-id-AB100\">\n<thead>\n<tr class=\"row-1\">\n\t<th class=\"column-1\">TIPO<\/th><th class=\"column-2\">PATR\u00d3N<\/th><th class=\"column-3\">TALLA<\/th><th class=\"column-4\">TT\/TL<\/th>\n<\/tr>\n<\/thead>\n<tbody class=\"row-striping row-hover\">\n<tr class=\"row-2\">\n\t<td class=\"column-1\">Neum\u00e1tico para tractor ADVANCE<\/td><td class=\"column-2\">AB100<\/td><td class=\"column-3\">13.6-24<\/td><td class=\"column-4\">TT<\/td>\n<\/tr>\n<tr class=\"row-3\">\n\t<td class=\"column-1\">Neum\u00e1tico para tractor ADVANCE<\/td><td class=\"column-2\">AB100<\/td><td class=\"column-3\">14.9-24<\/td><td class=\"column-4\">TT<\/td>\n<\/tr>\n<tr class=\"row-4\">\n\t<td class=\"column-1\">Neum\u00e1tico para tractor ADVANCE<\/td><td class=\"column-2\">AB100<\/td><td class=\"column-3\">14.9-26<\/td><td class=\"column-4\">TT<\/td>\n<\/tr>\n<tr class=\"row-5\">\n\t<td class=\"column-1\">Neum\u00e1tico para tractor ADVANCE<\/td><td class=\"column-2\">AB100<\/td><td class=\"column-3\">12.4-28<\/td><td class=\"column-4\">TT<\/td>\n<\/tr>\n<tr class=\"row-6\">\n\t<td class=\"column-1\">Neum\u00e1tico para tractor ADVANCE<\/td><td class=\"column-2\">AB100<\/td><td class=\"column-3\">12.4-28<\/td><td class=\"column-4\">TT<\/td>\n<\/tr>\n<tr class=\"row-7\">\n\t<td class=\"column-1\">Neum\u00e1tico para tractor ADVANCE<\/td><td class=\"column-2\">AB100<\/td><td class=\"column-3\">12.4-28<\/td><td class=\"column-4\">TT<\/td>\n<\/tr>\n<tr class=\"row-8\">\n\t<td class=\"column-1\">Neum\u00e1tico para tractor ADVANCE<\/td><td class=\"column-2\">AB100<\/td><td class=\"column-3\">13.6-28<\/td><td class=\"column-4\">TT<\/td>\n<\/tr>\n<tr class=\"row-9\">\n\t<td class=\"column-1\">Neum\u00e1tico para tractor ADVANCE<\/td><td class=\"column-2\">AB100<\/td><td class=\"column-3\">13.6-28<\/td><td class=\"column-4\">TT<\/td>\n<\/tr>\n<tr class=\"row-10\">\n\t<td class=\"column-1\">Neum\u00e1tico para tractor ADVANCE<\/td><td class=\"column-2\">AB100<\/td><td class=\"column-3\">14.9-28<\/td><td class=\"column-4\">TT<\/td>\n<\/tr>\n<tr class=\"row-11\">\n\t<td class=\"column-1\">Neum\u00e1tico para tractor ADVANCE<\/td><td class=\"column-2\">AB100<\/td><td class=\"column-3\">14.9-28<\/td><td class=\"column-4\">TT<\/td>\n<\/tr>\n<tr class=\"row-12\">\n\t<td class=\"column-1\">Neum\u00e1tico para tractor ADVANCE<\/td><td class=\"column-2\">AB100<\/td><td class=\"column-3\">14.9-28<\/td><td class=\"column-4\">TT<\/td>\n<\/tr>\n<tr class=\"row-13\">\n\t<td class=\"column-1\">Neum\u00e1tico para tractor ADVANCE<\/td><td class=\"column-2\">AB100<\/td><td class=\"column-3\">16.9-28<\/td><td class=\"column-4\">TT<\/td>\n<\/tr>\n<tr class=\"row-14\">\n\t<td class=\"column-1\">Neum\u00e1tico para tractor ADVANCE<\/td><td class=\"column-2\">AB100<\/td><td class=\"column-3\">14.9-30<\/td><td class=\"column-4\">TT<\/td>\n<\/tr>\n<tr class=\"row-15\">\n\t<td class=\"column-1\">Neum\u00e1tico para tractor ADVANCE<\/td><td class=\"column-2\">AB100<\/td><td class=\"column-3\">14.9-30<\/td><td class=\"column-4\">TT<\/td>\n<\/tr>\n<tr class=\"row-16\">\n\t<td class=\"column-1\">Neum\u00e1tico para tractor ADVANCE<\/td><td class=\"column-2\">AB100<\/td><td class=\"column-3\">14.9-30<\/td><td class=\"column-4\">TT<\/td>\n<\/tr>\n<tr class=\"row-17\">\n\t<td class=\"column-1\">Neum\u00e1tico para tractor ADVANCE<\/td><td class=\"column-2\">AB100<\/td><td class=\"column-3\">16.9-30<\/td><td class=\"column-4\">TT<\/td>\n<\/tr>\n<tr class=\"row-18\">\n\t<td class=\"column-1\">Neum\u00e1tico para tractor ADVANCE<\/td><td class=\"column-2\">AB100<\/td><td class=\"column-3\">18.4-30<\/td><td class=\"column-4\">TT<\/td>\n<\/tr>\n<tr class=\"row-19\">\n\t<td class=\"column-1\">Neum\u00e1tico para tractor ADVANCE<\/td><td class=\"column-2\">AB100<\/td><td class=\"column-3\">18.4-30<\/td><td class=\"column-4\">TT<\/td>\n<\/tr>\n<tr class=\"row-20\">\n\t<td class=\"column-1\">Neum\u00e1tico para tractor ADVANCE<\/td><td class=\"column-2\">AB100<\/td><td class=\"column-3\">18.4-30<\/td><td class=\"column-4\">TT<\/td>\n<\/tr>\n<tr class=\"row-21\">\n\t<td class=\"column-1\">Neum\u00e1tico para tractor ADVANCE<\/td><td class=\"column-2\">AB100<\/td><td class=\"column-3\">18.4-30<\/td><td class=\"column-4\">TT<\/td>\n<\/tr>\n<tr class=\"row-22\">\n\t<td class=\"column-1\">Neum\u00e1tico para tractor ADVANCE<\/td><td class=\"column-2\">AB100<\/td><td class=\"column-3\">30.5L-32<\/td><td class=\"column-4\">TT<\/td>\n<\/tr>\n<tr class=\"row-23\">\n\t<td class=\"column-1\">Neum\u00e1tico para tractor ADVANCE<\/td><td class=\"column-2\">AB100<\/td><td class=\"column-3\">30.5L-32<\/td><td class=\"column-4\">TT<\/td>\n<\/tr>\n<tr class=\"row-24\">\n\t<td class=\"column-1\">Neum\u00e1tico para tractor ADVANCE<\/td><td class=\"column-2\">AB100<\/td><td class=\"column-3\">30.5L-32<\/td><td class=\"column-4\">TT<\/td>\n<\/tr>\n<tr class=\"row-25\">\n\t<td class=\"column-1\">Neum\u00e1tico para tractor ADVANCE<\/td><td class=\"column-2\">AB100<\/td><td class=\"column-3\">16.9-34<\/td><td class=\"column-4\">TT<\/td>\n<\/tr>\n<tr class=\"row-26\">\n\t<td class=\"column-1\">Neum\u00e1tico para tractor ADVANCE<\/td><td class=\"column-2\">AB100<\/td><td class=\"column-3\">18.4-34<\/td><td class=\"column-4\">TT<\/td>\n<\/tr>\n<tr class=\"row-27\">\n\t<td class=\"column-1\">Neum\u00e1tico para tractor ADVANCE<\/td><td class=\"column-2\">AB100<\/td><td class=\"column-3\">18.4-34<\/td><td class=\"column-4\">TT<\/td>\n<\/tr>\n<tr class=\"row-28\">\n\t<td class=\"column-1\">Neum\u00e1tico para tractor ADVANCE<\/td><td class=\"column-2\">AB100<\/td><td class=\"column-3\">18.4-34<\/td><td class=\"column-4\">TT<\/td>\n<\/tr>\n<tr class=\"row-29\">\n\t<td class=\"column-1\">Neum\u00e1tico para tractor ADVANCE<\/td><td class=\"column-2\">AB100<\/td><td class=\"column-3\">12-38<\/td><td class=\"column-4\">TT<\/td>\n<\/tr>\n<tr class=\"row-30\">\n\t<td class=\"column-1\">Neum\u00e1tico para tractor ADVANCE<\/td><td class=\"column-2\">AB100<\/td><td class=\"column-3\">12-38<\/td><td class=\"column-4\">TT<\/td>\n<\/tr>\n<tr class=\"row-31\">\n\t<td class=\"column-1\">Neum\u00e1tico para tractor ADVANCE<\/td><td class=\"column-2\">AB100<\/td><td class=\"column-3\">12-38<\/td><td class=\"column-4\">TT<\/td>\n<\/tr>\n<tr class=\"row-32\">\n\t<td class=\"column-1\">Neum\u00e1tico para tractor ADVANCE<\/td><td class=\"column-2\">AB100<\/td><td class=\"column-3\">13.6-38<\/td><td class=\"column-4\">TT<\/td>\n<\/tr>\n<tr class=\"row-33\">\n\t<td class=\"column-1\">Neum\u00e1tico para tractor ADVANCE<\/td><td class=\"column-2\">AB100<\/td><td class=\"column-3\">13.6-38<\/td><td class=\"column-4\">TT<\/td>\n<\/tr>\n<tr class=\"row-34\">\n\t<td class=\"column-1\">Neum\u00e1tico para tractor ADVANCE<\/td><td class=\"column-2\">AB100<\/td><td class=\"column-3\">16.9-38<\/td><td class=\"column-4\">TT<\/td>\n<\/tr>\n<tr class=\"row-35\">\n\t<td class=\"column-1\">Neum\u00e1tico para tractor ADVANCE<\/td><td class=\"column-2\">AB100<\/td><td class=\"column-3\">16.9-38<\/td><td class=\"column-4\">TT<\/td>\n<\/tr>\n<tr class=\"row-36\">\n\t<td class=\"column-1\">Neum\u00e1tico para tractor ADVANCE<\/td><td class=\"column-2\">AB100<\/td><td class=\"column-3\">18.4-38<\/td><td class=\"column-4\">TT<\/td>\n<\/tr>\n<tr class=\"row-37\">\n\t<td class=\"column-1\">Neum\u00e1tico para tractor ADVANCE<\/td><td class=\"column-2\">AB100<\/td><td class=\"column-3\">18.4-38<\/td><td class=\"column-4\">TT<\/td>\n<\/tr>\n<tr class=\"row-38\">\n\t<td class=\"column-1\">Neum\u00e1tico para tractor ADVANCE<\/td><td class=\"column-2\">AB100<\/td><td class=\"column-3\">18.4-38<\/td><td class=\"column-4\">TT<\/td>\n<\/tr>\n<tr class=\"row-39\">\n\t<td class=\"column-1\">Neum\u00e1tico para tractor ADVANCE<\/td><td class=\"column-2\">AB100<\/td><td class=\"column-3\">18.4-38<\/td><td class=\"column-4\">TT<\/td>\n<\/tr>\n<tr class=\"row-40\">\n\t<td class=\"column-1\">Neum\u00e1tico para tractor ADVANCE<\/td><td class=\"column-2\">AB100<\/td><td class=\"column-3\">18.4-38<\/td><td class=\"column-4\">TT<\/td>\n<\/tr>\n<tr class=\"row-41\">\n\t<td class=\"column-1\">Neum\u00e1tico para tractor ADVANCE<\/td><td class=\"column-2\">AB100<\/td><td class=\"column-3\">18.4-42<\/td><td class=\"column-4\">TT<\/td>\n<\/tr>\n<tr class=\"row-42\">\n\t<td class=\"column-1\">Neum\u00e1tico para tractor ADVANCE<\/td><td class=\"column-2\">AB100<\/td><td class=\"column-3\">18.4-42<\/td><td class=\"column-4\">TT<\/td>\n<\/tr>\n<tr class=\"row-43\">\n\t<td class=\"column-1\">Neum\u00e1tico para tractor ADVANCE<\/td><td class=\"column-2\">AB100<\/td><td class=\"column-3\">18.4-42<\/td><td class=\"column-4\">TT<\/td>\n<\/tr>\n<tr class=\"row-44\">\n\t<td class=\"column-1\">Neum\u00e1tico para tractor ADVANCE<\/td><td class=\"column-2\">AB100<\/td><td class=\"column-3\">8.3-24<\/td><td class=\"column-4\">TT<\/td>\n<\/tr>\n<tr class=\"row-45\">\n\t<td class=\"column-1\">Neum\u00e1tico para tractor ADVANCE<\/td><td class=\"column-2\">AB100<\/td><td class=\"column-3\">8.3-24<\/td><td class=\"column-4\">TT<\/td>\n<\/tr>\n<tr class=\"row-46\">\n\t<td class=\"column-1\">Neum\u00e1tico para tractor ADVANCE<\/td><td class=\"column-2\">AB100<\/td><td class=\"column-3\">11.2-28<\/td><td class=\"column-4\">TT<\/td>\n<\/tr>\n<tr class=\"row-47\">\n\t<td class=\"column-1\">Neum\u00e1tico para tractor ADVANCE<\/td><td class=\"column-2\">AB100<\/td><td class=\"column-3\">20.8-38<\/td><td class=\"column-4\">TT<\/td>\n<\/tr>\n<tr class=\"row-48\">\n\t<td class=\"column-1\">Neum\u00e1tico para tractor ADVANCE<\/td><td class=\"column-2\">AB100<\/td><td class=\"column-3\">20.8-38<\/td><td class=\"column-4\">TT<\/td>\n<\/tr>\n<tr class=\"row-49\">\n\t<td class=\"column-1\">Neum\u00e1tico para tractor ADVANCE<\/td><td class=\"column-2\">AB100<\/td><td class=\"column-3\">20.8-38<\/td><td class=\"column-4\">TT<\/td>\n<\/tr>\n<tr class=\"row-50\">\n\t<td class=\"column-1\">Neum\u00e1tico para tractor ADVANCE<\/td><td class=\"column-2\">AB100<\/td><td class=\"column-3\">20.8-38<\/td><td class=\"column-4\">TT<\/td>\n<\/tr>\n<tr class=\"row-51\">\n\t<td class=\"column-1\">Neum\u00e1tico para tractor ADVANCE<\/td><td class=\"column-2\">AB100<\/td><td class=\"column-3\">20.8-38<\/td><td class=\"column-4\">TT<\/td>\n<\/tr>\n<tr class=\"row-52\">\n\t<td class=\"column-1\">Neum\u00e1tico para tractor ADVANCE<\/td><td class=\"column-2\">AB100<\/td><td class=\"column-3\">5.00-12<\/td><td class=\"column-4\">TT<\/td>\n<\/tr>\n<tr class=\"row-53\">\n\t<td class=\"column-1\">Neum\u00e1tico para tractor ADVANCE<\/td><td class=\"column-2\">AB100<\/td><td class=\"column-3\">6.00-12<\/td><td class=\"column-4\">TT<\/td>\n<\/tr>\n<tr class=\"row-54\">\n\t<td class=\"column-1\">Neum\u00e1tico para tractor ADVANCE<\/td><td class=\"column-2\">AB100<\/td><td class=\"column-3\">6.00-16<\/td><td class=\"column-4\">TT<\/td>\n<\/tr>\n<tr class=\"row-55\">\n\t<td class=\"column-1\">Neum\u00e1tico para tractor ADVANCE<\/td><td class=\"column-2\">AB100<\/td><td class=\"column-3\">7.50-16<\/td><td class=\"column-4\">TT<\/td>\n<\/tr>\n<tr class=\"row-56\">\n\t<td class=\"column-1\">Neum\u00e1tico para tractor ADVANCE<\/td><td class=\"column-2\">AB100<\/td><td class=\"column-3\">8.3-20<\/td><td class=\"column-4\">TT<\/td>\n<\/tr>\n<tr class=\"row-57\">\n\t<td class=\"column-1\">Neum\u00e1tico para tractor ADVANCE<\/td><td class=\"column-2\">AB100<\/td><td class=\"column-3\">8.3-20<\/td><td class=\"column-4\">TT<\/td>\n<\/tr>\n<tr class=\"row-58\">\n\t<td class=\"column-1\">Neum\u00e1tico para tractor ADVANCE<\/td><td class=\"column-2\">AB100<\/td><td class=\"column-3\">12.4(11)-32<\/td><td class=\"column-4\">TT<\/td>\n<\/tr>\n<tr class=\"row-59\">\n\t<td class=\"column-1\">Neum\u00e1tico para tractor ADVANCE<\/td><td class=\"column-2\">AB100<\/td><td class=\"column-3\">12.4(11)-32<\/td><td class=\"column-4\">TT<\/td>\n<\/tr>\n<tr class=\"row-60\">\n\t<td class=\"column-1\">Neum\u00e1tico para tractor ADVANCE<\/td><td class=\"column-2\">AB100<\/td><td class=\"column-3\">12.4(11)-32<\/td><td class=\"column-4\">TT<\/td>\n<\/tr>\n<tr class=\"row-61\">\n\t<td class=\"column-1\">Neum\u00e1tico para tractor ADVANCE<\/td><td class=\"column-2\">AB100<\/td><td class=\"column-3\">11.2-24<\/td><td class=\"column-4\">TT<\/td>\n<\/tr>\n<tr class=\"row-62\">\n\t<td class=\"column-1\">Neum\u00e1tico para tractor ADVANCE<\/td><td class=\"column-2\">AB100<\/td><td class=\"column-3\">11.2-24<\/td><td class=\"column-4\">TT<\/td>\n<\/tr>\n<tr class=\"row-63\">\n\t<td class=\"column-1\">Neum\u00e1tico para tractor ADVANCE<\/td><td class=\"column-2\">AB100<\/td><td class=\"column-3\">11.2-24<\/td><td class=\"column-4\">TT<\/td>\n<\/tr>\n<tr class=\"row-64\">\n\t<td class=\"column-1\">Neum\u00e1tico para tractor ADVANCE<\/td><td class=\"column-2\">AB100<\/td><td class=\"column-3\">12.4-24<\/td><td class=\"column-4\">TT<\/td>\n<\/tr>\n<tr class=\"row-65\">\n\t<td class=\"column-1\">Neum\u00e1tico para tractor ADVANCE<\/td><td class=\"column-2\">AB100<\/td><td class=\"column-3\">12.4-24<\/td><td class=\"column-4\">TT<\/td>\n<\/tr>\n<tr class=\"row-66\">\n\t<td class=\"column-1\">Neum\u00e1tico para tractor ADVANCE<\/td><td class=\"column-2\">AB100<\/td><td class=\"column-3\">12.4-24<\/td><td class=\"column-4\">TT<\/td>\n<\/tr>\n<tr class=\"row-67\">\n\t<td class=\"column-1\">Neum\u00e1tico para tractor ADVANCE<\/td><td class=\"column-2\">AB100<\/td><td class=\"column-3\">12.4-24<\/td><td class=\"column-4\">TT<\/td>\n<\/tr>\n<tr class=\"row-68\">\n\t<td class=\"column-1\">Neum\u00e1tico para tractor ADVANCE<\/td><td class=\"column-2\">AB100<\/td><td class=\"column-3\">9.5-28<\/td><td class=\"column-4\">TT<\/td>\n<\/tr>\n<tr class=\"row-69\">\n\t<td class=\"column-1\">Neum\u00e1tico para tractor ADVANCE<\/td><td class=\"column-2\">AB100<\/td><td class=\"column-3\">6.5-20<\/td><td class=\"column-4\">TT<\/td>\n<\/tr>\n<tr class=\"row-70\">\n\t<td class=\"column-1\">Neum\u00e1tico para tractor ADVANCE<\/td><td class=\"column-2\">AB100<\/td><td class=\"column-3\">15-24<\/td><td class=\"column-4\">TT<\/td>\n<\/tr>\n<tr class=\"row-71\">\n\t<td class=\"column-1\">Neum\u00e1tico para tractor ADVANCE<\/td><td class=\"column-2\">AB100<\/td><td class=\"column-3\">9.5-24<\/td><td class=\"column-4\">TT<\/td>\n<\/tr>\n<\/tbody>\n<\/table>\n<!-- #tablepress-AB100 from cache -->","protected":false},"featured_media":3558,"parent":0,"template":"","meta":{"_acf_changed":false,"_gspb_post_css":"","_kad_blocks_custom_css":"","_kad_blocks_head_custom_js":"","_kad_blocks_body_custom_js":"","_kad_blocks_footer_custom_js":"","_kad_post_transparent":"","_kad_post_title":"","_kad_post_layout":"","_kad_post_sidebar_id":"","_kad_post_content_style":"","_kad_post_vertical_padding":"","_kad_post_feature":"","_kad_post_feature_position":"","_kad_post_header":false,"_kad_post_footer":false,"_kad_post_classname":""},"product-category":[35,31],"class_list":["post-3598","product","type-product","status-publish","has-post-thumbnail","hentry","product-category-advance-tire","product-category-agr"],"acf":[],"taxonomy_info":{"product-category":[{"value":35,"label":"ADVANCE Tire"},{"value":31,"label":"AGR"}]},"featured_image_src_large":["https:\/\/maxwindtyre.com\/wp-content\/uploads\/2025\/02\/ADVANCE-tractor-Tyre-AB100-12.4-28-14.9-28-14.9-30-Agricultural-Tyre.jpg",600,600,false],"author_info":[],"comment_info":"","_links":{"self":[{"href":"https:\/\/maxwindtyre.com\/es\/wp-json\/wp\/v2\/product\/3598","targetHints":{"allow":["GET"]}}],"collection":[{"href":"https:\/\/maxwindtyre.com\/es\/wp-json\/wp\/v2\/product"}],"about":[{"href":"https:\/\/maxwindtyre.com\/es\/wp-json\/wp\/v2\/types\/product"}],"wp:featuredmedia":[{"embeddable":true,"href":"https:\/\/maxwindtyre.com\/es\/wp-json\/wp\/v2\/media\/3558"}],"wp:attachment":[{"href":"https:\/\/maxwindtyre.com\/es\/wp-json\/wp\/v2\/media?parent=3598"}],"wp:term":[{"taxonomy":"product-category","embeddable":true,"href":"https:\/\/maxwindtyre.com\/es\/wp-json\/wp\/v2\/product-category?post=3598"}],"curies":[{"name":"wp","href":"https:\/\/api.w.org\/{rel}","templated":true}]}}