{"id":3589,"date":"2025-02-10T02:24:33","date_gmt":"2025-02-10T02:24:33","guid":{"rendered":"https:\/\/maxwind.easiwin.com\/product\/marcher-tire-i-1-7-60-15-12-5l-15-49-17-agricultural-tire\/"},"modified":"2025-02-10T02:42:48","modified_gmt":"2025-02-10T02:42:48","slug":"marcher-tire-i-1-7-60-15-12-5l-15-49-17-agricultural-tire","status":"publish","type":"product","link":"https:\/\/maxwindtyre.com\/es\/product\/marcher-tire-i-1-7-60-15-12-5l-15-49-17-agricultural-tire\/","title":{"rendered":"Neum\u00e1tico Marcher I-1 7.60-15 12.5L-15 49-17 Neum\u00e1tico agr\u00edcola"},"content":{"rendered":"<table id=\"tablepress-I-1\" class=\"tablepress tablepress-id-I-1\">\n<thead>\n<tr class=\"row-1\">\n\t<th class=\"column-1\">Tipo<\/th><th class=\"column-2\">Talla<\/th><th class=\"column-3\">PR<\/th><th class=\"column-4\">Patr\u00f3n<\/th><th class=\"column-5\">C\u00f3digo<\/th><th class=\"column-6\">Tipo<\/th><th class=\"column-7\">40HQ<\/th>\n<\/tr>\n<\/thead>\n<tbody class=\"row-striping row-hover\">\n<tr class=\"row-2\">\n\t<td class=\"column-1\"><\/td><td class=\"column-2\"><\/td><td class=\"column-3\"><\/td><td class=\"column-4\"><\/td><td class=\"column-5\"><\/td><td class=\"column-6\"><\/td><td class=\"column-7\"><\/td>\n<\/tr>\n<tr class=\"row-3\">\n\t<td class=\"column-1\">Neum\u00e1ticos agr\u00edcolas<\/td><td class=\"column-2\">7.50-16<\/td><td class=\"column-3\">10<\/td><td class=\"column-4\">SURUS<\/td><td class=\"column-5\">I-1<\/td><td class=\"column-6\">TT<\/td><td class=\"column-7\">760<\/td>\n<\/tr>\n<tr class=\"row-4\">\n\t<td class=\"column-1\"><\/td><td class=\"column-2\">6.50-16<\/td><td class=\"column-3\">8<\/td><td class=\"column-4\">SURUS<\/td><td class=\"column-5\">I-1<\/td><td class=\"column-6\">TT<\/td><td class=\"column-7\">980<\/td>\n<\/tr>\n<tr class=\"row-5\">\n\t<td class=\"column-1\"><\/td><td class=\"column-2\">11L-15<\/td><td class=\"column-3\">8<\/td><td class=\"column-4\">QZ-709<\/td><td class=\"column-5\">I-1<\/td><td class=\"column-6\">TT\/TL<\/td><td class=\"column-7\">600<\/td>\n<\/tr>\n<tr class=\"row-6\">\n\t<td class=\"column-1\"><\/td><td class=\"column-2\">11L-15<\/td><td class=\"column-3\">10<\/td><td class=\"column-4\">QZ-709<\/td><td class=\"column-5\">I-1<\/td><td class=\"column-6\">TT\/TL<\/td><td class=\"column-7\">600<\/td>\n<\/tr>\n<tr class=\"row-7\">\n\t<td class=\"column-1\"><\/td><td class=\"column-2\">11L-15<\/td><td class=\"column-3\">12<\/td><td class=\"column-4\">QZ-709<\/td><td class=\"column-5\">I-1<\/td><td class=\"column-6\">TT\/TL<\/td><td class=\"column-7\">600<\/td>\n<\/tr>\n<tr class=\"row-8\">\n\t<td class=\"column-1\"><\/td><td class=\"column-2\">9.5L-14<\/td><td class=\"column-3\">8<\/td><td class=\"column-4\">QZ-709<\/td><td class=\"column-5\">I-1<\/td><td class=\"column-6\">TT\/TL<\/td><td class=\"column-7\">800<\/td>\n<\/tr>\n<tr class=\"row-9\">\n\t<td class=\"column-1\"><\/td><td class=\"column-2\">9.5L-15<\/td><td class=\"column-3\">8<\/td><td class=\"column-4\">QZ-709<\/td><td class=\"column-5\">I-1<\/td><td class=\"column-6\">TT\/TL<\/td><td class=\"column-7\">780<\/td>\n<\/tr>\n<tr class=\"row-10\">\n\t<td class=\"column-1\"><\/td><td class=\"column-2\">11L-16<\/td><td class=\"column-3\">8<\/td><td class=\"column-4\">QZ-709<\/td><td class=\"column-5\">I-1<\/td><td class=\"column-6\">TT\/TL<\/td><td class=\"column-7\">560<\/td>\n<\/tr>\n<tr class=\"row-11\">\n\t<td class=\"column-1\"><\/td><td class=\"column-2\">12.5L-15<\/td><td class=\"column-3\">10<\/td><td class=\"column-4\">QZ-709<\/td><td class=\"column-5\">I-1<\/td><td class=\"column-6\">TT\/TL<\/td><td class=\"column-7\">480<\/td>\n<\/tr>\n<tr class=\"row-12\">\n\t<td class=\"column-1\"><\/td><td class=\"column-2\">12.5L-15<\/td><td class=\"column-3\">12<\/td><td class=\"column-4\">QZ-709<\/td><td class=\"column-5\">I-1<\/td><td class=\"column-6\">TT\/TL<\/td><td class=\"column-7\">480<\/td>\n<\/tr>\n<tr class=\"row-13\">\n\t<td class=\"column-1\"><\/td><td class=\"column-2\">7.60-15<\/td><td class=\"column-3\">8<\/td><td class=\"column-4\">QZ-709<\/td><td class=\"column-5\">I-1<\/td><td class=\"column-6\">TT\/TL<\/td><td class=\"column-7\">820<\/td>\n<\/tr>\n<tr class=\"row-14\">\n\t<td class=\"column-1\"><\/td><td class=\"column-2\">7.50-16<\/td><td class=\"column-3\">8<\/td><td class=\"column-4\">QZ-709<\/td><td class=\"column-5\">I-1<\/td><td class=\"column-6\">TT\/TL<\/td><td class=\"column-7\">800<\/td>\n<\/tr>\n<tr class=\"row-15\">\n\t<td class=\"column-1\"><\/td><td class=\"column-2\">10.5\/80-18<\/td><td class=\"column-3\">10<\/td><td class=\"column-4\">QZ-709<\/td><td class=\"column-5\">I-1<\/td><td class=\"column-6\">TT\/TL<\/td><td class=\"column-7\">400<\/td>\n<\/tr>\n<tr class=\"row-16\">\n\t<td class=\"column-1\"><\/td><td class=\"column-2\">9.00-16<\/td><td class=\"column-3\">10<\/td><td class=\"column-4\">QZ-709A<\/td><td class=\"column-5\">I-1<\/td><td class=\"column-6\">TT\/TL<\/td><td class=\"column-7\">600<\/td>\n<\/tr>\n<tr class=\"row-17\">\n\t<td class=\"column-1\"><\/td><td class=\"column-2\">49-17<\/td><td class=\"column-3\">20<\/td><td class=\"column-4\">QZ-709A<\/td><td class=\"column-5\">I-1<\/td><td class=\"column-6\">TT<\/td><td class=\"column-7\">130<\/td>\n<\/tr>\n<tr class=\"row-18\">\n\t<td class=\"column-1\"><\/td><td class=\"column-2\">49-17<\/td><td class=\"column-3\">24<\/td><td class=\"column-4\">QZ-709A<\/td><td class=\"column-5\">I-1<\/td><td class=\"column-6\">TT<\/td><td class=\"column-7\">130<\/td>\n<\/tr>\n<tr class=\"row-19\">\n\t<td class=\"column-1\"><\/td><td class=\"column-2\">49-17<\/td><td class=\"column-3\">28<\/td><td class=\"column-4\">QZ-709A<\/td><td class=\"column-5\">I-1<\/td><td class=\"column-6\">TT<\/td><td class=\"column-7\">130<\/td>\n<\/tr>\n<tr class=\"row-20\">\n\t<td class=\"column-1\"><\/td><td class=\"column-2\">11L14<\/td><td class=\"column-3\">8<\/td><td class=\"column-4\">QZ-709<\/td><td class=\"column-5\">I-1<\/td><td class=\"column-6\">TT\/TL<\/td><td class=\"column-7\">670<\/td>\n<\/tr>\n<tr class=\"row-21\">\n\t<td class=\"column-1\"><\/td><td class=\"column-2\">12.5L16<\/td><td class=\"column-3\">12<\/td><td class=\"column-4\">QZ-709<\/td><td class=\"column-5\">I-1<\/td><td class=\"column-6\">TT\/TL<\/td><td class=\"column-7\">450<\/td>\n<\/tr>\n<tr class=\"row-22\">\n\t<td class=\"column-1\"><\/td><td class=\"column-2\">12.5L-15<\/td><td class=\"column-3\">10<\/td><td class=\"column-4\">QZ-709B<\/td><td class=\"column-5\">I-1<\/td><td class=\"column-6\">TT\/TL<\/td><td class=\"column-7\">590<\/td>\n<\/tr>\n<tr class=\"row-23\">\n\t<td class=\"column-1\"><\/td><td class=\"column-2\">12.5L-15<\/td><td class=\"column-3\">12<\/td><td class=\"column-4\">QZ-709B<\/td><td class=\"column-5\">I-1<\/td><td class=\"column-6\">TT\/TL<\/td><td class=\"column-7\">590<\/td>\n<\/tr>\n<\/tbody>\n<\/table>\n<!-- #tablepress-I-1 from cache -->","protected":false},"featured_media":3550,"parent":0,"template":"","meta":{"_acf_changed":false,"_gspb_post_css":"","_kad_blocks_custom_css":"","_kad_blocks_head_custom_js":"","_kad_blocks_body_custom_js":"","_kad_blocks_footer_custom_js":"","_kad_post_transparent":"","_kad_post_title":"","_kad_post_layout":"","_kad_post_sidebar_id":"","_kad_post_content_style":"","_kad_post_vertical_padding":"","_kad_post_feature":"","_kad_post_feature_position":"","_kad_post_header":false,"_kad_post_footer":false,"_kad_post_classname":""},"product-category":[31,32],"class_list":["post-3589","product","type-product","status-publish","has-post-thumbnail","hentry","product-category-agr","product-category-bias-agr-tire"],"acf":[],"taxonomy_info":{"product-category":[{"value":31,"label":"AGR"},{"value":32,"label":"BIAS AGR Tire"}]},"featured_image_src_large":["https:\/\/maxwindtyre.com\/wp-content\/uploads\/2025\/02\/I-1.jpg",600,600,false],"author_info":[],"comment_info":"","_links":{"self":[{"href":"https:\/\/maxwindtyre.com\/es\/wp-json\/wp\/v2\/product\/3589","targetHints":{"allow":["GET"]}}],"collection":[{"href":"https:\/\/maxwindtyre.com\/es\/wp-json\/wp\/v2\/product"}],"about":[{"href":"https:\/\/maxwindtyre.com\/es\/wp-json\/wp\/v2\/types\/product"}],"wp:featuredmedia":[{"embeddable":true,"href":"https:\/\/maxwindtyre.com\/es\/wp-json\/wp\/v2\/media\/3550"}],"wp:attachment":[{"href":"https:\/\/maxwindtyre.com\/es\/wp-json\/wp\/v2\/media?parent=3589"}],"wp:term":[{"taxonomy":"product-category","embeddable":true,"href":"https:\/\/maxwindtyre.com\/es\/wp-json\/wp\/v2\/product-category?post=3589"}],"curies":[{"name":"wp","href":"https:\/\/api.w.org\/{rel}","templated":true}]}}