{"id":3447,"date":"2025-02-07T07:38:26","date_gmt":"2025-02-07T07:38:26","guid":{"rendered":"https:\/\/maxwind.easiwin.com\/product\/paddy-tire-pr1-8-3-24-14-9-26-20-8-38-agriculture-tire-2\/"},"modified":"2025-02-07T07:38:26","modified_gmt":"2025-02-07T07:38:26","slug":"paddy-tire-pr1-8-3-24-14-9-26-20-8-38-agriculture-tire-2","status":"publish","type":"product","link":"https:\/\/maxwindtyre.com\/es\/product\/paddy-tire-pr1-8-3-24-14-9-26-20-8-38-agriculture-tire-2\/","title":{"rendered":"Neum\u00e1tico Paddy PR1 8,3-24 14,9-26 20,8-38 Neum\u00e1tico agr\u00edcola"},"content":{"rendered":"<table id=\"tablepress-PR1\" class=\"tablepress tablepress-id-PR1\">\n<thead>\n<tr class=\"row-1\">\n\t<th class=\"column-1\">TIPO<\/th><th class=\"column-2\">PATR\u00d3N<\/th><th class=\"column-3\">TALLA<\/th><th class=\"column-4\">JUGADOR<\/th><th class=\"column-5\">PROFUNDIDAD DEL PATR\u00d3N<\/th><th class=\"column-6\">TT\/TL<\/th>\n<\/tr>\n<\/thead>\n<tbody class=\"row-striping row-hover\">\n<tr class=\"row-2\">\n\t<td class=\"column-1\">neum\u00e1tico paddy<\/td><td class=\"column-2\">PR1<\/td><td class=\"column-3\">6.00-12<\/td><td class=\"column-4\">6<\/td><td class=\"column-5\">45<\/td><td class=\"column-6\">TT<\/td>\n<\/tr>\n<tr class=\"row-3\">\n\t<td class=\"column-1\">neum\u00e1tico paddy<\/td><td class=\"column-2\">PR1<\/td><td class=\"column-3\">6.00-14<\/td><td class=\"column-4\">6<\/td><td class=\"column-5\">50<\/td><td class=\"column-6\">TT<\/td>\n<\/tr>\n<tr class=\"row-4\">\n\t<td class=\"column-1\">neum\u00e1tico paddy<\/td><td class=\"column-2\">PR1<\/td><td class=\"column-3\">6.50-16<\/td><td class=\"column-4\">6<\/td><td class=\"column-5\">60<\/td><td class=\"column-6\">TT<\/td>\n<\/tr>\n<tr class=\"row-5\">\n\t<td class=\"column-1\">neum\u00e1tico paddy<\/td><td class=\"column-2\">PR1<\/td><td class=\"column-3\">7.50-16<\/td><td class=\"column-4\">6<\/td><td class=\"column-5\">68<\/td><td class=\"column-6\">TT<\/td>\n<\/tr>\n<tr class=\"row-6\">\n\t<td class=\"column-1\">neum\u00e1tico paddy<\/td><td class=\"column-2\">PR1<\/td><td class=\"column-3\">8.3-20<\/td><td class=\"column-4\">8<\/td><td class=\"column-5\">68<\/td><td class=\"column-6\">TT<\/td>\n<\/tr>\n<tr class=\"row-7\">\n\t<td class=\"column-1\">neum\u00e1tico paddy<\/td><td class=\"column-2\">PR1<\/td><td class=\"column-3\">8.3-24<\/td><td class=\"column-4\">8<\/td><td class=\"column-5\">68<\/td><td class=\"column-6\">TT<\/td>\n<\/tr>\n<tr class=\"row-8\">\n\t<td class=\"column-1\">neum\u00e1tico paddy<\/td><td class=\"column-2\">PR1<\/td><td class=\"column-3\">9.5-20<\/td><td class=\"column-4\">6<\/td><td class=\"column-5\">70<\/td><td class=\"column-6\">TT<\/td>\n<\/tr>\n<tr class=\"row-9\">\n\t<td class=\"column-1\">neum\u00e1tico paddy<\/td><td class=\"column-2\">PR1<\/td><td class=\"column-3\">9.5-24<\/td><td class=\"column-4\">8<\/td><td class=\"column-5\">70<\/td><td class=\"column-6\">TT<\/td>\n<\/tr>\n<tr class=\"row-10\">\n\t<td class=\"column-1\">neum\u00e1tico paddy<\/td><td class=\"column-2\">PR1<\/td><td class=\"column-3\">11-32<\/td><td class=\"column-4\">14<\/td><td class=\"column-5\">72<\/td><td class=\"column-6\">TT<\/td>\n<\/tr>\n<tr class=\"row-11\">\n\t<td class=\"column-1\">neum\u00e1tico paddy<\/td><td class=\"column-2\">PR1<\/td><td class=\"column-3\">11.2-24<\/td><td class=\"column-4\">10<\/td><td class=\"column-5\">72<\/td><td class=\"column-6\">TT<\/td>\n<\/tr>\n<tr class=\"row-12\">\n\t<td class=\"column-1\">neum\u00e1tico paddy<\/td><td class=\"column-2\">PR1<\/td><td class=\"column-3\">11.2-28<\/td><td class=\"column-4\">10<\/td><td class=\"column-5\">80<\/td><td class=\"column-6\">TT<\/td>\n<\/tr>\n<tr class=\"row-13\">\n\t<td class=\"column-1\">neum\u00e1tico paddy<\/td><td class=\"column-2\">PR1<\/td><td class=\"column-3\">13.6-24<\/td><td class=\"column-4\">10<\/td><td class=\"column-5\">85<\/td><td class=\"column-6\">TT<\/td>\n<\/tr>\n<tr class=\"row-14\">\n\t<td class=\"column-1\">neum\u00e1tico paddy<\/td><td class=\"column-2\">PR1<\/td><td class=\"column-3\">13.6-38<\/td><td class=\"column-4\">10<\/td><td class=\"column-5\">80<\/td><td class=\"column-6\">TT<\/td>\n<\/tr>\n<tr class=\"row-15\">\n\t<td class=\"column-1\">neum\u00e1tico paddy<\/td><td class=\"column-2\">PR1<\/td><td class=\"column-3\">14.9-24<\/td><td class=\"column-4\">10<\/td><td class=\"column-5\">72<\/td><td class=\"column-6\">TT<\/td>\n<\/tr>\n<tr class=\"row-16\">\n\t<td class=\"column-1\">neum\u00e1tico paddy<\/td><td class=\"column-2\">PR1<\/td><td class=\"column-3\">14.9-26<\/td><td class=\"column-4\">10<\/td><td class=\"column-5\">72<\/td><td class=\"column-6\">TT<\/td>\n<\/tr>\n<tr class=\"row-17\">\n\t<td class=\"column-1\">neum\u00e1tico paddy<\/td><td class=\"column-2\">PR1<\/td><td class=\"column-3\">14.9-28<\/td><td class=\"column-4\">10<\/td><td class=\"column-5\">72<\/td><td class=\"column-6\">TT<\/td>\n<\/tr>\n<tr class=\"row-18\">\n\t<td class=\"column-1\">neum\u00e1tico paddy<\/td><td class=\"column-2\">PR1<\/td><td class=\"column-3\">16.9-28<\/td><td class=\"column-4\">10<\/td><td class=\"column-5\">80<\/td><td class=\"column-6\">TT<\/td>\n<\/tr>\n<tr class=\"row-19\">\n\t<td class=\"column-1\">neum\u00e1tico paddy<\/td><td class=\"column-2\">PR1<\/td><td class=\"column-3\">16.9-30<\/td><td class=\"column-4\">14<\/td><td class=\"column-5\">80<\/td><td class=\"column-6\">TT<\/td>\n<\/tr>\n<tr class=\"row-20\">\n\t<td class=\"column-1\">neum\u00e1tico paddy<\/td><td class=\"column-2\">PR1<\/td><td class=\"column-3\">16.9-34<\/td><td class=\"column-4\">10<\/td><td class=\"column-5\">80<\/td><td class=\"column-6\">TT<\/td>\n<\/tr>\n<tr class=\"row-21\">\n\t<td class=\"column-1\">neum\u00e1tico paddy<\/td><td class=\"column-2\">PR1<\/td><td class=\"column-3\">18.4-38<\/td><td class=\"column-4\">12<\/td><td class=\"column-5\">88<\/td><td class=\"column-6\">TT<\/td>\n<\/tr>\n<tr class=\"row-22\">\n\t<td class=\"column-1\">neum\u00e1tico paddy<\/td><td class=\"column-2\">PR1<\/td><td class=\"column-3\">20.8-38<\/td><td class=\"column-4\">12<\/td><td class=\"column-5\">90<\/td><td class=\"column-6\">TT<\/td>\n<\/tr>\n<\/tbody>\n<\/table>\n<!-- #tablepress-PR1 from cache -->","protected":false},"featured_media":3411,"parent":0,"template":"","meta":{"_acf_changed":false,"_gspb_post_css":"","_kad_blocks_custom_css":"","_kad_blocks_head_custom_js":"","_kad_blocks_body_custom_js":"","_kad_blocks_footer_custom_js":"","_kad_post_transparent":"","_kad_post_title":"","_kad_post_layout":"","_kad_post_sidebar_id":"","_kad_post_content_style":"","_kad_post_vertical_padding":"","_kad_post_feature":"","_kad_post_feature_position":"","_kad_post_header":false,"_kad_post_footer":false,"_kad_post_classname":""},"product-category":[31,32],"class_list":["post-3447","product","type-product","status-publish","has-post-thumbnail","hentry","product-category-agr","product-category-bias-agr-tire"],"acf":[],"taxonomy_info":{"product-category":[{"value":31,"label":"AGR"},{"value":32,"label":"BIAS AGR Tire"}]},"featured_image_src_large":["https:\/\/maxwindtyre.com\/wp-content\/uploads\/2025\/02\/Paddy-Tire-PR1-8.3-24-14.9-26-20.8-38-Agriculture-Tire.jpg",600,600,false],"author_info":[],"comment_info":"","_links":{"self":[{"href":"https:\/\/maxwindtyre.com\/es\/wp-json\/wp\/v2\/product\/3447","targetHints":{"allow":["GET"]}}],"collection":[{"href":"https:\/\/maxwindtyre.com\/es\/wp-json\/wp\/v2\/product"}],"about":[{"href":"https:\/\/maxwindtyre.com\/es\/wp-json\/wp\/v2\/types\/product"}],"wp:featuredmedia":[{"embeddable":true,"href":"https:\/\/maxwindtyre.com\/es\/wp-json\/wp\/v2\/media\/3411"}],"wp:attachment":[{"href":"https:\/\/maxwindtyre.com\/es\/wp-json\/wp\/v2\/media?parent=3447"}],"wp:term":[{"taxonomy":"product-category","embeddable":true,"href":"https:\/\/maxwindtyre.com\/es\/wp-json\/wp\/v2\/product-category?post=3447"}],"curies":[{"name":"wp","href":"https:\/\/api.w.org\/{rel}","templated":true}]}}