{"id":3445,"date":"2025-02-07T07:38:25","date_gmt":"2025-02-07T07:38:25","guid":{"rendered":"https:\/\/maxwind.easiwin.com\/product\/farm-tire-r1w-7-00-12-11-2-28-13-6-16-agriculture-tire-2\/"},"modified":"2025-02-07T07:38:25","modified_gmt":"2025-02-07T07:38:25","slug":"farm-tire-r1w-7-00-12-11-2-28-13-6-16-agriculture-tire-2","status":"publish","type":"product","link":"https:\/\/maxwindtyre.com\/es\/product\/farm-tire-r1w-7-00-12-11-2-28-13-6-16-agriculture-tire-2\/","title":{"rendered":"Neum\u00e1tico Agr\u00edcola R1W 7.00-12 11.2-28 13.6-16 Neum\u00e1tico Agr\u00edcola"},"content":{"rendered":"<table id=\"tablepress-R1W\" class=\"tablepress tablepress-id-R1W\">\n<thead>\n<tr class=\"row-1\">\n\t<th class=\"column-1\">TIPO<\/th><th class=\"column-2\">PATR\u00d3N<\/th><th class=\"column-3\">TALLA<\/th><th class=\"column-4\">JUGADOR<\/th><th class=\"column-5\">PROFUNDIDAD DEL PATR\u00d3N<\/th><th class=\"column-6\">TT\/TL<\/th>\n<\/tr>\n<\/thead>\n<tbody class=\"row-striping row-hover\">\n<tr class=\"row-2\">\n\t<td class=\"column-1\">neum\u00e1tico agr\u00edcola<\/td><td class=\"column-2\">R1W<\/td><td class=\"column-3\">6.00-12<\/td><td class=\"column-4\">8<\/td><td class=\"column-5\">27<\/td><td class=\"column-6\">TT<\/td>\n<\/tr>\n<tr class=\"row-3\">\n\t<td class=\"column-1\">neum\u00e1tico agr\u00edcola<\/td><td class=\"column-2\">R1W<\/td><td class=\"column-3\">6.00-14<\/td><td class=\"column-4\">8<\/td><td class=\"column-5\">30<\/td><td class=\"column-6\">TT<\/td>\n<\/tr>\n<tr class=\"row-4\">\n\t<td class=\"column-1\">neum\u00e1tico agr\u00edcola<\/td><td class=\"column-2\">R1W<\/td><td class=\"column-3\">6.00-16<\/td><td class=\"column-4\">8<\/td><td class=\"column-5\">26<\/td><td class=\"column-6\">TT<\/td>\n<\/tr>\n<tr class=\"row-5\">\n\t<td class=\"column-1\">neum\u00e1tico agr\u00edcola<\/td><td class=\"column-2\">R1W<\/td><td class=\"column-3\">6.50-16<\/td><td class=\"column-4\">8<\/td><td class=\"column-5\">30<\/td><td class=\"column-6\">TT<\/td>\n<\/tr>\n<tr class=\"row-6\">\n\t<td class=\"column-1\">neum\u00e1tico agr\u00edcola<\/td><td class=\"column-2\">R1W<\/td><td class=\"column-3\">7.00-12<\/td><td class=\"column-4\">8<\/td><td class=\"column-5\">30<\/td><td class=\"column-6\">TT<\/td>\n<\/tr>\n<tr class=\"row-7\">\n\t<td class=\"column-1\">neum\u00e1tico agr\u00edcola<\/td><td class=\"column-2\">R1W<\/td><td class=\"column-3\">7.50-16<\/td><td class=\"column-4\">12<\/td><td class=\"column-5\">30<\/td><td class=\"column-6\">TT<\/td>\n<\/tr>\n<tr class=\"row-8\">\n\t<td class=\"column-1\">neum\u00e1tico agr\u00edcola<\/td><td class=\"column-2\">R1W<\/td><td class=\"column-3\">8.3-20<\/td><td class=\"column-4\">8<\/td><td class=\"column-5\">38<\/td><td class=\"column-6\">TT<\/td>\n<\/tr>\n<tr class=\"row-9\">\n\t<td class=\"column-1\">neum\u00e1tico agr\u00edcola<\/td><td class=\"column-2\">R1W<\/td><td class=\"column-3\">8.3-24<\/td><td class=\"column-4\">8<\/td><td class=\"column-5\">36<\/td><td class=\"column-6\">TT<\/td>\n<\/tr>\n<tr class=\"row-10\">\n\t<td class=\"column-1\">neum\u00e1tico agr\u00edcola<\/td><td class=\"column-2\">R1W<\/td><td class=\"column-3\">9.5-16<\/td><td class=\"column-4\">8<\/td><td class=\"column-5\">30<\/td><td class=\"column-6\">TT<\/td>\n<\/tr>\n<tr class=\"row-11\">\n\t<td class=\"column-1\">neum\u00e1tico agr\u00edcola<\/td><td class=\"column-2\">R1W<\/td><td class=\"column-3\">9.5-20<\/td><td class=\"column-4\">8<\/td><td class=\"column-5\">39<\/td><td class=\"column-6\">TT<\/td>\n<\/tr>\n<tr class=\"row-12\">\n\t<td class=\"column-1\">neum\u00e1tico agr\u00edcola<\/td><td class=\"column-2\">R1W<\/td><td class=\"column-3\">9.5-24<\/td><td class=\"column-4\">12<\/td><td class=\"column-5\">40<\/td><td class=\"column-6\">TT<\/td>\n<\/tr>\n<tr class=\"row-13\">\n\t<td class=\"column-1\">neum\u00e1tico agr\u00edcola<\/td><td class=\"column-2\">R1W<\/td><td class=\"column-3\">9.5-32<\/td><td class=\"column-4\">8<\/td><td class=\"column-5\">50<\/td><td class=\"column-6\">TT<\/td>\n<\/tr>\n<tr class=\"row-14\">\n\t<td class=\"column-1\">neum\u00e1tico agr\u00edcola<\/td><td class=\"column-2\">R1W<\/td><td class=\"column-3\">9.5-38<\/td><td class=\"column-4\">12<\/td><td class=\"column-5\">50<\/td><td class=\"column-6\">TT<\/td>\n<\/tr>\n<tr class=\"row-15\">\n\t<td class=\"column-1\">neum\u00e1tico agr\u00edcola<\/td><td class=\"column-2\">R1W<\/td><td class=\"column-3\">11.2-24<\/td><td class=\"column-4\">10<\/td><td class=\"column-5\">40<\/td><td class=\"column-6\">TT<\/td>\n<\/tr>\n<tr class=\"row-16\">\n\t<td class=\"column-1\">neum\u00e1tico agr\u00edcola<\/td><td class=\"column-2\">R1W<\/td><td class=\"column-3\">11.2-28<\/td><td class=\"column-4\">8<\/td><td class=\"column-5\">45<\/td><td class=\"column-6\">TT<\/td>\n<\/tr>\n<tr class=\"row-17\">\n\t<td class=\"column-1\">neum\u00e1tico agr\u00edcola<\/td><td class=\"column-2\">R1W<\/td><td class=\"column-3\">11-32<\/td><td class=\"column-4\">10<\/td><td class=\"column-5\">42<\/td><td class=\"column-6\">TT<\/td>\n<\/tr>\n<tr class=\"row-18\">\n\t<td class=\"column-1\">neum\u00e1tico agr\u00edcola<\/td><td class=\"column-2\">R1W<\/td><td class=\"column-3\">12.4-28<\/td><td class=\"column-4\">10<\/td><td class=\"column-5\">45<\/td><td class=\"column-6\">TT<\/td>\n<\/tr>\n<tr class=\"row-19\">\n\t<td class=\"column-1\">neum\u00e1tico agr\u00edcola<\/td><td class=\"column-2\">R1W<\/td><td class=\"column-3\">13.6-16<\/td><td class=\"column-4\">8<\/td><td class=\"column-5\">38<\/td><td class=\"column-6\">TT<\/td>\n<\/tr>\n<\/tbody>\n<\/table>\n<!-- #tablepress-R1W from cache -->","protected":false},"featured_media":3409,"parent":0,"template":"","meta":{"_acf_changed":false,"_gspb_post_css":"","_kad_blocks_custom_css":"","_kad_blocks_head_custom_js":"","_kad_blocks_body_custom_js":"","_kad_blocks_footer_custom_js":"","_kad_post_transparent":"","_kad_post_title":"","_kad_post_layout":"","_kad_post_sidebar_id":"","_kad_post_content_style":"","_kad_post_vertical_padding":"","_kad_post_feature":"","_kad_post_feature_position":"","_kad_post_header":false,"_kad_post_footer":false,"_kad_post_classname":""},"product-category":[31,32],"class_list":["post-3445","product","type-product","status-publish","has-post-thumbnail","hentry","product-category-agr","product-category-bias-agr-tire"],"acf":[],"taxonomy_info":{"product-category":[{"value":31,"label":"AGR"},{"value":32,"label":"BIAS AGR Tire"}]},"featured_image_src_large":["https:\/\/maxwindtyre.com\/wp-content\/uploads\/2025\/02\/Farm-Tire-R1W-7.00-12-11.2-28-13.6-16-Agriculture-Tire.jpg",600,600,false],"author_info":[],"comment_info":"","_links":{"self":[{"href":"https:\/\/maxwindtyre.com\/es\/wp-json\/wp\/v2\/product\/3445","targetHints":{"allow":["GET"]}}],"collection":[{"href":"https:\/\/maxwindtyre.com\/es\/wp-json\/wp\/v2\/product"}],"about":[{"href":"https:\/\/maxwindtyre.com\/es\/wp-json\/wp\/v2\/types\/product"}],"wp:featuredmedia":[{"embeddable":true,"href":"https:\/\/maxwindtyre.com\/es\/wp-json\/wp\/v2\/media\/3409"}],"wp:attachment":[{"href":"https:\/\/maxwindtyre.com\/es\/wp-json\/wp\/v2\/media?parent=3445"}],"wp:term":[{"taxonomy":"product-category","embeddable":true,"href":"https:\/\/maxwindtyre.com\/es\/wp-json\/wp\/v2\/product-category?post=3445"}],"curies":[{"name":"wp","href":"https:\/\/api.w.org\/{rel}","templated":true}]}}