{"id":3432,"date":"2025-02-07T07:38:25","date_gmt":"2025-02-07T07:38:25","guid":{"rendered":"https:\/\/maxwind.easiwin.com\/product\/agricultural-machinery-sh511-4-00-8-agriculture-tire-2\/"},"modified":"2025-02-07T07:38:25","modified_gmt":"2025-02-07T07:38:25","slug":"agricultural-machinery-sh511-4-00-8-agriculture-tire-2","status":"publish","type":"product","link":"https:\/\/maxwindtyre.com\/es\/product\/agricultural-machinery-sh511-4-00-8-agriculture-tire-2\/","title":{"rendered":"Maquinaria agr\u00edcola SH511 4.00-8 Neum\u00e1tico agr\u00edcola"},"content":{"rendered":"<table id=\"tablepress-SH511\" class=\"tablepress tablepress-id-SH511\">\n<thead>\n<tr class=\"row-1\">\n\t<th class=\"column-1\">TIPO<\/th><th class=\"column-2\">PATR\u00d3N<\/th><th class=\"column-3\">TALLA<\/th><th class=\"column-4\">JUGADOR<\/th><th class=\"column-5\">PROFUNDIDAD DEL PATR\u00d3N<\/th><th class=\"column-6\">TT\/TL<\/th>\n<\/tr>\n<\/thead>\n<tbody class=\"row-striping row-hover\">\n<tr class=\"row-2\">\n\t<td class=\"column-1\">Maquinaria agr\u00edcola<\/td><td class=\"column-2\">SH511<\/td><td class=\"column-3\">4.00-8<\/td><td class=\"column-4\">4<\/td><td class=\"column-5\">6.5<\/td><td class=\"column-6\">TT<\/td>\n<\/tr>\n<tr class=\"row-3\">\n\t<td class=\"column-1\"><\/td><td class=\"column-2\"><\/td><td class=\"column-3\"><\/td><td class=\"column-4\"><\/td><td class=\"column-5\"><\/td><td class=\"column-6\"><\/td>\n<\/tr>\n<tr class=\"row-4\">\n\t<td class=\"column-1\"><\/td><td class=\"column-2\"><\/td><td class=\"column-3\"><\/td><td class=\"column-4\"><\/td><td class=\"column-5\"><\/td><td class=\"column-6\"><\/td>\n<\/tr>\n<tr class=\"row-5\">\n\t<td class=\"column-1\"><\/td><td class=\"column-2\"><\/td><td class=\"column-3\"><\/td><td class=\"column-4\"><\/td><td class=\"column-5\"><\/td><td class=\"column-6\"><\/td>\n<\/tr>\n<\/tbody>\n<\/table>\n<!-- #tablepress-SH511 from cache -->","protected":false},"featured_media":3418,"parent":0,"template":"","meta":{"_acf_changed":false,"_gspb_post_css":"","_kad_blocks_custom_css":"","_kad_blocks_head_custom_js":"","_kad_blocks_body_custom_js":"","_kad_blocks_footer_custom_js":"","_kad_post_transparent":"","_kad_post_title":"","_kad_post_layout":"","_kad_post_sidebar_id":"","_kad_post_content_style":"","_kad_post_vertical_padding":"","_kad_post_feature":"","_kad_post_feature_position":"","_kad_post_header":false,"_kad_post_footer":false,"_kad_post_classname":""},"product-category":[31,32],"class_list":["post-3432","product","type-product","status-publish","has-post-thumbnail","hentry","product-category-agr","product-category-bias-agr-tire"],"acf":[],"taxonomy_info":{"product-category":[{"value":31,"label":"AGR"},{"value":32,"label":"BIAS AGR Tire"}]},"featured_image_src_large":["https:\/\/maxwindtyre.com\/wp-content\/uploads\/2025\/02\/Agricultural-Machinery-SH511-4.00-8-Agriculture-Tire.jpg",600,600,false],"author_info":[],"comment_info":"","_links":{"self":[{"href":"https:\/\/maxwindtyre.com\/es\/wp-json\/wp\/v2\/product\/3432","targetHints":{"allow":["GET"]}}],"collection":[{"href":"https:\/\/maxwindtyre.com\/es\/wp-json\/wp\/v2\/product"}],"about":[{"href":"https:\/\/maxwindtyre.com\/es\/wp-json\/wp\/v2\/types\/product"}],"wp:featuredmedia":[{"embeddable":true,"href":"https:\/\/maxwindtyre.com\/es\/wp-json\/wp\/v2\/media\/3418"}],"wp:attachment":[{"href":"https:\/\/maxwindtyre.com\/es\/wp-json\/wp\/v2\/media?parent=3432"}],"wp:term":[{"taxonomy":"product-category","embeddable":true,"href":"https:\/\/maxwindtyre.com\/es\/wp-json\/wp\/v2\/product-category?post=3432"}],"curies":[{"name":"wp","href":"https:\/\/api.w.org\/{rel}","templated":true}]}}