{"id":14014,"date":"2025-07-29T01:28:31","date_gmt":"2025-07-29T01:28:31","guid":{"rendered":"https:\/\/maxwindtyre.com\/product\/triangle-tr916-10-00r20-11-00r20-12-00r20-truck-and-bus-tire-2\/"},"modified":"2025-07-29T01:28:31","modified_gmt":"2025-07-29T01:28:31","slug":"triangle-tr916-10-00r20-11-00r20-12-00r20-truck-and-bus-tire-2","status":"publish","type":"product","link":"https:\/\/maxwindtyre.com\/es\/product\/triangle-tr916-10-00r20-11-00r20-12-00r20-truck-and-bus-tire-2\/","title":{"rendered":"TRIANGLE TR916 10.00R20 11.00R20 12.00R20 NEUM\u00c1TICO PARA CAMI\u00d3N Y AUTOB\u00daS"},"content":{"rendered":"<table id=\"tablepress-2089\" class=\"tablepress tablepress-id-2089 tbody-has-connected-cells\">\n<thead>\n<tr class=\"row-1\">\n\t<th class=\"column-1\"><strong>PATR\u00d3N<\/strong><\/th><th class=\"column-2\"><strong>TALLA<\/strong><\/th><th class=\"column-3\"><strong>LI\/SS<\/strong><\/th><th class=\"column-4\"><strong>PR<\/strong><\/th><th class=\"column-5\"><strong>ANCHO DE SECCI\u00d3N INFLADA<br \/>\n(MM)<\/strong><\/th><th class=\"column-6\"><strong>DI\u00c1METRO TOTAL<br \/>\n(MM)<\/strong><\/th><th colspan=\"4\" class=\"column-7\"><strong>CAPACIDAD DE CARGA<br \/>\nKG\/IBS<\/strong><\/th><th class=\"column-11\"><strong>OTD<br \/>\n(MM)<\/strong><\/th><td class=\"column-12\"><\/td>\n<\/tr>\n<\/thead>\n<tbody class=\"row-striping row-hover\">\n<tr class=\"row-2\">\n\t<td class=\"column-1\"><\/td><td class=\"column-2\"><\/td><td class=\"column-3\"><\/td><td class=\"column-4\"><\/td><td class=\"column-5\"><\/td><td class=\"column-6\"><\/td><td colspan=\"2\" class=\"column-7\"><strong>SENCILLO<\/strong><\/td><td colspan=\"2\" class=\"column-9\"><strong>DOBLE<\/strong><\/td><td class=\"column-11\"><\/td><td class=\"column-12\"><\/td>\n<\/tr>\n<tr class=\"row-3\">\n\t<td rowspan=\"15\" class=\"column-1\">TR916<\/td><td class=\"column-2\">10.00R20<\/td><td class=\"column-3\">146\/143K<\/td><td class=\"column-4\">16 <\/td><td class=\"column-5\">278 <\/td><td class=\"column-6\">1054 <\/td><td class=\"column-7\">3000<\/td><td class=\"column-8\">6610<\/td><td class=\"column-9\">2725<\/td><td class=\"column-10\">6005<\/td><td class=\"column-11\">21.0 <\/td><td class=\"column-12\"><\/td>\n<\/tr>\n<tr class=\"row-4\">\n\t<td class=\"column-2\">10.00R20<\/td><td class=\"column-3\">149\/146K<\/td><td class=\"column-4\">18 <\/td><td class=\"column-5\">278 <\/td><td class=\"column-6\">1054 <\/td><td class=\"column-7\">3250 <\/td><td class=\"column-8\">7160 <\/td><td class=\"column-9\">3000 <\/td><td class=\"column-10\">6610 <\/td><td class=\"column-11\">21.0 <\/td><td class=\"column-12\"><\/td>\n<\/tr>\n<tr class=\"row-5\">\n\t<td class=\"column-2\">11.00R20<\/td><td class=\"column-3\">150\/147K<\/td><td class=\"column-4\">16 <\/td><td class=\"column-5\">293 <\/td><td class=\"column-6\">1085 <\/td><td class=\"column-7\">3350 <\/td><td class=\"column-8\">7390 <\/td><td class=\"column-9\">3075 <\/td><td class=\"column-10\">6780 <\/td><td class=\"column-11\">22.0 <\/td><td class=\"column-12\"><\/td>\n<\/tr>\n<tr class=\"row-6\">\n\t<td class=\"column-2\">11.00R20<\/td><td class=\"column-3\">152\/149K<\/td><td class=\"column-4\">18 <\/td><td class=\"column-5\">293 <\/td><td class=\"column-6\">1085 <\/td><td class=\"column-7\">3550 <\/td><td class=\"column-8\">7830 <\/td><td class=\"column-9\">3250 <\/td><td class=\"column-10\">7160 <\/td><td class=\"column-11\">22.0 <\/td><td class=\"column-12\"><\/td>\n<\/tr>\n<tr class=\"row-7\">\n\t<td class=\"column-2\">12.00R20<\/td><td class=\"column-3\">154\/151K<\/td><td class=\"column-4\">18 <\/td><td class=\"column-5\">315 <\/td><td class=\"column-6\">1125 <\/td><td class=\"column-7\">3750 <\/td><td class=\"column-8\">8270 <\/td><td class=\"column-9\">3450 <\/td><td class=\"column-10\">7610 <\/td><td class=\"column-11\">22.0 <\/td><td class=\"column-12\"><\/td>\n<\/tr>\n<tr class=\"row-8\">\n\t<td class=\"column-2\">12.00R20<\/td><td class=\"column-3\">156\/153G<\/td><td class=\"column-4\">20 <\/td><td class=\"column-5\">315 <\/td><td class=\"column-6\">1125 <\/td><td class=\"column-7\">4000 <\/td><td class=\"column-8\">8820 <\/td><td class=\"column-9\">3650 <\/td><td class=\"column-10\">8050 <\/td><td class=\"column-11\">22.0 <\/td><td class=\"column-12\"><\/td>\n<\/tr>\n<tr class=\"row-9\">\n\t<td class=\"column-2\">12.00R20<\/td><td class=\"column-3\">158\/155F<\/td><td class=\"column-4\">22 <\/td><td class=\"column-5\">315 <\/td><td class=\"column-6\">1125 <\/td><td class=\"column-7\">4250 <\/td><td class=\"column-8\">9370 <\/td><td class=\"column-9\">3875 <\/td><td class=\"column-10\">8540 <\/td><td class=\"column-11\">22.0 <\/td><td class=\"column-12\"><\/td>\n<\/tr>\n<tr class=\"row-10\">\n\t<td class=\"column-2\">7.00R16LT<\/td><td class=\"column-3\">118\/114K<\/td><td class=\"column-4\">14 <\/td><td class=\"column-5\">200 <\/td><td class=\"column-6\">785 <\/td><td class=\"column-7\">1320 <\/td><td class=\"column-8\">2910 <\/td><td class=\"column-9\">1180 <\/td><td class=\"column-10\">2600 <\/td><td class=\"column-11\">14.0 <\/td><td class=\"column-12\"><\/td>\n<\/tr>\n<tr class=\"row-11\">\n\t<td class=\"column-2\">7.50R16LT<\/td><td class=\"column-3\">122\/118K<\/td><td class=\"column-4\">14 <\/td><td class=\"column-5\">215 <\/td><td class=\"column-6\">815 <\/td><td class=\"column-7\">1500 <\/td><td class=\"column-8\">3305 <\/td><td class=\"column-9\">1320 <\/td><td class=\"column-10\">2910 <\/td><td class=\"column-11\">15.0 <\/td><td class=\"column-12\"><\/td>\n<\/tr>\n<tr class=\"row-12\">\n\t<td class=\"column-2\">8.25R16LT<\/td><td class=\"column-3\">128\/124K<\/td><td class=\"column-4\">16 <\/td><td class=\"column-5\">235 <\/td><td class=\"column-6\">865 <\/td><td class=\"column-7\">1800 <\/td><td class=\"column-8\">3970 <\/td><td class=\"column-9\">1600 <\/td><td class=\"column-10\">3525 <\/td><td class=\"column-11\">16.5 <\/td><td class=\"column-12\"><\/td>\n<\/tr>\n<tr class=\"row-13\">\n\t<td class=\"column-2\">9.00R16LT<\/td><td class=\"column-3\">131\/126K<\/td><td class=\"column-4\">14 <\/td><td class=\"column-5\">255 <\/td><td class=\"column-6\">900 <\/td><td class=\"column-7\">1950 <\/td><td class=\"column-8\">4300 <\/td><td class=\"column-9\">1700 <\/td><td class=\"column-10\">3750 <\/td><td class=\"column-11\">18.0 <\/td><td class=\"column-12\"><\/td>\n<\/tr>\n<tr class=\"row-14\">\n\t<td class=\"column-2\">9.00R16LT<\/td><td class=\"column-3\">134\/129K<\/td><td class=\"column-4\">16 <\/td><td class=\"column-5\">255 <\/td><td class=\"column-6\">900 <\/td><td class=\"column-7\">2120 <\/td><td class=\"column-8\">4680 <\/td><td class=\"column-9\">1850 <\/td><td class=\"column-10\">4080 <\/td><td class=\"column-11\">18.0 <\/td><td class=\"column-12\"><\/td>\n<\/tr>\n<tr class=\"row-15\">\n\t<td class=\"column-2\">8.25R20<\/td><td class=\"column-3\">136\/134K<\/td><td class=\"column-4\">14 <\/td><td class=\"column-5\">236 <\/td><td class=\"column-6\">986 <\/td><td class=\"column-7\">2240 <\/td><td class=\"column-8\">4940 <\/td><td class=\"column-9\">2120 <\/td><td class=\"column-10\">4675 <\/td><td class=\"column-11\">16.5 <\/td><td class=\"column-12\"><\/td>\n<\/tr>\n<tr class=\"row-16\">\n\t<td class=\"column-2\">8.25R20<\/td><td class=\"column-3\">139\/137K<\/td><td class=\"column-4\">16 <\/td><td class=\"column-5\">236 <\/td><td class=\"column-6\">986 <\/td><td class=\"column-7\">2430 <\/td><td class=\"column-8\">5355 <\/td><td class=\"column-9\">2300 <\/td><td class=\"column-10\">5070 <\/td><td class=\"column-11\">16.5 <\/td><td class=\"column-12\"><\/td>\n<\/tr>\n<tr class=\"row-17\">\n\t<td class=\"column-2\">9.00R20<\/td><td class=\"column-3\">144\/142K<\/td><td class=\"column-4\">16 <\/td><td class=\"column-5\">259 <\/td><td class=\"column-6\">1030 <\/td><td class=\"column-7\">2800 <\/td><td class=\"column-8\">6175 <\/td><td class=\"column-9\">2650 <\/td><td class=\"column-10\">5840 <\/td><td class=\"column-11\">18.0 <\/td><td class=\"column-12\"><\/td>\n<\/tr>\n<\/tbody>\n<\/table>\n<!-- #tablepress-2089 from cache -->","protected":false},"featured_media":13849,"parent":0,"template":"","meta":{"_acf_changed":false,"_gspb_post_css":"","_kad_blocks_custom_css":"","_kad_blocks_head_custom_js":"","_kad_blocks_body_custom_js":"","_kad_blocks_footer_custom_js":"","_kad_post_transparent":"","_kad_post_title":"","_kad_post_layout":"","_kad_post_sidebar_id":"","_kad_post_content_style":"","_kad_post_vertical_padding":"","_kad_post_feature":"","_kad_post_feature_position":"","_kad_post_header":false,"_kad_post_footer":false,"_kad_post_classname":""},"product-category":[75,2],"class_list":["post-14014","product","type-product","status-publish","has-post-thumbnail","hentry","product-category-aeolus-tire","product-category-tbr"],"acf":[],"taxonomy_info":{"product-category":[{"value":75,"label":"AEOLUS Tire"},{"value":2,"label":"TBR"}]},"featured_image_src_large":["https:\/\/maxwindtyre.com\/wp-content\/uploads\/2025\/07\/TRIANGLE-TR916-10.00R20-11.00R20-12.00R20-TRUCK-AND-BUS-TIRE.jpg",600,600,false],"author_info":[],"comment_info":"","_links":{"self":[{"href":"https:\/\/maxwindtyre.com\/es\/wp-json\/wp\/v2\/product\/14014","targetHints":{"allow":["GET"]}}],"collection":[{"href":"https:\/\/maxwindtyre.com\/es\/wp-json\/wp\/v2\/product"}],"about":[{"href":"https:\/\/maxwindtyre.com\/es\/wp-json\/wp\/v2\/types\/product"}],"wp:featuredmedia":[{"embeddable":true,"href":"https:\/\/maxwindtyre.com\/es\/wp-json\/wp\/v2\/media\/13849"}],"wp:attachment":[{"href":"https:\/\/maxwindtyre.com\/es\/wp-json\/wp\/v2\/media?parent=14014"}],"wp:term":[{"taxonomy":"product-category","embeddable":true,"href":"https:\/\/maxwindtyre.com\/es\/wp-json\/wp\/v2\/product-category?post=14014"}],"curies":[{"name":"wp","href":"https:\/\/api.w.org\/{rel}","templated":true}]}}