{"id":13997,"date":"2025-07-29T01:28:29","date_gmt":"2025-07-29T01:28:29","guid":{"rendered":"https:\/\/maxwindtyre.com\/product\/triangle-trt02-385-55r22-5-385-65r22-5-truck-and-bus-tire-2\/"},"modified":"2025-07-29T01:28:29","modified_gmt":"2025-07-29T01:28:29","slug":"triangle-trt02-385-55r22-5-385-65r22-5-truck-and-bus-tire-2","status":"publish","type":"product","link":"https:\/\/maxwindtyre.com\/es\/product\/triangle-trt02-385-55r22-5-385-65r22-5-truck-and-bus-tire-2\/","title":{"rendered":"NEUM\u00c1TICO PARA CAMI\u00d3N Y AUTOB\u00daS TRIANGLE TRT02 385\/55R22.5 385\/65R22.5"},"content":{"rendered":"<table id=\"tablepress-2127\" class=\"tablepress tablepress-id-2127 tbody-has-connected-cells\">\n<thead>\n<tr class=\"row-1\">\n\t<th class=\"column-1\"><strong>PATR\u00d3N<\/strong><\/th><th class=\"column-2\"><strong>TALLA<\/strong><\/th><th class=\"column-3\"><strong>LI\/SS<\/strong><\/th><th class=\"column-4\"><strong>PR<\/strong><\/th><th class=\"column-5\"><strong>ANCHO DE SECCI\u00d3N INFLADA<br \/>\n(MM)<\/strong><\/th><th class=\"column-6\"><strong>DI\u00c1METRO TOTAL<br \/>\n(MM)<\/strong><\/th><th colspan=\"4\" class=\"column-7\"><strong>CAPACIDAD DE CARGA<br \/>\nKG\/IBS<\/strong><\/th><th class=\"column-11\"><strong>OTD<br \/>\n(MM)<\/strong><\/th><td class=\"column-12\"><\/td>\n<\/tr>\n<\/thead>\n<tbody class=\"row-striping row-hover\">\n<tr class=\"row-2\">\n\t<td class=\"column-1\"><\/td><td class=\"column-2\"><\/td><td class=\"column-3\"><\/td><td class=\"column-4\"><\/td><td class=\"column-5\"><\/td><td class=\"column-6\"><\/td><td colspan=\"2\" class=\"column-7\"><strong>SENCILLO<\/strong><\/td><td colspan=\"2\" class=\"column-9\"><strong>DOBLE<\/strong><\/td><td class=\"column-11\"><\/td><td class=\"column-12\"><\/td>\n<\/tr>\n<tr class=\"row-3\">\n\t<td rowspan=\"2\" class=\"column-1\">TRT02<\/td><td class=\"column-2\">385\/65R22.5<\/td><td class=\"column-3\">160J\/158L<\/td><td class=\"column-4\">20<\/td><td class=\"column-5\">389<\/td><td class=\"column-6\">1072<\/td><td class=\"column-7\">4500<\/td><td class=\"column-8\">9920<\/td><td class=\"column-9\">\/<\/td><td class=\"column-10\">\/<\/td><td class=\"column-11\">12.0 <\/td><td class=\"column-12\"><\/td>\n<\/tr>\n<tr class=\"row-4\">\n\t<td class=\"column-2\">385\/55R22.5<\/td><td class=\"column-3\">160J\/158L<\/td><td class=\"column-4\">20<\/td><td class=\"column-5\">386<\/td><td class=\"column-6\">996<\/td><td class=\"column-7\">4500<\/td><td class=\"column-8\">9920<\/td><td class=\"column-9\">\/<\/td><td class=\"column-10\">\/<\/td><td class=\"column-11\">12.5<\/td><td class=\"column-12\"><\/td>\n<\/tr>\n<tr class=\"row-5\">\n\t<td class=\"column-1\">TRT02+<\/td><td class=\"column-2\">435\/50R19.5<\/td><td class=\"column-3\">160J<\/td><td class=\"column-4\">20<\/td><td class=\"column-5\">438<\/td><td class=\"column-6\">931<\/td><td class=\"column-7\">4500<\/td><td class=\"column-8\">9920<\/td><td class=\"column-9\">\/<\/td><td class=\"column-10\">\/<\/td><td class=\"column-11\">14.5<\/td><td class=\"column-12\"><\/td>\n<\/tr>\n<\/tbody>\n<\/table>\n<!-- #tablepress-2127 from cache -->","protected":false},"featured_media":13868,"parent":0,"template":"","meta":{"_acf_changed":false,"_gspb_post_css":"","_kad_blocks_custom_css":"","_kad_blocks_head_custom_js":"","_kad_blocks_body_custom_js":"","_kad_blocks_footer_custom_js":"","_kad_post_transparent":"","_kad_post_title":"","_kad_post_layout":"","_kad_post_sidebar_id":"","_kad_post_content_style":"","_kad_post_vertical_padding":"","_kad_post_feature":"","_kad_post_feature_position":"","_kad_post_header":false,"_kad_post_footer":false,"_kad_post_classname":""},"product-category":[75,2],"class_list":["post-13997","product","type-product","status-publish","has-post-thumbnail","hentry","product-category-aeolus-tire","product-category-tbr"],"acf":[],"taxonomy_info":{"product-category":[{"value":75,"label":"AEOLUS Tire"},{"value":2,"label":"TBR"}]},"featured_image_src_large":["https:\/\/maxwindtyre.com\/wp-content\/uploads\/2025\/07\/TRIANGLE-TRT02-385-55R22.5-385-65R22.5-TRUCK-AND-BUS-TIRE.jpg",600,600,false],"author_info":[],"comment_info":"","_links":{"self":[{"href":"https:\/\/maxwindtyre.com\/es\/wp-json\/wp\/v2\/product\/13997","targetHints":{"allow":["GET"]}}],"collection":[{"href":"https:\/\/maxwindtyre.com\/es\/wp-json\/wp\/v2\/product"}],"about":[{"href":"https:\/\/maxwindtyre.com\/es\/wp-json\/wp\/v2\/types\/product"}],"wp:featuredmedia":[{"embeddable":true,"href":"https:\/\/maxwindtyre.com\/es\/wp-json\/wp\/v2\/media\/13868"}],"wp:attachment":[{"href":"https:\/\/maxwindtyre.com\/es\/wp-json\/wp\/v2\/media?parent=13997"}],"wp:term":[{"taxonomy":"product-category","embeddable":true,"href":"https:\/\/maxwindtyre.com\/es\/wp-json\/wp\/v2\/product-category?post=13997"}],"curies":[{"name":"wp","href":"https:\/\/api.w.org\/{rel}","templated":true}]}}