{"id":13978,"date":"2025-07-29T01:28:28","date_gmt":"2025-07-29T01:28:28","guid":{"rendered":"https:\/\/maxwindtyre.com\/product\/triangle-trd03-11r22-5-11r24-5-truck-and-bus-tire-2\/"},"modified":"2025-07-29T01:28:28","modified_gmt":"2025-07-29T01:28:28","slug":"triangle-trd03-11r22-5-11r24-5-truck-and-bus-tire-2","status":"publish","type":"product","link":"https:\/\/maxwindtyre.com\/es\/product\/triangle-trd03-11r22-5-11r24-5-truck-and-bus-tire-2\/","title":{"rendered":"TRIANGLE TRD03 11R22.5 11R24.5 NEUM\u00c1TICO PARA CAMI\u00d3N Y AUTOB\u00daS"},"content":{"rendered":"<table id=\"tablepress-2107\" class=\"tablepress tablepress-id-2107 tbody-has-connected-cells\">\n<thead>\n<tr class=\"row-1\">\n\t<th class=\"column-1\"><strong>PATR\u00d3N<\/strong><\/th><th class=\"column-2\"><strong>TALLA<\/strong><\/th><th class=\"column-3\"><strong>LI\/SS<\/strong><\/th><th class=\"column-4\"><strong>PR<\/strong><\/th><th class=\"column-5\"><strong>ANCHO DE SECCI\u00d3N INFLADA<br \/>\n(MM)<\/strong><\/th><th class=\"column-6\"><strong>DI\u00c1METRO TOTAL<br \/>\n(MM)<\/strong><\/th><th colspan=\"4\" class=\"column-7\"><strong>CAPACIDAD DE CARGA<br \/>\nKG\/IBS<\/strong><\/th><th class=\"column-11\"><strong>OTD<br \/>\n(MM)<\/strong><\/th><td class=\"column-12\"><\/td>\n<\/tr>\n<\/thead>\n<tbody class=\"row-striping row-hover\">\n<tr class=\"row-2\">\n\t<td class=\"column-1\"><\/td><td class=\"column-2\"><\/td><td class=\"column-3\"><\/td><td class=\"column-4\"><\/td><td class=\"column-5\"><\/td><td class=\"column-6\"><\/td><td colspan=\"2\" class=\"column-7\"><strong>SENCILLO<\/strong><\/td><td colspan=\"2\" class=\"column-9\"><strong>DOBLE<\/strong><\/td><td class=\"column-11\"><\/td><td class=\"column-12\"><\/td>\n<\/tr>\n<tr class=\"row-3\">\n\t<td rowspan=\"7\" class=\"column-1\">TRS03<\/td><td class=\"column-2\">11R22.5<\/td><td class=\"column-3\">144\/142M<\/td><td class=\"column-4\">14 <\/td><td class=\"column-5\">279 <\/td><td class=\"column-6\">1054 <\/td><td class=\"column-7\">2800 <\/td><td class=\"column-8\">6175 <\/td><td class=\"column-9\">2650 <\/td><td class=\"column-10\">5840 <\/td><td class=\"column-11\">21.0 <\/td><td class=\"column-12\"><\/td>\n<\/tr>\n<tr class=\"row-4\">\n\t<td class=\"column-2\">11R22.5<\/td><td class=\"column-3\">146\/143M<\/td><td class=\"column-4\">16 <\/td><td class=\"column-5\">279 <\/td><td class=\"column-6\">1054 <\/td><td class=\"column-7\">3000 <\/td><td class=\"column-8\">6610 <\/td><td class=\"column-9\">2725 <\/td><td class=\"column-10\">6005 <\/td><td class=\"column-11\">21.0 <\/td><td class=\"column-12\"><\/td>\n<\/tr>\n<tr class=\"row-5\">\n\t<td class=\"column-2\">11R24.5<\/td><td class=\"column-3\">146\/143M<\/td><td class=\"column-4\">14 <\/td><td class=\"column-5\">279 <\/td><td class=\"column-6\">1104 <\/td><td class=\"column-7\">3000 <\/td><td class=\"column-8\">6610 <\/td><td class=\"column-9\">2725 <\/td><td class=\"column-10\">6005 <\/td><td class=\"column-11\">21.0 <\/td><td class=\"column-12\"><\/td>\n<\/tr>\n<tr class=\"row-6\">\n\t<td class=\"column-2\">11R24.5<\/td><td class=\"column-3\">149\/146M<\/td><td class=\"column-4\">16 <\/td><td class=\"column-5\">279 <\/td><td class=\"column-6\">1104 <\/td><td class=\"column-7\">3250 <\/td><td class=\"column-8\">7160 <\/td><td class=\"column-9\">3000 <\/td><td class=\"column-10\">6610 <\/td><td class=\"column-11\">21.0 <\/td><td class=\"column-12\"><\/td>\n<\/tr>\n<tr class=\"row-7\">\n\t<td class=\"column-2\">295\/75R22.5<\/td><td class=\"column-3\">144\/141M<\/td><td class=\"column-4\">14 <\/td><td class=\"column-5\">298 <\/td><td class=\"column-6\">1014 <\/td><td class=\"column-7\">2800 <\/td><td class=\"column-8\">6175 <\/td><td class=\"column-9\">2575 <\/td><td class=\"column-10\">5675 <\/td><td class=\"column-11\">21.0 <\/td><td class=\"column-12\"><\/td>\n<\/tr>\n<tr class=\"row-8\">\n\t<td class=\"column-2\">285\/75R24.5<\/td><td class=\"column-3\">144\/141M<\/td><td class=\"column-4\">14 <\/td><td class=\"column-5\">283 <\/td><td class=\"column-6\">1050 <\/td><td class=\"column-7\">2800 <\/td><td class=\"column-8\">6175 <\/td><td class=\"column-9\">2575 <\/td><td class=\"column-10\">5675 <\/td><td class=\"column-11\">21.0 <\/td><td class=\"column-12\"><\/td>\n<\/tr>\n<tr class=\"row-9\">\n\t<td class=\"column-2\">285\/75R24.5<\/td><td class=\"column-3\">147\/144L<\/td><td class=\"column-4\">16 <\/td><td class=\"column-5\">283 <\/td><td class=\"column-6\">1050 <\/td><td class=\"column-7\">3075 <\/td><td class=\"column-8\">6780 <\/td><td class=\"column-9\">2800 <\/td><td class=\"column-10\">6175 <\/td><td class=\"column-11\">21.0 <\/td><td class=\"column-12\"><\/td>\n<\/tr>\n<\/tbody>\n<\/table>\n<!-- #tablepress-2107 from cache -->","protected":false},"featured_media":13834,"parent":0,"template":"","meta":{"_acf_changed":false,"_gspb_post_css":"","_kad_blocks_custom_css":"","_kad_blocks_head_custom_js":"","_kad_blocks_body_custom_js":"","_kad_blocks_footer_custom_js":"","_kad_post_transparent":"","_kad_post_title":"","_kad_post_layout":"","_kad_post_sidebar_id":"","_kad_post_content_style":"","_kad_post_vertical_padding":"","_kad_post_feature":"","_kad_post_feature_position":"","_kad_post_header":false,"_kad_post_footer":false,"_kad_post_classname":""},"product-category":[75,2],"class_list":["post-13978","product","type-product","status-publish","has-post-thumbnail","hentry","product-category-aeolus-tire","product-category-tbr"],"acf":[],"taxonomy_info":{"product-category":[{"value":75,"label":"AEOLUS Tire"},{"value":2,"label":"TBR"}]},"featured_image_src_large":["https:\/\/maxwindtyre.com\/wp-content\/uploads\/2025\/07\/TRIANGLE-TRD03-11R22.5-11R24.5-TRUCK-AND-BUS-TIRE.jpg",600,600,false],"author_info":[],"comment_info":"","_links":{"self":[{"href":"https:\/\/maxwindtyre.com\/es\/wp-json\/wp\/v2\/product\/13978","targetHints":{"allow":["GET"]}}],"collection":[{"href":"https:\/\/maxwindtyre.com\/es\/wp-json\/wp\/v2\/product"}],"about":[{"href":"https:\/\/maxwindtyre.com\/es\/wp-json\/wp\/v2\/types\/product"}],"wp:featuredmedia":[{"embeddable":true,"href":"https:\/\/maxwindtyre.com\/es\/wp-json\/wp\/v2\/media\/13834"}],"wp:attachment":[{"href":"https:\/\/maxwindtyre.com\/es\/wp-json\/wp\/v2\/media?parent=13978"}],"wp:term":[{"taxonomy":"product-category","embeddable":true,"href":"https:\/\/maxwindtyre.com\/es\/wp-json\/wp\/v2\/product-category?post=13978"}],"curies":[{"name":"wp","href":"https:\/\/api.w.org\/{rel}","templated":true}]}}