{"id":13976,"date":"2025-07-29T01:28:28","date_gmt":"2025-07-29T01:28:28","guid":{"rendered":"https:\/\/maxwindtyre.com\/product\/triangle-trd07-12r22-5-truck-and-bus-tire-2\/"},"modified":"2025-07-29T01:28:28","modified_gmt":"2025-07-29T01:28:28","slug":"triangle-trd07-12r22-5-truck-and-bus-tire-2","status":"publish","type":"product","link":"https:\/\/maxwindtyre.com\/es\/product\/triangle-trd07-12r22-5-truck-and-bus-tire-2\/","title":{"rendered":"TRIANGLE TRD07 12R22.5 NEUM\u00c1TICO PARA CAMI\u00d3N Y AUTOB\u00daS"},"content":{"rendered":"<table id=\"tablepress-2110\" class=\"tablepress tablepress-id-2110 tbody-has-connected-cells\">\n<thead>\n<tr class=\"row-1\">\n\t<th class=\"column-1\"><strong>PATR\u00d3N<\/strong><\/th><th class=\"column-2\"><strong>TALLA<\/strong><\/th><th class=\"column-3\"><strong>LI\/SS<\/strong><\/th><th class=\"column-4\"><strong>PR<\/strong><\/th><th class=\"column-5\"><strong>ANCHO DE SECCI\u00d3N INFLADA<br \/>\n(MM)<\/strong><\/th><th class=\"column-6\"><strong>DI\u00c1METRO TOTAL<br \/>\n(MM)<\/strong><\/th><th colspan=\"4\" class=\"column-7\"><strong>CAPACIDAD DE CARGA<br \/>\nKG\/IBS<\/strong><\/th><th class=\"column-11\"><strong>OTD<br \/>\n(MM)<\/strong><\/th><td class=\"column-12\"><\/td>\n<\/tr>\n<\/thead>\n<tbody class=\"row-striping row-hover\">\n<tr class=\"row-2\">\n\t<td class=\"column-1\"><\/td><td class=\"column-2\"><\/td><td class=\"column-3\"><\/td><td class=\"column-4\"><\/td><td class=\"column-5\"><\/td><td class=\"column-6\"><\/td><td colspan=\"2\" class=\"column-7\"><strong>SENCILLO<\/strong><\/td><td colspan=\"2\" class=\"column-9\"><strong>DOBLE<\/strong><\/td><td class=\"column-11\"><\/td><td class=\"column-12\"><\/td>\n<\/tr>\n<tr class=\"row-3\">\n\t<td rowspan=\"2\" class=\"column-1\">TRD07<\/td><td class=\"column-2\">12R22.5<\/td><td class=\"column-3\">150\/147L<\/td><td class=\"column-4\">16 <\/td><td class=\"column-5\">300 <\/td><td class=\"column-6\">1085 <\/td><td class=\"column-7\">3350<\/td><td class=\"column-8\">7390<\/td><td class=\"column-9\">3075<\/td><td class=\"column-10\">6780<\/td><td class=\"column-11\">20.0 <\/td><td class=\"column-12\"><\/td>\n<\/tr>\n<tr class=\"row-4\">\n\t<td class=\"column-2\">12R22.5<\/td><td class=\"column-3\">152\/149K<\/td><td class=\"column-4\">18 <\/td><td class=\"column-5\">300 <\/td><td class=\"column-6\">1085 <\/td><td class=\"column-7\">3550<\/td><td class=\"column-8\">7830<\/td><td class=\"column-9\">3250<\/td><td class=\"column-10\">7160<\/td><td class=\"column-11\">20.0 <\/td><td class=\"column-12\"><\/td>\n<\/tr>\n<\/tbody>\n<\/table>\n<!-- #tablepress-2110 from cache -->","protected":false},"featured_media":13890,"parent":0,"template":"","meta":{"_acf_changed":false,"_gspb_post_css":"","_kad_blocks_custom_css":"","_kad_blocks_head_custom_js":"","_kad_blocks_body_custom_js":"","_kad_blocks_footer_custom_js":"","_kad_post_transparent":"","_kad_post_title":"","_kad_post_layout":"","_kad_post_sidebar_id":"","_kad_post_content_style":"","_kad_post_vertical_padding":"","_kad_post_feature":"","_kad_post_feature_position":"","_kad_post_header":false,"_kad_post_footer":false,"_kad_post_classname":""},"product-category":[75,2],"class_list":["post-13976","product","type-product","status-publish","has-post-thumbnail","hentry","product-category-aeolus-tire","product-category-tbr"],"acf":[],"taxonomy_info":{"product-category":[{"value":75,"label":"AEOLUS Tire"},{"value":2,"label":"TBR"}]},"featured_image_src_large":["https:\/\/maxwindtyre.com\/wp-content\/uploads\/2025\/07\/TRIANGLE-TRD07-12R22.5-TRUCK-AND-BUS-TIRE.jpg",600,600,false],"author_info":[],"comment_info":"","_links":{"self":[{"href":"https:\/\/maxwindtyre.com\/es\/wp-json\/wp\/v2\/product\/13976","targetHints":{"allow":["GET"]}}],"collection":[{"href":"https:\/\/maxwindtyre.com\/es\/wp-json\/wp\/v2\/product"}],"about":[{"href":"https:\/\/maxwindtyre.com\/es\/wp-json\/wp\/v2\/types\/product"}],"wp:featuredmedia":[{"embeddable":true,"href":"https:\/\/maxwindtyre.com\/es\/wp-json\/wp\/v2\/media\/13890"}],"wp:attachment":[{"href":"https:\/\/maxwindtyre.com\/es\/wp-json\/wp\/v2\/media?parent=13976"}],"wp:term":[{"taxonomy":"product-category","embeddable":true,"href":"https:\/\/maxwindtyre.com\/es\/wp-json\/wp\/v2\/product-category?post=13976"}],"curies":[{"name":"wp","href":"https:\/\/api.w.org\/{rel}","templated":true}]}}