{"id":13824,"date":"2025-07-04T08:23:23","date_gmt":"2025-07-04T08:23:23","guid":{"rendered":"https:\/\/maxwindtyre.com\/product\/rydanz-rammer-r08-33x12-50r15lt-35x12-50r17lt-off-road-racing-tire-2\/"},"modified":"2025-07-04T08:23:23","modified_gmt":"2025-07-04T08:23:23","slug":"rydanz-rammer-r08-33x12-50r15lt-35x12-50r17lt-off-road-racing-tire-2","status":"publish","type":"product","link":"https:\/\/maxwindtyre.com\/es\/product\/rydanz-rammer-r08-33x12-50r15lt-35x12-50r17lt-off-road-racing-tire-2\/","title":{"rendered":"RYDANZ RAMMER R08 33\u00d712.50R15LT 35\u00d712.50R17LT NEUM\u00c1TICO DE COMPETICI\u00d3N OFF-ROAD"},"content":{"rendered":"<table id=\"tablepress-2053\" class=\"tablepress tablepress-id-2053 tbody-has-connected-cells\">\n<thead>\n<tr class=\"row-1\">\n\t<th class=\"column-1\"><strong>PATR\u00d3N<\/strong><\/th><th class=\"column-2\"><strong>TALLA<\/strong><\/th><th class=\"column-3\"><strong>PLY<\/strong><\/th><th class=\"column-4\"><strong>ANCHO DE LA SECCI\u00d3N<\/strong><\/th><th class=\"column-5\"><strong>DI\u00c1METRO TOTAL<\/strong><\/th><td class=\"column-6\"><\/td>\n<\/tr>\n<\/thead>\n<tbody class=\"row-striping row-hover\">\n<tr class=\"row-2\">\n\t<td rowspan=\"13\" class=\"column-1\">RAMMER R08<\/td><td class=\"column-2\">33x12.50R15LT<\/td><td class=\"column-3\">6PR<\/td><td class=\"column-4\">315<\/td><td class=\"column-5\">823<\/td><td class=\"column-6\"><\/td>\n<\/tr>\n<tr class=\"row-3\">\n\t<td class=\"column-2\">35x12.50R17LT<\/td><td class=\"column-3\">10PR<\/td><td class=\"column-4\">315<\/td><td class=\"column-5\">874<\/td><td class=\"column-6\"><\/td>\n<\/tr>\n<tr class=\"row-4\">\n\t<td class=\"column-2\">33x12.50R18LT<\/td><td class=\"column-3\">10PR<\/td><td class=\"column-4\">318<\/td><td class=\"column-5\">832<\/td><td class=\"column-6\"><\/td>\n<\/tr>\n<tr class=\"row-5\">\n\t<td class=\"column-2\">35x12.50R18LT<\/td><td class=\"column-3\">10PR<\/td><td class=\"column-4\">317<\/td><td class=\"column-5\">874<\/td><td class=\"column-6\"><\/td>\n<\/tr>\n<tr class=\"row-6\">\n\t<td class=\"column-2\">33x12.50R20LT<\/td><td class=\"column-3\">10PR<\/td><td class=\"column-4\">318<\/td><td class=\"column-5\">832<\/td><td class=\"column-6\"><\/td>\n<\/tr>\n<tr class=\"row-7\">\n\t<td class=\"column-2\">35x12.50R20LT<\/td><td class=\"column-3\">10PR<\/td><td class=\"column-4\">318<\/td><td class=\"column-5\">883<\/td><td class=\"column-6\"><\/td>\n<\/tr>\n<tr class=\"row-8\">\n\t<td class=\"column-2\">33x12.50R22LT<\/td><td class=\"column-3\">10PR<\/td><td class=\"column-4\">318<\/td><td class=\"column-5\">832<\/td><td class=\"column-6\"><\/td>\n<\/tr>\n<tr class=\"row-9\">\n\t<td class=\"column-2\">35x12.50R22LT<\/td><td class=\"column-3\">10PR<\/td><td class=\"column-4\">318<\/td><td class=\"column-5\">883<\/td><td class=\"column-6\"><\/td>\n<\/tr>\n<tr class=\"row-10\">\n\t<td class=\"column-2\">245\/75R16LT<\/td><td class=\"column-3\">10PR<\/td><td class=\"column-4\">248<\/td><td class=\"column-5\">780<\/td><td class=\"column-6\"><\/td>\n<\/tr>\n<tr class=\"row-11\">\n\t<td class=\"column-2\">265\/75R16LT<\/td><td class=\"column-3\">10PR<\/td><td class=\"column-4\">267<\/td><td class=\"column-5\">810<\/td><td class=\"column-6\"><\/td>\n<\/tr>\n<tr class=\"row-12\">\n\t<td class=\"column-2\">265\/70R17LT<\/td><td class=\"column-3\">10PR<\/td><td class=\"column-4\">272<\/td><td class=\"column-5\">810<\/td><td class=\"column-6\"><\/td>\n<\/tr>\n<tr class=\"row-13\">\n\t<td class=\"column-2\">285\/70R17LT<\/td><td class=\"column-3\">10PR<\/td><td class=\"column-4\">292<\/td><td class=\"column-5\">838<\/td><td class=\"column-6\"><\/td>\n<\/tr>\n<tr class=\"row-14\">\n\t<td class=\"column-2\">315\/70R17LT<\/td><td class=\"column-3\">10PR<\/td><td class=\"column-4\">323<\/td><td class=\"column-5\">880<\/td><td class=\"column-6\"><\/td>\n<\/tr>\n<\/tbody>\n<\/table>\n<!-- #tablepress-2053 from cache -->","protected":false},"featured_media":13789,"parent":0,"template":"","meta":{"_acf_changed":false,"_gspb_post_css":"","_kad_blocks_custom_css":"","_kad_blocks_head_custom_js":"","_kad_blocks_body_custom_js":"","_kad_blocks_footer_custom_js":"","_kad_post_transparent":"","_kad_post_title":"","_kad_post_layout":"","_kad_post_sidebar_id":"","_kad_post_content_style":"","_kad_post_vertical_padding":"","_kad_post_feature":"","_kad_post_feature_position":"","_kad_post_header":false,"_kad_post_footer":false,"_kad_post_classname":""},"product-category":[61,82],"class_list":["post-13824","product","type-product","status-publish","has-post-thumbnail","hentry","product-category-military","product-category-race-tire"],"acf":[],"taxonomy_info":{"product-category":[{"value":61,"label":"Military"},{"value":82,"label":"Race Tire"}]},"featured_image_src_large":["https:\/\/maxwindtyre.com\/wp-content\/uploads\/2025\/07\/RYDANZ-RAMMER-R08-33x12.50R15LT-35x12.50R17LT-OFF-ROAD-RACING-TIRE.jpg",600,600,false],"author_info":[],"comment_info":"","_links":{"self":[{"href":"https:\/\/maxwindtyre.com\/es\/wp-json\/wp\/v2\/product\/13824","targetHints":{"allow":["GET"]}}],"collection":[{"href":"https:\/\/maxwindtyre.com\/es\/wp-json\/wp\/v2\/product"}],"about":[{"href":"https:\/\/maxwindtyre.com\/es\/wp-json\/wp\/v2\/types\/product"}],"wp:featuredmedia":[{"embeddable":true,"href":"https:\/\/maxwindtyre.com\/es\/wp-json\/wp\/v2\/media\/13789"}],"wp:attachment":[{"href":"https:\/\/maxwindtyre.com\/es\/wp-json\/wp\/v2\/media?parent=13824"}],"wp:term":[{"taxonomy":"product-category","embeddable":true,"href":"https:\/\/maxwindtyre.com\/es\/wp-json\/wp\/v2\/product-category?post=13824"}],"curies":[{"name":"wp","href":"https:\/\/api.w.org\/{rel}","templated":true}]}}