{"id":13736,"date":"2025-06-26T09:04:37","date_gmt":"2025-06-26T09:04:37","guid":{"rendered":"https:\/\/maxwindtyre.com\/product\/runever-ru521-11r22-5-11r24-5-295-75r22-5-truck-and-bus-tires-2\/"},"modified":"2025-06-27T00:45:20","modified_gmt":"2025-06-27T00:45:20","slug":"runever-ru521-11r22-5-11r24-5-295-75r22-5-truck-and-bus-tires-2","status":"publish","type":"product","link":"https:\/\/maxwindtyre.com\/es\/product\/runever-ru521-11r22-5-11r24-5-295-75r22-5-truck-and-bus-tires-2\/","title":{"rendered":"RUNEVER RU521 11R22.5 11R24.5 295\/75R22.5 NEUM\u00c1TICOS PARA CAMI\u00d3N Y AUTOB\u00daS"},"content":{"rendered":"<table id=\"tablepress-1984\" class=\"tablepress tablepress-id-1984 tbody-has-connected-cells\">\n<thead>\n<tr class=\"row-1\">\n\t<th class=\"column-1\"><strong>PAETTERN<\/strong><\/th><th class=\"column-2\"><strong>TALLA<\/strong><\/th><th class=\"column-3\"><strong>LR\/PR<\/strong><\/th><th class=\"column-4\"><strong>\u00cdNDICE DE SERVICIOS<\/strong><\/th><th class=\"column-5\"><strong>LLANTA EST\u00c1NDAR<\/strong><\/th><th class=\"column-6\"><strong>PROFUNDIDAD DEL PELDA\u00d1O<br \/>\n(MM)<\/strong><\/th><th class=\"column-7\"><strong>DI\u00c1METRO TOTAL<br \/>\n(MM)<\/strong><\/th><th class=\"column-8\"><strong>ANCHO DE LA SECCI\u00d3N<br \/>\n(MM)<\/strong><\/th><th class=\"column-9\"><strong>TIPO<\/strong><\/th><td class=\"column-10\"><\/td>\n<\/tr>\n<\/thead>\n<tbody class=\"row-striping row-hover\">\n<tr class=\"row-2\">\n\t<td rowspan=\"3\" class=\"column-1\">RU521<\/td><td class=\"column-2\">11R22.5<\/td><td class=\"column-3\">H\/16<\/td><td class=\"column-4\">148\/145M<\/td><td class=\"column-5\">8.25<\/td><td class=\"column-6\">10.3<\/td><td class=\"column-7\">1054<\/td><td class=\"column-8\">279<\/td><td class=\"column-9\">TL<\/td><td class=\"column-10\"><\/td>\n<\/tr>\n<tr class=\"row-3\">\n\t<td class=\"column-2\">11R24.5<\/td><td class=\"column-3\">H\/16<\/td><td class=\"column-4\">149\/146M<\/td><td class=\"column-5\">8.25<\/td><td class=\"column-6\">10.3<\/td><td class=\"column-7\">1104<\/td><td class=\"column-8\">279<\/td><td class=\"column-9\">TL<\/td><td class=\"column-10\"><\/td>\n<\/tr>\n<tr class=\"row-4\">\n\t<td class=\"column-2\">295\/75R22.5<\/td><td class=\"column-3\">H\/16<\/td><td class=\"column-4\">146\/143M<\/td><td class=\"column-5\">9.00 <\/td><td class=\"column-6\">10.3<\/td><td class=\"column-7\">1014<\/td><td class=\"column-8\">298<\/td><td class=\"column-9\">TL<\/td><td class=\"column-10\"><\/td>\n<\/tr>\n<\/tbody>\n<\/table>\n<!-- #tablepress-1984 from cache -->","protected":false},"featured_media":11943,"parent":0,"template":"","meta":{"_acf_changed":false,"_gspb_post_css":"","_kad_blocks_custom_css":"","_kad_blocks_head_custom_js":"","_kad_blocks_body_custom_js":"","_kad_blocks_footer_custom_js":"","_kad_post_transparent":"","_kad_post_title":"","_kad_post_layout":"","_kad_post_sidebar_id":"","_kad_post_content_style":"","_kad_post_vertical_padding":"","_kad_post_feature":"","_kad_post_feature_position":"","_kad_post_header":false,"_kad_post_footer":false,"_kad_post_classname":""},"product-category":[77],"class_list":["post-13736","product","type-product","status-publish","has-post-thumbnail","hentry","product-category-maxwind-tire"],"acf":[],"taxonomy_info":{"product-category":[{"value":77,"label":"MAXWIND Tire"}]},"featured_image_src_large":["https:\/\/maxwindtyre.com\/wp-content\/uploads\/2025\/04\/RUNEVER-STEPRISING-RU521-11R22.5-11R24.5-295-75R22.5-TRUCK-TIRES.jpg",600,600,false],"author_info":[],"comment_info":"","_links":{"self":[{"href":"https:\/\/maxwindtyre.com\/es\/wp-json\/wp\/v2\/product\/13736","targetHints":{"allow":["GET"]}}],"collection":[{"href":"https:\/\/maxwindtyre.com\/es\/wp-json\/wp\/v2\/product"}],"about":[{"href":"https:\/\/maxwindtyre.com\/es\/wp-json\/wp\/v2\/types\/product"}],"wp:featuredmedia":[{"embeddable":true,"href":"https:\/\/maxwindtyre.com\/es\/wp-json\/wp\/v2\/media\/11943"}],"wp:attachment":[{"href":"https:\/\/maxwindtyre.com\/es\/wp-json\/wp\/v2\/media?parent=13736"}],"wp:term":[{"taxonomy":"product-category","embeddable":true,"href":"https:\/\/maxwindtyre.com\/es\/wp-json\/wp\/v2\/product-category?post=13736"}],"curies":[{"name":"wp","href":"https:\/\/api.w.org\/{rel}","templated":true}]}}