{"id":13728,"date":"2025-06-26T09:04:37","date_gmt":"2025-06-26T09:04:37","guid":{"rendered":"https:\/\/maxwindtyre.com\/product\/runever-ru826-7-00r16-11-00r20-315-80r22-5-truck-and-bus-tires-2\/"},"modified":"2025-06-26T09:04:37","modified_gmt":"2025-06-26T09:04:37","slug":"runever-ru826-7-00r16-11-00r20-315-80r22-5-truck-and-bus-tires-2","status":"publish","type":"product","link":"https:\/\/maxwindtyre.com\/es\/product\/runever-ru826-7-00r16-11-00r20-315-80r22-5-truck-and-bus-tires-2\/","title":{"rendered":"RUNEVER RU826 7.00R16 11.00R20 315\/80R22.5 NEUM\u00c1TICOS PARA CAMI\u00d3N Y AUTOB\u00daS"},"content":{"rendered":"<table id=\"tablepress-1997\" class=\"tablepress tablepress-id-1997 tbody-has-connected-cells\">\n<thead>\n<tr class=\"row-1\">\n\t<th class=\"column-1\"><strong>PAETTERN<\/strong><\/th><th class=\"column-2\"><strong>TALLA<\/strong><\/th><th class=\"column-3\"><strong>LR\/PR<\/strong><\/th><th class=\"column-4\"><strong>\u00cdNDICE DE SERVICIOS<\/strong><\/th><th class=\"column-5\"><strong>LLANTA EST\u00c1NDAR<\/strong><\/th><th class=\"column-6\"><strong>PROFUNDIDAD DEL PELDA\u00d1O<br \/>\n(MM)<\/strong><\/th><th class=\"column-7\"><strong>DI\u00c1METRO TOTAL<br \/>\n(MM)<\/strong><\/th><th class=\"column-8\"><strong>ANCHO DE LA SECCI\u00d3N<br \/>\n(MM)<\/strong><\/th><th class=\"column-9\"><strong>TIPO<\/strong><\/th><td class=\"column-10\"><\/td>\n<\/tr>\n<\/thead>\n<tbody class=\"row-striping row-hover\">\n<tr class=\"row-2\">\n\t<td rowspan=\"14\" class=\"column-1\">RU826<\/td><td class=\"column-2\">7.00R16<\/td><td class=\"column-3\">G\/14<\/td><td class=\"column-4\">118\/114L<\/td><td class=\"column-5\">5.50F<\/td><td class=\"column-6\">12.0 <\/td><td class=\"column-7\">775<\/td><td class=\"column-8\">200<\/td><td class=\"column-9\">TT<\/td><td class=\"column-10\"><\/td>\n<\/tr>\n<tr class=\"row-3\">\n\t<td class=\"column-2\">7.50R16LT<\/td><td class=\"column-3\">G\/14<\/td><td class=\"column-4\">122\/118L<\/td><td class=\"column-5\">6.00G<\/td><td class=\"column-6\">11.0 <\/td><td class=\"column-7\">805<\/td><td class=\"column-8\">215<\/td><td class=\"column-9\">TT<\/td><td class=\"column-10\"><\/td>\n<\/tr>\n<tr class=\"row-4\">\n\t<td class=\"column-2\">8.25R16LT<\/td><td class=\"column-3\">H\/16<\/td><td class=\"column-4\">128\/124L<\/td><td class=\"column-5\">6.50H<\/td><td class=\"column-6\">12.0 <\/td><td class=\"column-7\">855<\/td><td class=\"column-8\">235<\/td><td class=\"column-9\">TT<\/td><td class=\"column-10\"><\/td>\n<\/tr>\n<tr class=\"row-5\">\n\t<td class=\"column-2\">8.25R20<\/td><td class=\"column-3\">H\/16<\/td><td class=\"column-4\">139\/137L<\/td><td class=\"column-5\">6.5<\/td><td class=\"column-6\">14.0 <\/td><td class=\"column-7\">974<\/td><td class=\"column-8\">236<\/td><td class=\"column-9\">TT<\/td><td class=\"column-10\"><\/td>\n<\/tr>\n<tr class=\"row-6\">\n\t<td class=\"column-2\">9.00R20<\/td><td class=\"column-3\">H\/16<\/td><td class=\"column-4\">144\/142K<\/td><td class=\"column-5\">7.0 <\/td><td class=\"column-6\">15.5<\/td><td class=\"column-7\">1030<\/td><td class=\"column-8\">259<\/td><td class=\"column-9\">TT<\/td><td class=\"column-10\"><\/td>\n<\/tr>\n<tr class=\"row-7\">\n\t<td class=\"column-2\">10.00R20<\/td><td class=\"column-3\">J\/18<\/td><td class=\"column-4\">149\/146K<\/td><td class=\"column-5\">7.5<\/td><td class=\"column-6\">16.0 <\/td><td class=\"column-7\">1054<\/td><td class=\"column-8\">278<\/td><td class=\"column-9\">TT<\/td><td class=\"column-10\"><\/td>\n<\/tr>\n<tr class=\"row-8\">\n\t<td class=\"column-2\">11.00R20<\/td><td class=\"column-3\">J\/18<\/td><td class=\"column-4\">152\/149K<\/td><td class=\"column-5\">8.0 <\/td><td class=\"column-6\">16.5<\/td><td class=\"column-7\">1085<\/td><td class=\"column-8\">293<\/td><td class=\"column-9\">TT<\/td><td class=\"column-10\"><\/td>\n<\/tr>\n<tr class=\"row-9\">\n\t<td class=\"column-2\">11R22.5<\/td><td class=\"column-3\">H\/16<\/td><td class=\"column-4\">148\/145M<\/td><td class=\"column-5\">8.25<\/td><td class=\"column-6\">16.0 <\/td><td class=\"column-7\">1054<\/td><td class=\"column-8\">279<\/td><td class=\"column-9\">TL<\/td><td class=\"column-10\"><\/td>\n<\/tr>\n<tr class=\"row-10\">\n\t<td class=\"column-2\">11R24.5<\/td><td class=\"column-3\">H\/16<\/td><td class=\"column-4\">149\/146M<\/td><td class=\"column-5\">8.25<\/td><td class=\"column-6\">16.0 <\/td><td class=\"column-7\">1104<\/td><td class=\"column-8\">279<\/td><td class=\"column-9\">TL<\/td><td class=\"column-10\"><\/td>\n<\/tr>\n<tr class=\"row-11\">\n\t<td class=\"column-2\">12.00R20<\/td><td class=\"column-3\">L\/20<\/td><td class=\"column-4\">156\/153K<\/td><td class=\"column-5\">8.5<\/td><td class=\"column-6\">17.0 <\/td><td class=\"column-7\">1125<\/td><td class=\"column-8\">315<\/td><td class=\"column-9\">TT<\/td><td class=\"column-10\"><\/td>\n<\/tr>\n<tr class=\"row-12\">\n\t<td class=\"column-2\">12R22.5<\/td><td class=\"column-3\">J\/18<\/td><td class=\"column-4\">152\/149L<\/td><td class=\"column-5\">9.00 <\/td><td class=\"column-6\">16.5<\/td><td class=\"column-7\">1085<\/td><td class=\"column-8\">300<\/td><td class=\"column-9\">TL<\/td><td class=\"column-10\"><\/td>\n<\/tr>\n<tr class=\"row-13\">\n\t<td class=\"column-2\">12.00R24<\/td><td class=\"column-3\">L\/20<\/td><td class=\"column-4\">160\/157K<\/td><td class=\"column-5\">8.5<\/td><td class=\"column-6\">14.0 <\/td><td class=\"column-7\">1226<\/td><td class=\"column-8\">315<\/td><td class=\"column-9\">TT<\/td><td class=\"column-10\"><\/td>\n<\/tr>\n<tr class=\"row-14\">\n\t<td class=\"column-2\">13R22.5<\/td><td class=\"column-3\">L\/20<\/td><td class=\"column-4\">156\/153L<\/td><td class=\"column-5\">9.75<\/td><td class=\"column-6\">16.5<\/td><td class=\"column-7\">1124<\/td><td class=\"column-8\">320<\/td><td class=\"column-9\">TL<\/td><td class=\"column-10\"><\/td>\n<\/tr>\n<tr class=\"row-15\">\n\t<td class=\"column-2\">315\/80R22.5<\/td><td class=\"column-3\">L\/20<\/td><td class=\"column-4\">156\/150L<\/td><td class=\"column-5\">9.00 <\/td><td class=\"column-6\">15.0 <\/td><td class=\"column-7\">1076<\/td><td class=\"column-8\">312<\/td><td class=\"column-9\">TL<\/td><td class=\"column-10\"><\/td>\n<\/tr>\n<\/tbody>\n<\/table>\n<!-- #tablepress-1997 from cache -->","protected":false},"featured_media":13360,"parent":0,"template":"","meta":{"_acf_changed":false,"_gspb_post_css":"","_kad_blocks_custom_css":"","_kad_blocks_head_custom_js":"","_kad_blocks_body_custom_js":"","_kad_blocks_footer_custom_js":"","_kad_post_transparent":"","_kad_post_title":"","_kad_post_layout":"","_kad_post_sidebar_id":"","_kad_post_content_style":"","_kad_post_vertical_padding":"","_kad_post_feature":"","_kad_post_feature_position":"","_kad_post_header":false,"_kad_post_footer":false,"_kad_post_classname":""},"product-category":[77],"class_list":["post-13728","product","type-product","status-publish","has-post-thumbnail","hentry","product-category-maxwind-tire"],"acf":[],"taxonomy_info":{"product-category":[{"value":77,"label":"MAXWIND Tire"}]},"featured_image_src_large":["https:\/\/maxwindtyre.com\/wp-content\/uploads\/2025\/06\/RUNEVER-RU826-7.00R16-11.00R20-315-80R22.5-TRUCK-AND-BUS-TIRES.jpg",600,600,false],"author_info":[],"comment_info":"","_links":{"self":[{"href":"https:\/\/maxwindtyre.com\/es\/wp-json\/wp\/v2\/product\/13728","targetHints":{"allow":["GET"]}}],"collection":[{"href":"https:\/\/maxwindtyre.com\/es\/wp-json\/wp\/v2\/product"}],"about":[{"href":"https:\/\/maxwindtyre.com\/es\/wp-json\/wp\/v2\/types\/product"}],"wp:featuredmedia":[{"embeddable":true,"href":"https:\/\/maxwindtyre.com\/es\/wp-json\/wp\/v2\/media\/13360"}],"wp:attachment":[{"href":"https:\/\/maxwindtyre.com\/es\/wp-json\/wp\/v2\/media?parent=13728"}],"wp:term":[{"taxonomy":"product-category","embeddable":true,"href":"https:\/\/maxwindtyre.com\/es\/wp-json\/wp\/v2\/product-category?post=13728"}],"curies":[{"name":"wp","href":"https:\/\/api.w.org\/{rel}","templated":true}]}}