{"id":13720,"date":"2025-06-26T09:04:35","date_gmt":"2025-06-26T09:04:35","guid":{"rendered":"https:\/\/maxwindtyre.com\/product\/maxwind-wm790-225-80r17-5-truck-and-bus-tires-2\/"},"modified":"2025-06-26T09:04:35","modified_gmt":"2025-06-26T09:04:35","slug":"maxwind-wm790-225-80r17-5-truck-and-bus-tires-2","status":"publish","type":"product","link":"https:\/\/maxwindtyre.com\/es\/product\/maxwind-wm790-225-80r17-5-truck-and-bus-tires-2\/","title":{"rendered":"MAXWIND WM790+ 225\/80R17.5 NEUM\u00c1TICOS PARA CAMI\u00d3N Y AUTOB\u00daS"},"content":{"rendered":"<table id=\"tablepress-2048\" class=\"tablepress tablepress-id-2048\">\n<thead>\n<tr class=\"row-1\">\n\t<th class=\"column-1\"><strong>PAETTERN<\/strong><\/th><th class=\"column-2\"><strong>TALLA<\/strong><\/th><th class=\"column-3\"><strong>PR<\/strong><\/th><th class=\"column-4\"><strong>\u00cdNDICE DE CARGA<\/strong><\/th><th class=\"column-5\"><strong>S\u00cdMBOLO DE VELOCIDAD<\/strong><\/th><th class=\"column-6\"><strong>LLANTA EST\u00c1NDAR<\/strong><\/th><th class=\"column-7\"><strong>PROFUNDIDAD DEL PELDA\u00d1O<br \/>\n(MM)<\/strong><\/th><th class=\"column-8\"><strong>ANCHO DE BANDA<br \/>\n(MM)<\/strong><\/th><th class=\"column-9\"><strong>ANCHO DE LA SECCI\u00d3N<br \/>\n(MM)<\/strong><\/th><th class=\"column-10\"><strong>DI\u00c1METRO TOTAL<br \/>\n(MM)<\/strong><\/th><td class=\"column-11\"><\/td>\n<\/tr>\n<\/thead>\n<tbody class=\"row-striping row-hover\">\n<tr class=\"row-2\">\n\t<td class=\"column-1\">WM790+<\/td><td class=\"column-2\">225\/80R17.5<\/td><td class=\"column-3\">16<\/td><td class=\"column-4\">129\/127<\/td><td class=\"column-5\">J<\/td><td class=\"column-6\">6.75<\/td><td class=\"column-7\">15<\/td><td class=\"column-8\">185<\/td><td class=\"column-9\">222<\/td><td class=\"column-10\">805<\/td><td class=\"column-11\"><\/td>\n<\/tr>\n<\/tbody>\n<\/table>\n<!-- #tablepress-2048 from cache -->","protected":false},"featured_media":13342,"parent":0,"template":"","meta":{"_acf_changed":false,"_gspb_post_css":"","_kad_blocks_custom_css":"","_kad_blocks_head_custom_js":"","_kad_blocks_body_custom_js":"","_kad_blocks_footer_custom_js":"","_kad_post_transparent":"","_kad_post_title":"","_kad_post_layout":"","_kad_post_sidebar_id":"","_kad_post_content_style":"","_kad_post_vertical_padding":"","_kad_post_feature":"","_kad_post_feature_position":"","_kad_post_header":false,"_kad_post_footer":false,"_kad_post_classname":""},"product-category":[77],"class_list":["post-13720","product","type-product","status-publish","has-post-thumbnail","hentry","product-category-maxwind-tire"],"acf":[],"taxonomy_info":{"product-category":[{"value":77,"label":"MAXWIND Tire"}]},"featured_image_src_large":["https:\/\/maxwindtyre.com\/wp-content\/uploads\/2025\/06\/MAXWIND-WM790-225-80R17.5-TRUCK-AND-BUS-TIRES.jpg",600,600,false],"author_info":[],"comment_info":"","_links":{"self":[{"href":"https:\/\/maxwindtyre.com\/es\/wp-json\/wp\/v2\/product\/13720","targetHints":{"allow":["GET"]}}],"collection":[{"href":"https:\/\/maxwindtyre.com\/es\/wp-json\/wp\/v2\/product"}],"about":[{"href":"https:\/\/maxwindtyre.com\/es\/wp-json\/wp\/v2\/types\/product"}],"wp:featuredmedia":[{"embeddable":true,"href":"https:\/\/maxwindtyre.com\/es\/wp-json\/wp\/v2\/media\/13342"}],"wp:attachment":[{"href":"https:\/\/maxwindtyre.com\/es\/wp-json\/wp\/v2\/media?parent=13720"}],"wp:term":[{"taxonomy":"product-category","embeddable":true,"href":"https:\/\/maxwindtyre.com\/es\/wp-json\/wp\/v2\/product-category?post=13720"}],"curies":[{"name":"wp","href":"https:\/\/api.w.org\/{rel}","templated":true}]}}