{"id":13698,"date":"2025-06-26T09:04:34","date_gmt":"2025-06-26T09:04:34","guid":{"rendered":"https:\/\/maxwindtyre.com\/product\/supermeallir-pl929-12-00r20-truck-and-bus-tires-2\/"},"modified":"2025-06-27T00:51:37","modified_gmt":"2025-06-27T00:51:37","slug":"supermeallir-pl929-12-00r20-truck-and-bus-tires-2","status":"publish","type":"product","link":"https:\/\/maxwindtyre.com\/es\/product\/supermeallir-pl929-12-00r20-truck-and-bus-tires-2\/","title":{"rendered":"SUPERMEALLIR PL929 12.00R20 NEUM\u00c1TICOS PARA CAMI\u00d3N Y AUTOB\u00daS"},"content":{"rendered":"<table id=\"tablepress-1979\" class=\"tablepress tablepress-id-1979\">\n<thead>\n<tr class=\"row-1\">\n\t<th class=\"column-1\"><strong>PAETTERN<\/strong><\/th><th class=\"column-2\"><strong>TALLA<\/strong><\/th><th class=\"column-3\"><strong>\u00cdNDICE DE CAPAS<\/strong><\/th><th class=\"column-4\"><strong>\u00cdNDICE DE CARGA<\/strong><\/th><th class=\"column-5\"><strong>VELOCIDAD<\/strong><\/th><th class=\"column-6\"><strong>RIM<\/strong><\/th><th class=\"column-7\"><strong>DI\u00c1METRO<br \/>\n(MM)<\/strong><\/th><td class=\"column-8\"><\/td>\n<\/tr>\n<\/thead>\n<tbody class=\"row-striping row-hover\">\n<tr class=\"row-2\">\n\t<td class=\"column-1\">PL929<\/td><td class=\"column-2\">12.00R20<\/td><td class=\"column-3\">20PR<\/td><td class=\"column-4\">156\/153<\/td><td class=\"column-5\">D<\/td><td class=\"column-6\">8.50 <\/td><td class=\"column-7\">1125<\/td><td class=\"column-8\"><\/td>\n<\/tr>\n<\/tbody>\n<\/table>","protected":false},"featured_media":13399,"parent":0,"template":"","meta":{"_acf_changed":false,"_gspb_post_css":"","_kad_blocks_custom_css":"","_kad_blocks_head_custom_js":"","_kad_blocks_body_custom_js":"","_kad_blocks_footer_custom_js":"","_kad_post_transparent":"","_kad_post_title":"","_kad_post_layout":"","_kad_post_sidebar_id":"","_kad_post_content_style":"","_kad_post_vertical_padding":"","_kad_post_feature":"","_kad_post_feature_position":"","_kad_post_header":false,"_kad_post_footer":false,"_kad_post_classname":""},"product-category":[77],"class_list":["post-13698","product","type-product","status-publish","has-post-thumbnail","hentry","product-category-maxwind-tire"],"acf":[],"taxonomy_info":{"product-category":[{"value":77,"label":"MAXWIND Tire"}]},"featured_image_src_large":["https:\/\/maxwindtyre.com\/wp-content\/uploads\/2025\/06\/SUPERMEALLIR-PL929-12.00R20-TRUCK-AND-BUS-TIRES.png",600,600,false],"author_info":[],"comment_info":"","_links":{"self":[{"href":"https:\/\/maxwindtyre.com\/es\/wp-json\/wp\/v2\/product\/13698","targetHints":{"allow":["GET"]}}],"collection":[{"href":"https:\/\/maxwindtyre.com\/es\/wp-json\/wp\/v2\/product"}],"about":[{"href":"https:\/\/maxwindtyre.com\/es\/wp-json\/wp\/v2\/types\/product"}],"wp:featuredmedia":[{"embeddable":true,"href":"https:\/\/maxwindtyre.com\/es\/wp-json\/wp\/v2\/media\/13399"}],"wp:attachment":[{"href":"https:\/\/maxwindtyre.com\/es\/wp-json\/wp\/v2\/media?parent=13698"}],"wp:term":[{"taxonomy":"product-category","embeddable":true,"href":"https:\/\/maxwindtyre.com\/es\/wp-json\/wp\/v2\/product-category?post=13698"}],"curies":[{"name":"wp","href":"https:\/\/api.w.org\/{rel}","templated":true}]}}