{"id":13640,"date":"2025-06-26T09:04:28","date_gmt":"2025-06-26T09:04:28","guid":{"rendered":"https:\/\/maxwindtyre.com\/product\/toprunner-cr930-12-00r20-truck-and-bus-tires-2\/"},"modified":"2025-06-26T09:04:28","modified_gmt":"2025-06-26T09:04:28","slug":"toprunner-cr930-12-00r20-truck-and-bus-tires-2","status":"publish","type":"product","link":"https:\/\/maxwindtyre.com\/es\/product\/toprunner-cr930-12-00r20-truck-and-bus-tires-2\/","title":{"rendered":"TOPRUNNER CR930 12.00R20 NEUM\u00c1TICOS PARA CAMI\u00d3N Y AUTOB\u00daS"},"content":{"rendered":"<table id=\"tablepress-1919\" class=\"tablepress tablepress-id-1919\">\n<thead>\n<tr class=\"row-1\">\n\t<th class=\"column-1\"><strong>PAETTERN<\/strong><\/th><th class=\"column-2\"><strong>TALLA<\/strong><\/th><th class=\"column-3\"><strong>\u00cdNDICE DE CAPAS<\/strong><\/th><th class=\"column-4\"><strong>LLANTA EST\u00c1NDAR<\/strong><\/th><th class=\"column-5\"><strong>\u00cdNDICE DE CARGA<\/strong><\/th><th class=\"column-6\"><strong>\u00cdNDICE DE VELOCIDAD<\/strong><\/th><th class=\"column-7\"><strong>DI\u00c1METRO TOTAL<\/strong><\/th><th class=\"column-8\"><strong>ANCHO DE LA SECCI\u00d3N<\/strong><\/th><th class=\"column-9\"><strong>PROFUNDIDAD DEL PELDA\u00d1O<\/strong><\/th><td class=\"column-10\"><\/td>\n<\/tr>\n<\/thead>\n<tbody class=\"row-striping row-hover\">\n<tr class=\"row-2\">\n\t<td class=\"column-1\">CR930<\/td><td class=\"column-2\">12.00R20<\/td><td class=\"column-3\">20<\/td><td class=\"column-4\">8.5 <\/td><td class=\"column-5\">156\/153<\/td><td class=\"column-6\">K<\/td><td class=\"column-7\">1125<\/td><td class=\"column-8\">315<\/td><td class=\"column-9\">20.50 <\/td><td class=\"column-10\"><\/td>\n<\/tr>\n<\/tbody>\n<\/table>\n<!-- #tablepress-1919 from cache -->","protected":false},"featured_media":13438,"parent":0,"template":"","meta":{"_acf_changed":false,"_gspb_post_css":"","_kad_blocks_custom_css":"","_kad_blocks_head_custom_js":"","_kad_blocks_body_custom_js":"","_kad_blocks_footer_custom_js":"","_kad_post_transparent":"","_kad_post_title":"","_kad_post_layout":"","_kad_post_sidebar_id":"","_kad_post_content_style":"","_kad_post_vertical_padding":"","_kad_post_feature":"","_kad_post_feature_position":"","_kad_post_header":false,"_kad_post_footer":false,"_kad_post_classname":""},"product-category":[77],"class_list":["post-13640","product","type-product","status-publish","has-post-thumbnail","hentry","product-category-maxwind-tire"],"acf":[],"taxonomy_info":{"product-category":[{"value":77,"label":"MAXWIND Tire"}]},"featured_image_src_large":["https:\/\/maxwindtyre.com\/wp-content\/uploads\/2025\/06\/TOPRUNNER-CR930-12.00R20-TRUCK-AND-BUS-TIRES.jpg",600,600,false],"author_info":[],"comment_info":"","_links":{"self":[{"href":"https:\/\/maxwindtyre.com\/es\/wp-json\/wp\/v2\/product\/13640","targetHints":{"allow":["GET"]}}],"collection":[{"href":"https:\/\/maxwindtyre.com\/es\/wp-json\/wp\/v2\/product"}],"about":[{"href":"https:\/\/maxwindtyre.com\/es\/wp-json\/wp\/v2\/types\/product"}],"wp:featuredmedia":[{"embeddable":true,"href":"https:\/\/maxwindtyre.com\/es\/wp-json\/wp\/v2\/media\/13438"}],"wp:attachment":[{"href":"https:\/\/maxwindtyre.com\/es\/wp-json\/wp\/v2\/media?parent=13640"}],"wp:term":[{"taxonomy":"product-category","embeddable":true,"href":"https:\/\/maxwindtyre.com\/es\/wp-json\/wp\/v2\/product-category?post=13640"}],"curies":[{"name":"wp","href":"https:\/\/api.w.org\/{rel}","templated":true}]}}