{"id":13627,"date":"2025-06-26T09:04:28","date_gmt":"2025-06-26T09:04:28","guid":{"rendered":"https:\/\/maxwindtyre.com\/product\/toprunner-cr913-8-25r20-9-00r20-11-00r20-truck-and-bus-tires-2\/"},"modified":"2025-06-26T09:04:28","modified_gmt":"2025-06-26T09:04:28","slug":"toprunner-cr913-8-25r20-9-00r20-11-00r20-truck-and-bus-tires-2","status":"publish","type":"product","link":"https:\/\/maxwindtyre.com\/es\/product\/toprunner-cr913-8-25r20-9-00r20-11-00r20-truck-and-bus-tires-2\/","title":{"rendered":"TOPRUNNER CR913 8.25R20 9.00R20 11.00R20 NEUM\u00c1TICOS PARA CAMI\u00d3N Y AUTOB\u00daS"},"content":{"rendered":"<table id=\"tablepress-1908\" class=\"tablepress tablepress-id-1908 tbody-has-connected-cells\">\n<thead>\n<tr class=\"row-1\">\n\t<th class=\"column-1\"><strong>PAETTERN<\/strong><\/th><th class=\"column-2\"><strong>TALLA<\/strong><\/th><th class=\"column-3\"><strong>\u00cdNDICE DE CAPAS<\/strong><\/th><th class=\"column-4\"><strong>LLANTA EST\u00c1NDAR<\/strong><\/th><th class=\"column-5\"><strong>\u00cdNDICE DE CARGA<\/strong><\/th><th class=\"column-6\"><strong>\u00cdNDICE DE VELOCIDAD<\/strong><\/th><th class=\"column-7\"><strong>DI\u00c1METRO TOTAL<\/strong><\/th><th class=\"column-8\"><strong>ANCHO DE LA SECCI\u00d3N<\/strong><\/th><th class=\"column-9\"><strong>PROFUNDIDAD DEL PELDA\u00d1O<\/strong><\/th><td class=\"column-10\"><\/td>\n<\/tr>\n<\/thead>\n<tbody class=\"row-striping row-hover\">\n<tr class=\"row-2\">\n\t<td rowspan=\"7\" class=\"column-1\">CR913<\/td><td class=\"column-2\">7.50R16<\/td><td class=\"column-3\">14\/16<\/td><td class=\"column-4\">6.00G<\/td><td class=\"column-5\">122\/118<\/td><td class=\"column-6\">L<\/td><td class=\"column-7\">805<\/td><td class=\"column-8\">215<\/td><td class=\"column-9\">14.50 <\/td><td class=\"column-10\"><\/td>\n<\/tr>\n<tr class=\"row-3\">\n\t<td class=\"column-2\">8.25R16<\/td><td class=\"column-3\">16<\/td><td class=\"column-4\">6.50H<\/td><td class=\"column-5\">128\/124<\/td><td class=\"column-6\">L<\/td><td class=\"column-7\">855<\/td><td class=\"column-8\">235<\/td><td class=\"column-9\">15.50 <\/td><td class=\"column-10\"><\/td>\n<\/tr>\n<tr class=\"row-4\">\n\t<td class=\"column-2\">8.25R20<\/td><td class=\"column-3\">16<\/td><td class=\"column-4\">6.5<\/td><td class=\"column-5\">139\/137<\/td><td class=\"column-6\">L<\/td><td class=\"column-7\">986<\/td><td class=\"column-8\">236<\/td><td class=\"column-9\">15.00 <\/td><td class=\"column-10\"><\/td>\n<\/tr>\n<tr class=\"row-5\">\n\t<td class=\"column-2\">9.00R20<\/td><td class=\"column-3\">16<\/td><td class=\"column-4\">7.0 <\/td><td class=\"column-5\">144\/142<\/td><td class=\"column-6\">L<\/td><td class=\"column-7\">1019<\/td><td class=\"column-8\">259<\/td><td class=\"column-9\">16.00 <\/td><td class=\"column-10\"><\/td>\n<\/tr>\n<tr class=\"row-6\">\n\t<td class=\"column-2\">10.00R20<\/td><td class=\"column-3\">18<\/td><td class=\"column-4\">7.5<\/td><td class=\"column-5\">149\/146<\/td><td class=\"column-6\">L<\/td><td class=\"column-7\">1054<\/td><td class=\"column-8\">278<\/td><td class=\"column-9\">19.00 <\/td><td class=\"column-10\"><\/td>\n<\/tr>\n<tr class=\"row-7\">\n\t<td class=\"column-2\">11.00R20<\/td><td class=\"column-3\">18<\/td><td class=\"column-4\">8.0 <\/td><td class=\"column-5\">152\/149<\/td><td class=\"column-6\">L<\/td><td class=\"column-7\">1085<\/td><td class=\"column-8\">293<\/td><td class=\"column-9\">20.00 <\/td><td class=\"column-10\"><\/td>\n<\/tr>\n<tr class=\"row-8\">\n\t<td class=\"column-2\">12.00R20<\/td><td class=\"column-3\">20<\/td><td class=\"column-4\">8.5<\/td><td class=\"column-5\">156\/153<\/td><td class=\"column-6\">K<\/td><td class=\"column-7\">1125<\/td><td class=\"column-8\">315<\/td><td class=\"column-9\">21.00 <\/td><td class=\"column-10\"><\/td>\n<\/tr>\n<\/tbody>\n<\/table>\n<!-- #tablepress-1908 from cache -->","protected":false},"featured_media":13427,"parent":0,"template":"","meta":{"_acf_changed":false,"_gspb_post_css":"","_kad_blocks_custom_css":"","_kad_blocks_head_custom_js":"","_kad_blocks_body_custom_js":"","_kad_blocks_footer_custom_js":"","_kad_post_transparent":"","_kad_post_title":"","_kad_post_layout":"","_kad_post_sidebar_id":"","_kad_post_content_style":"","_kad_post_vertical_padding":"","_kad_post_feature":"","_kad_post_feature_position":"","_kad_post_header":false,"_kad_post_footer":false,"_kad_post_classname":""},"product-category":[77],"class_list":["post-13627","product","type-product","status-publish","has-post-thumbnail","hentry","product-category-maxwind-tire"],"acf":[],"taxonomy_info":{"product-category":[{"value":77,"label":"MAXWIND Tire"}]},"featured_image_src_large":["https:\/\/maxwindtyre.com\/wp-content\/uploads\/2025\/06\/TOPRUNNER-CR913-8.25R20-9.00R20-11.00R20-TRUCK-AND-BUS-TIRES.jpg",600,600,false],"author_info":[],"comment_info":"","_links":{"self":[{"href":"https:\/\/maxwindtyre.com\/es\/wp-json\/wp\/v2\/product\/13627","targetHints":{"allow":["GET"]}}],"collection":[{"href":"https:\/\/maxwindtyre.com\/es\/wp-json\/wp\/v2\/product"}],"about":[{"href":"https:\/\/maxwindtyre.com\/es\/wp-json\/wp\/v2\/types\/product"}],"wp:featuredmedia":[{"embeddable":true,"href":"https:\/\/maxwindtyre.com\/es\/wp-json\/wp\/v2\/media\/13427"}],"wp:attachment":[{"href":"https:\/\/maxwindtyre.com\/es\/wp-json\/wp\/v2\/media?parent=13627"}],"wp:term":[{"taxonomy":"product-category","embeddable":true,"href":"https:\/\/maxwindtyre.com\/es\/wp-json\/wp\/v2\/product-category?post=13627"}],"curies":[{"name":"wp","href":"https:\/\/api.w.org\/{rel}","templated":true}]}}