{"id":12964,"date":"2025-05-08T02:24:05","date_gmt":"2025-05-08T02:24:05","guid":{"rendered":"https:\/\/maxwindtyre.com\/product\/lawn-gardern-tyre-p5016-4-10-4-4-10-6-4-80-8-18x6-5-8-atv-tyre-2\/"},"modified":"2025-05-08T02:24:05","modified_gmt":"2025-05-08T02:24:05","slug":"lawn-gardern-tyre-p5016-4-10-4-4-10-6-4-80-8-18x6-5-8-atv-tyre-2","status":"publish","type":"product","link":"https:\/\/maxwindtyre.com\/es\/product\/lawn-gardern-tyre-p5016-4-10-4-4-10-6-4-80-8-18x6-5-8-atv-tyre-2\/","title":{"rendered":"NEUM\u00c1TICO PARA C\u00c9SPED Y JARD\u00cdN P5016 4.10-4 4.10-6 4.80-8 18X6.5-8 neum\u00e1tico atv"},"content":{"rendered":"<table id=\"tablepress-P5016\" class=\"tablepress tablepress-id-P5016\">\n<thead>\n<tr class=\"row-1\">\n\t<th class=\"column-1\">PATR\u00d3N<\/th><th class=\"column-2\">TALLA<\/th><th class=\"column-3\">TT\/TL<\/th><th class=\"column-4\">PLY<\/th>\n<\/tr>\n<\/thead>\n<tbody class=\"row-striping row-hover\">\n<tr class=\"row-2\">\n\t<td class=\"column-1\">P5016<\/td><td class=\"column-2\">4.10-4<\/td><td class=\"column-3\">TL<\/td><td class=\"column-4\">2<\/td>\n<\/tr>\n<tr class=\"row-3\">\n\t<td class=\"column-1\">P5016<\/td><td class=\"column-2\">4.10-6<\/td><td class=\"column-3\">TL<\/td><td class=\"column-4\">2<\/td>\n<\/tr>\n<tr class=\"row-4\">\n\t<td class=\"column-1\">P5016<\/td><td class=\"column-2\">13X5.00-6<\/td><td class=\"column-3\">TL<\/td><td class=\"column-4\">2<\/td>\n<\/tr>\n<tr class=\"row-5\">\n\t<td class=\"column-1\">P5016<\/td><td class=\"column-2\">4.80-8<\/td><td class=\"column-3\">TL<\/td><td class=\"column-4\">2<\/td>\n<\/tr>\n<tr class=\"row-6\">\n\t<td class=\"column-1\">P5016<\/td><td class=\"column-2\">16X6.50-8<\/td><td class=\"column-3\">TL<\/td><td class=\"column-4\">2<\/td>\n<\/tr>\n<tr class=\"row-7\">\n\t<td class=\"column-1\">P5016<\/td><td class=\"column-2\">16X6.50-8<\/td><td class=\"column-3\">TL<\/td><td class=\"column-4\">4<\/td>\n<\/tr>\n<tr class=\"row-8\">\n\t<td class=\"column-1\">P5016<\/td><td class=\"column-2\">18X6.5-8<\/td><td class=\"column-3\">TL<\/td><td class=\"column-4\">2<\/td>\n<\/tr>\n<tr class=\"row-9\">\n\t<td class=\"column-1\">P5016<\/td><td class=\"column-2\">18X6.5-8<\/td><td class=\"column-3\">TL<\/td><td class=\"column-4\">4<\/td>\n<\/tr>\n<\/tbody>\n<\/table>\n<!-- #tablepress-P5016 from cache -->","protected":false},"featured_media":12885,"parent":0,"template":"","meta":{"_acf_changed":false,"_gspb_post_css":"","_kad_blocks_custom_css":"","_kad_blocks_head_custom_js":"","_kad_blocks_body_custom_js":"","_kad_blocks_footer_custom_js":"","_kad_post_transparent":"","_kad_post_title":"","_kad_post_layout":"","_kad_post_sidebar_id":"","_kad_post_content_style":"","_kad_post_vertical_padding":"","_kad_post_feature":"","_kad_post_feature_position":"","_kad_post_header":false,"_kad_post_footer":false,"_kad_post_classname":""},"product-category":[62,61],"class_list":["post-12964","product","type-product","status-publish","has-post-thumbnail","hentry","product-category-atv-utv","product-category-military"],"acf":[],"taxonomy_info":{"product-category":[{"value":62,"label":"ATV\/UTV Tire"},{"value":61,"label":"Military"}]},"featured_image_src_large":["https:\/\/maxwindtyre.com\/wp-content\/uploads\/2025\/05\/LAWN-GARDERN-tyre-P5016-4.10-4-4.10-6-4.80-8-18X6.5-8-atv-tyre.jpg",640,640,false],"author_info":[],"comment_info":"","_links":{"self":[{"href":"https:\/\/maxwindtyre.com\/es\/wp-json\/wp\/v2\/product\/12964","targetHints":{"allow":["GET"]}}],"collection":[{"href":"https:\/\/maxwindtyre.com\/es\/wp-json\/wp\/v2\/product"}],"about":[{"href":"https:\/\/maxwindtyre.com\/es\/wp-json\/wp\/v2\/types\/product"}],"wp:featuredmedia":[{"embeddable":true,"href":"https:\/\/maxwindtyre.com\/es\/wp-json\/wp\/v2\/media\/12885"}],"wp:attachment":[{"href":"https:\/\/maxwindtyre.com\/es\/wp-json\/wp\/v2\/media?parent=12964"}],"wp:term":[{"taxonomy":"product-category","embeddable":true,"href":"https:\/\/maxwindtyre.com\/es\/wp-json\/wp\/v2\/product-category?post=12964"}],"curies":[{"name":"wp","href":"https:\/\/api.w.org\/{rel}","templated":true}]}}