{"id":10710,"date":"2025-04-09T09:25:15","date_gmt":"2025-04-09T09:25:15","guid":{"rendered":"https:\/\/maxwindtyre.com\/product\/chaoyang-goodride-westlake-as898-9-5r17-5-12r22-5-315-80r22-5-all-steel-truck-bus-radial-tires-2\/"},"modified":"2025-04-09T09:25:15","modified_gmt":"2025-04-09T09:25:15","slug":"chaoyang-goodride-westlake-as898-9-5r17-5-12r22-5-315-80r22-5-all-steel-truck-bus-radial-tires-2","status":"publish","type":"product","link":"https:\/\/maxwindtyre.com\/es\/product\/chaoyang-goodride-westlake-as898-9-5r17-5-12r22-5-315-80r22-5-all-steel-truck-bus-radial-tires-2\/","title":{"rendered":"CHAOYANG\/GOODRIDE\/WESTLAKE AS898 9.5R17.5 12R22.5 315\/80R22.5 ALL STEEL NEUM\u00c1TICOS RADIALES PARA CAMI\u00d3N Y AUTOB\u00daS"},"content":{"rendered":"<table id=\"tablepress-AS898\" class=\"tablepress tablepress-id-AS898\">\n<thead>\n<tr class=\"row-1\">\n\t<th class=\"column-1\">PATR\u00d3N<\/th><th class=\"column-2\">TALLA<\/th><th class=\"column-3\">LR\/PR<\/th><th class=\"column-4\">PROFUNDIDAD DEL PELDA\u00d1O<br \/>\r\n(MM)<\/th><th class=\"column-5\">LLANTA EST\u00c1NDAR<\/th><th class=\"column-6\">DI\u00c1METRO TOTAL<br \/>\r\n(MM)<\/th><th class=\"column-7\">ANCHO DE LA SECCI\u00d3N<br \/>\r\n(MM)<\/th>\n<\/tr>\n<\/thead>\n<tbody class=\"row-striping row-hover\">\n<tr class=\"row-2\">\n\t<td class=\"column-1\">AS898<\/td><td class=\"column-2\">11.00R20<\/td><td class=\"column-3\">J\/18<\/td><td class=\"column-4\">8.00 <\/td><td class=\"column-5\">1085 <\/td><td class=\"column-6\">293 <\/td><td class=\"column-7\">3550 <\/td>\n<\/tr>\n<tr class=\"row-3\">\n\t<td class=\"column-1\">AS898<\/td><td class=\"column-2\">9.5R17.5<\/td><td class=\"column-3\">J\/18<\/td><td class=\"column-4\">6.75 <\/td><td class=\"column-5\">840 <\/td><td class=\"column-6\">234 <\/td><td class=\"column-7\">2725 <\/td>\n<\/tr>\n<tr class=\"row-4\">\n\t<td class=\"column-1\">AS898<\/td><td class=\"column-2\">215\/75R17.5<\/td><td class=\"column-3\">H\/16<\/td><td class=\"column-4\">6.00 <\/td><td class=\"column-5\">765 <\/td><td class=\"column-6\">216 <\/td><td class=\"column-7\">2180 <\/td>\n<\/tr>\n<tr class=\"row-5\">\n\t<td class=\"column-1\">AS898<\/td><td class=\"column-2\">235\/75R17.5<\/td><td class=\"column-3\">H\/16<\/td><td class=\"column-4\">6.75 <\/td><td class=\"column-5\">792 <\/td><td class=\"column-6\">236 <\/td><td class=\"column-7\">2725 <\/td>\n<\/tr>\n<tr class=\"row-6\">\n\t<td class=\"column-1\">AS898<\/td><td class=\"column-2\">11R22.5<\/td><td class=\"column-3\">H\/16<\/td><td class=\"column-4\">8.25 <\/td><td class=\"column-5\">1054 <\/td><td class=\"column-6\">279 <\/td><td class=\"column-7\">3150 <\/td>\n<\/tr>\n<tr class=\"row-7\">\n\t<td class=\"column-1\">AS898<\/td><td class=\"column-2\">12R22.5<\/td><td class=\"column-3\">J\/18<\/td><td class=\"column-4\">9.00 <\/td><td class=\"column-5\">1085 <\/td><td class=\"column-6\">300 <\/td><td class=\"column-7\">3550 <\/td>\n<\/tr>\n<tr class=\"row-8\">\n\t<td class=\"column-1\">AS898<\/td><td class=\"column-2\">295\/80R22.5<\/td><td class=\"column-3\">J\/18<\/td><td class=\"column-4\">9.00 <\/td><td class=\"column-5\">1044 <\/td><td class=\"column-6\">298 <\/td><td class=\"column-7\">3550 <\/td>\n<\/tr>\n<tr class=\"row-9\">\n\t<td class=\"column-1\">AS898<\/td><td class=\"column-2\">315\/80R22.5<\/td><td class=\"column-3\">J\/18<\/td><td class=\"column-4\">9.00 <\/td><td class=\"column-5\">1076 <\/td><td class=\"column-6\">312 <\/td><td class=\"column-7\">3750 <\/td>\n<\/tr>\n<\/tbody>\n<\/table>\n<!-- #tablepress-AS898 from cache -->","protected":false},"featured_media":10825,"parent":0,"template":"","meta":{"_acf_changed":false,"_gspb_post_css":"","_kad_blocks_custom_css":"","_kad_blocks_head_custom_js":"","_kad_blocks_body_custom_js":"","_kad_blocks_footer_custom_js":"","_kad_post_transparent":"","_kad_post_title":"","_kad_post_layout":"","_kad_post_sidebar_id":"","_kad_post_content_style":"","_kad_post_vertical_padding":"","_kad_post_feature":"","_kad_post_feature_position":"","_kad_post_header":false,"_kad_post_footer":false,"_kad_post_classname":""},"product-category":[71,2],"class_list":["post-10710","product","type-product","status-publish","has-post-thumbnail","hentry","product-category-chaoyang-goodride-westlake-tyre","product-category-tbr"],"acf":[],"taxonomy_info":{"product-category":[{"value":71,"label":"CHAOYANG\/GOODRIDE\/WESTLAKE Tire"},{"value":2,"label":"TBR"}]},"featured_image_src_large":["https:\/\/maxwindtyre.com\/wp-content\/uploads\/2025\/04\/CHAOYANG-GOODRIDE-WESTLAKE-AS898-9.5R17.5-12R22.5-315-80R22.5-ALL-STEEL-TRUCK-BUS-RADIAL-TIRES-1.jpg",600,600,false],"author_info":[],"comment_info":"","_links":{"self":[{"href":"https:\/\/maxwindtyre.com\/es\/wp-json\/wp\/v2\/product\/10710","targetHints":{"allow":["GET"]}}],"collection":[{"href":"https:\/\/maxwindtyre.com\/es\/wp-json\/wp\/v2\/product"}],"about":[{"href":"https:\/\/maxwindtyre.com\/es\/wp-json\/wp\/v2\/types\/product"}],"wp:featuredmedia":[{"embeddable":true,"href":"https:\/\/maxwindtyre.com\/es\/wp-json\/wp\/v2\/media\/10825"}],"wp:attachment":[{"href":"https:\/\/maxwindtyre.com\/es\/wp-json\/wp\/v2\/media?parent=10710"}],"wp:term":[{"taxonomy":"product-category","embeddable":true,"href":"https:\/\/maxwindtyre.com\/es\/wp-json\/wp\/v2\/product-category?post=10710"}],"curies":[{"name":"wp","href":"https:\/\/api.w.org\/{rel}","templated":true}]}}